{"id":8154,"date":"2025-01-10T14:53:37","date_gmt":"2025-01-10T12:53:37","guid":{"rendered":"https:\/\/iberfence.com\/?post_type=product&#038;p=8154"},"modified":"2026-01-08T18:17:13","modified_gmt":"2026-01-08T16:17:13","slug":"iberfence-marquee-by-easypetrol-clavadora-de-estacas-para-carpas-y-marquesinas","status":"publish","type":"product","link":"https:\/\/iberfence.com\/it\/prodotto\/iberfence-marquee-by-easypetrol-clavadora-de-estacas-para-carpas-y-marquesinas\/","title":{"rendered":"Iberfence Marquee by Easypetrol &#8211; Clavadora de estacas para carpas y marquesinas"},"content":{"rendered":"<p>\u00bfEst\u00e1 buscando una manera eficiente de colocar estacas de marquesinas, carpas para eventos y tiendas de campa\u00f1a? Nuestra clavadora es la soluci\u00f3n perfecta. Con la capacidad de impulsar todos los pasadores de marquesina en cuesti\u00f3n de segundos, nuestra herramienta facilita que un solo operador haga el trabajo&#8230; r\u00e1pido. La acci\u00f3n de martillo de alto impacto con 1720 BPM garantiza que los postes se hundan en el suelo r\u00e1pida y f\u00e1cilmente.<\/p>\n<p>Adem\u00e1s, el paquete de energ\u00eda est\u00e1 equipado con un motor Honda GX35T de 4 tiempos confiable, lo que garantiza que pueda contar con \u00e9l para hacer el trabajo correctamente una y otra vez durante a\u00f1os. Fabricado en Australia, con una garant\u00eda de 3 a\u00f1os, nuestra clavadora es una soluci\u00f3n fiable y eficaz para todos sus trabajos de marquesina. Ahorre tiempo y dinero mientras realiza el trabajo de forma segura.<\/p>\n<p>Adecuado para los siguientes perfiles de pasadores:<br \/>\n\u2013 pasador de cabeza de redonda<br \/>\n\u2013 pasador de doble cabeza<br \/>\n\u2013 pasador inclinado<\/p>\n<p>Cuando realice su pedido, le pediremos algunas medidas de sus pasadores. Esto es para que podamos hacer que el adaptador sea del tama\u00f1o adecuado para usted, todo incluido en el precio.<\/p>\n<p>&nbsp;<\/p>\n<p><strong>Usuarios t\u00edpicos<\/strong><br \/>\n\u2013 Organizadores de festivales\/ferias<br \/>\n\u2013 Carpas para bodas y eventos al aire libre<br \/>\n\u2013 Construcci\u00f3n<br \/>\n\u2013 Contratistas<\/p>\n<p><em><strong>Non sprecare altro tempo ed energia lottando con i tradizionali metodi di installazione dei pali.<\/strong><\/em><\/p>\n<p><img decoding=\"async\" class=\"size-medium wp-image-7153 alignleft\" style=\"font-size: 16px;\" src=\"https:\/\/iberfence.com\/wp-content\/uploads\/2023\/02\/acf-honda-warranty-small.png\" alt=\"\" width=\"187\" height=\"70\" srcset=\"https:\/\/iberfence.com\/wp-content\/uploads\/2023\/02\/acf-honda-warranty-small.png 187w, https:\/\/iberfence.com\/wp-content\/uploads\/2023\/02\/acf-honda-warranty-small-18x7.png 18w\" sizes=\"(max-width: 187px) 100vw, 187px\" \/><\/p>\n<p><img decoding=\"async\" class=\"wp-image-7158\" src=\"https:\/\/iberfence.com\/wp-content\/uploads\/2023\/02\/powered-by-honda-emblem-logo-domed-stickers-decal-1400x800__95448-300x84.jpg\" alt=\"\" width=\"260\" height=\"73\" srcset=\"https:\/\/iberfence.com\/wp-content\/uploads\/2023\/02\/powered-by-honda-emblem-logo-domed-stickers-decal-1400x800__95448-300x84.jpg 300w, https:\/\/iberfence.com\/wp-content\/uploads\/2023\/02\/powered-by-honda-emblem-logo-domed-stickers-decal-1400x800__95448-768x216.jpg 768w, https:\/\/iberfence.com\/wp-content\/uploads\/2023\/02\/powered-by-honda-emblem-logo-domed-stickers-decal-1400x800__95448-18x5.jpg 18w, https:\/\/iberfence.com\/wp-content\/uploads\/2023\/02\/powered-by-honda-emblem-logo-domed-stickers-decal-1400x800__95448-250x70.jpg 250w, https:\/\/iberfence.com\/wp-content\/uploads\/2023\/02\/powered-by-honda-emblem-logo-domed-stickers-decal-1400x800__95448-500x140.jpg 500w, https:\/\/iberfence.com\/wp-content\/uploads\/2023\/02\/powered-by-honda-emblem-logo-domed-stickers-decal-1400x800__95448.jpg 862w\" sizes=\"(max-width: 260px) 100vw, 260px\" \/><\/p>","protected":false},"excerpt":{"rendered":"<p><strong>\u00bfQu\u00e9 est\u00e1 incluido?<\/strong><\/p>\n<ul>\n<li>Clavadora de estacas motorizada<\/li>\n<li>Caja resistente y bid\u00f3n de combustible de 1 litro<\/li>\n<li>Manuale di istruzioni e manutenzione<\/li>\n<\/ul>\n<p>Tenga en cuenta; este modelo de marquesina\u00a0no es adecuado para otros tipos de hincado de postes.<br \/>\nDisponemos de un kit de conversi\u00f3n para convertirlo en el modelo IBF-107 para todo tipo de postes por \u20ac390.00<br \/>\nLos adaptadores adicionales se venden por separado.<\/p>\n<p>&nbsp;<\/p>\n<p><strong>Especificaciones<\/strong><\/p>\n<p><strong>Golpes por minuto: <\/strong>1720<\/p>\n<p><strong>Julios: <\/strong>26<\/p>\n<p><strong>KW: <\/strong>1.0 (1.3HP) a 7,000 rpm<br \/>\n4 tiempos<br \/>\nGatillo del acelerador con bot\u00f3n de parada integrado Empu\u00f1aduras aisladas por muelles<\/p>\n<p><strong>Niveles de vibraci\u00f3n: <\/strong>9,24 m\/s\u00b2<\/p>\n<p><strong>Consumo de combustible: <\/strong>0,71 l\/h a 7000 rpm<br \/>\nCumple con los requisitos m\u00e1s estrictos sobre emisiones y ruido a nivel mundial<br \/>\nSistema de arranque Retroceso (arranque por tracci\u00f3n)<\/p>\n<p><strong>Peso: <\/strong>15,3 kg<\/p>\n<p><strong>Garant\u00eda del producto: <\/strong>Garant\u00eda comercial de 3 a\u00f1os<\/p>\n<p><strong>Garant\u00eda del motor: <\/strong>3 a\u00f1os de garant\u00eda oficial de Honda<\/p>\n<p><strong>Nivel de ruido: <\/strong>105dB &#8211; se requiere protecci\u00f3n auditiva<\/p>\n<p>&nbsp;<\/p>","protected":false},"featured_media":8178,"template":"","meta":{"_joinchat":[]},"product_brand":[],"product_cat":[31],"product_tag":[308,342,346,382,387,472,422,423,424,419,425,418,426,427,428,429,420,421,430,431,432,433,434,435,288,436,463,437,438,439,440,441,442,443,444,289,445,462,546,545,283,544,299,311,312,313,314,315,316,309,302,317,347,332,348,349,340,350,351,52,318,310,303,319,300,320,301,321,322,304,305,323,306,307,352,353,280,354,355,464,356,357,358,359,360,337,465,338,361,343,339,344,334,362,363,364,365,341,335,331,333,366,324,367,325,345,368,369,370,282,471,470,466,326,446,327,328,371,284,447,329,378,290,281,388,383,389,384,385,390,391,392,376,393,394,395,396,397,398,379,399,377,400,401,402,403,404,405,406,407,386,408,48,539,448,449,450,451,330,372,452,380,409,410,411,412,413,414,381,454,453,455,286,468,285,287,467,415,416,456,543,457,469,373,374,458,375,417,459,460,461],"class_list":{"0":"post-8154","1":"product","2":"type-product","3":"status-publish","4":"has-post-thumbnail","6":"product_cat-categoria-clavadoras","7":"product_tag-alquiler-clavadora-de-estacas","8":"product_tag-alquiler-clavadora-de-postes","9":"product_tag-alquiler-de-clavadora-de-postes","10":"product_tag-alquiler-hincadora-de-postes","11":"product_tag-alquiler-hincadora-de-postes-mexico","12":"product_tag-amazon-clavaestacas","13":"product_tag-bat-de-los-pontones-cabritu-a-la-estaca","14":"product_tag-bata-estaca","15":"product_tag-bata-estaca-manual","16":"product_tag-bate-estaca","17":"product_tag-bate-estaca-a-venda","18":"product_tag-bate-estaca-bjj","19":"product_tag-bate-estaca-gays","20":"product_tag-bate-estaca-golpe","21":"product_tag-bate-estaca-hidraulico","22":"product_tag-bate-estaca-in-english","23":"product_tag-bate-estaca-manual","24":"product_tag-bate-estaca-meaning","25":"product_tag-bate-estaca-sex","26":"product_tag-bate-estaca-sexo","27":"product_tag-bate-estaca-traduccion","28":"product_tag-bate-estaca-vs-hill","29":"product_tag-bate-estaca-vs-junama","30":"product_tag-bate-estaca-vs-junama-combate-inteiro","31":"product_tag-bate-estacas","32":"product_tag-bate-estacas-a-gasolina","33":"product_tag-bate-estacas-carmo","34":"product_tag-bate-estacas-gasolina","35":"product_tag-bate-estacas-iberfence","36":"product_tag-bate-estacas-manual","37":"product_tag-bate-estacas-portugal","38":"product_tag-bate-estacas-forestales","39":"product_tag-bate-estacas-manuales","40":"product_tag-bate-estacas-traduccion-al-espaaol","41":"product_tag-bater-estaca","42":"product_tag-battipali","43":"product_tag-cabo-estaca-de-bates","44":"product_tag-carmo","45":"product_tag-chpd-52","46":"product_tag-chpd-78","47":"product_tag-christie","48":"product_tag-christie-post-driver","49":"product_tag-clavador-de-estacas","50":"product_tag-clavador-de-estacas-a-gasolina","51":"product_tag-clavador-de-estacas-a-motor","52":"product_tag-clavador-de-estacas-de-ocasion","53":"product_tag-clavador-de-estacas-de-riego-por-goteo","54":"product_tag-clavador-de-estacas-hidraulico","55":"product_tag-clavador-de-estacas-hidraulico-de-ocasion","56":"product_tag-clavador-de-estacas-manual","57":"product_tag-clavador-de-estacas-para-tractor","58":"product_tag-clavador-de-estacas-sumigas","59":"product_tag-clavador-de-poste-madera","60":"product_tag-clavador-de-postes","61":"product_tag-clavador-de-postes-hidraulico","62":"product_tag-clavador-de-postes-honda","63":"product_tag-clavador-de-postes-manual","64":"product_tag-clavador-de-postes-para-tractor","65":"product_tag-clavador-manual-de-postes","66":"product_tag-clavadora-de-estacas","67":"product_tag-clavadora-de-estacas-alpina","68":"product_tag-clavadora-de-estacas-alquiler","69":"product_tag-clavadora-de-estacas-amazon","70":"product_tag-clavadora-de-estacas-carmo","71":"product_tag-clavadora-de-estacas-de-gasolina","72":"product_tag-clavadora-de-estacas-de-tractor","73":"product_tag-clavadora-de-estacas-greencut","74":"product_tag-clavadora-de-estacas-hidraulica","75":"product_tag-clavadora-de-estacas-ibf-52","76":"product_tag-clavadora-de-estacas-manual","77":"product_tag-clavadora-de-estacas-para-tractor","78":"product_tag-clavadora-de-estacas-precio","79":"product_tag-clavadora-de-estacas-stihl","80":"product_tag-clavadora-de-estacas-y-postes","81":"product_tag-clavadora-de-poste-gipple-precio","82":"product_tag-clavadora-de-poste-precio","83":"product_tag-clavadora-de-postes","84":"product_tag-clavadora-de-postes-a-gasolina","85":"product_tag-clavadora-de-postes-alquiler","86":"product_tag-clavadora-de-postes-carmo","87":"product_tag-clavadora-de-postes-casera","88":"product_tag-clavadora-de-postes-de-china","89":"product_tag-clavadora-de-postes-de-gasolina","90":"product_tag-clavadora-de-postes-de-madera","91":"product_tag-clavadora-de-postes-electrica","92":"product_tag-clavadora-de-postes-gasolina","93":"product_tag-clavadora-de-postes-gripple","94":"product_tag-clavadora-de-postes-hidraulica","95":"product_tag-clavadora-de-postes-hidravlica","96":"product_tag-clavadora-de-postes-honda","97":"product_tag-clavadora-de-postes-manual","98":"product_tag-clavadora-de-postes-neumatica","99":"product_tag-clavadora-de-postes-para-tractor","100":"product_tag-clavadora-de-postes-para-tractor-alquiler","101":"product_tag-clavadora-de-postes-para-viaa","102":"product_tag-clavadora-de-postes-por-vibracian-vibrescopic-ii","103":"product_tag-clavadora-de-postes-por-vibracian-vibrescopic-ii-toutube","104":"product_tag-clavadora-de-postes-precio","105":"product_tag-clavadora-de-postes-segunda-mano","106":"product_tag-clavadora-de-postes-tractor","107":"product_tag-clavadora-de-postes-tractor-segunda-mano","108":"product_tag-clavadora-de-postes-valencia","109":"product_tag-clavadora-manual-de-estacas-para-emparrados","110":"product_tag-clavadora-postes-de-madera","111":"product_tag-clavadoras-de-estacas","112":"product_tag-clavadoras-de-postes","113":"product_tag-clavadoras-de-postes-al-tractor","114":"product_tag-clavadoras-de-postes-de-valla","115":"product_tag-clavadoras-para-postes-de-gasolina","116":"product_tag-clavaestacas","117":"product_tag-clavaestacas-carmo","118":"product_tag-clavaestacas-gasolina-jopi","119":"product_tag-clavaestacas-com","120":"product_tag-como-funciona-el-clavador-de-postes-y-estacas","121":"product_tag-comprar-bate-estaca","122":"product_tag-comprar-clavador-de-estacas","123":"product_tag-comprar-clavador-de-estacas-manual","124":"product_tag-comprar-clavador-de-postes-manual","125":"product_tag-easypetrol","126":"product_tag-estaca-bates-septentrional","127":"product_tag-greencut-cla40000-clavadora-de-estacas","128":"product_tag-hincador-de-postes","129":"product_tag-hincadora-de-estacas","130":"product_tag-hincadora-de-postes","131":"product_tag-hincadora-de-postes-comprar","132":"product_tag-hincadora-de-postes-faga","133":"product_tag-hincadora-de-postes-ganaderos","134":"product_tag-hincadora-de-postes-gasolina","135":"product_tag-hincadora-de-postes-hidraulica","136":"product_tag-hincadora-de-postes-hidraulica-de-marca-faga","137":"product_tag-hincadora-de-postes-hidraulica-de-marca-faga-modelo-mhp-250","138":"product_tag-hincadora-de-postes-hidraulica-de-marca-faga-modelo-mhp-250-precio","139":"product_tag-hincadora-de-postes-manual","140":"product_tag-hincadora-de-postes-manual-financiacion","141":"product_tag-hincadora-de-postes-manual-ocasion","142":"product_tag-hincadora-de-postes-medina-de-pomar","143":"product_tag-hincadora-de-postes-metalicos","144":"product_tag-hincadora-de-postes-mini-excavadora","145":"product_tag-hincadora-de-postes-peso","146":"product_tag-hincadora-de-postes-precio","147":"product_tag-hincadora-de-postes-precio-de-traccion-humamana","148":"product_tag-hincadora-de-postes-segunda-mano","149":"product_tag-hincadora-de-postes-tractor","150":"product_tag-hincadora-de-postes-usada","151":"product_tag-hincadora-de-postes-usadas","152":"product_tag-hincadora-de-postes-y-perfiles","153":"product_tag-hincadora-manual-de-postes","154":"product_tag-hincadoras-de-postes","155":"product_tag-hincadoras-de-postes-de-valla","156":"product_tag-hincadoras-de-postes-en-el-salv","157":"product_tag-hincadores-de-postes","158":"product_tag-hincadores-de-postes-madrid","159":"product_tag-honda","160":"product_tag-ibf-100","161":"product_tag-joanna-jedrzejczyk-x-jassica-bate-estaca-2017","162":"product_tag-luta-bate-estaca-x-hill","163":"product_tag-lutas-ufc-211-bate-estaca","164":"product_tag-maquina-bate-estaca","165":"product_tag-maquina-clavadora-de-estacas","166":"product_tag-maquina-clavadora-de-postes","167":"product_tag-maquina-de-bate-estaca","168":"product_tag-maquina-hincadora-de-postes","169":"product_tag-maquina-hincadora-de-postes-modelos","170":"product_tag-maquina-hincadora-de-postes-paneles-solares","171":"product_tag-maquina-hincadora-de-postes-para-cercados-agricolas","172":"product_tag-maquina-hincadora-de-postes-para-cerramientos-agricolas","173":"product_tag-maquina-hincadora-de-postes-segunda-mano","174":"product_tag-maquinas-hincadoras-de-postes","175":"product_tag-maquina-hincadora-de-postes-precio","176":"product_tag-maquinas-bate-estacas","177":"product_tag-mma-jessica-bate-estaca-x-angela-hill-levam-luta","178":"product_tag-o-del-bate-estaca-de-jessica-andrade","179":"product_tag-pile-driver","180":"product_tag-piledriver","181":"product_tag-post-driver","182":"product_tag-post-pounder","183":"product_tag-postdriver","184":"product_tag-precio-de-una-hincadora-de-postes-valla-trafico","185":"product_tag-precio-hincadora-motorizada-de-postes","186":"product_tag-punta-estaca-de-bates","187":"product_tag-redi-driver","188":"product_tag-tiempo-boya-estaca-de-bates","189":"product_tag-titan-post-driver","190":"product_tag-trabajo-clavadora-de-postes","191":"product_tag-venta-clavadora-de-postes","192":"product_tag-venta-de-bate-estacas","193":"product_tag-venta-de-clavadora-de-postes","194":"product_tag-venta-de-hincadora-de-postes","195":"product_tag-video-luta-bate-estaca-x-hill","196":"product_tag-weili-zhang-venceu-jassica-bate-estaca","197":"product_tag-winfinder-estaca-de-bates-faro","199":"first","200":"instock","201":"taxable","202":"shipping-taxable","203":"purchasable","204":"product-type-variable"},"_links":{"self":[{"href":"https:\/\/iberfence.com\/it\/wp-json\/wp\/v2\/product\/8154","targetHints":{"allow":["GET"]}}],"collection":[{"href":"https:\/\/iberfence.com\/it\/wp-json\/wp\/v2\/product"}],"about":[{"href":"https:\/\/iberfence.com\/it\/wp-json\/wp\/v2\/types\/product"}],"version-history":[{"count":5,"href":"https:\/\/iberfence.com\/it\/wp-json\/wp\/v2\/product\/8154\/revisions"}],"predecessor-version":[{"id":8188,"href":"https:\/\/iberfence.com\/it\/wp-json\/wp\/v2\/product\/8154\/revisions\/8188"}],"wp:featuredmedia":[{"embeddable":true,"href":"https:\/\/iberfence.com\/it\/wp-json\/wp\/v2\/media\/8178"}],"wp:attachment":[{"href":"https:\/\/iberfence.com\/it\/wp-json\/wp\/v2\/media?parent=8154"}],"wp:term":[{"taxonomy":"product_brand","embeddable":true,"href":"https:\/\/iberfence.com\/it\/wp-json\/wp\/v2\/product_brand?post=8154"},{"taxonomy":"product_cat","embeddable":true,"href":"https:\/\/iberfence.com\/it\/wp-json\/wp\/v2\/product_cat?post=8154"},{"taxonomy":"product_tag","embeddable":true,"href":"https:\/\/iberfence.com\/it\/wp-json\/wp\/v2\/product_tag?post=8154"}],"curies":[{"name":"wp","href":"https:\/\/api.w.org\/{rel}","templated":true}]}}