{"id":730,"date":"2022-05-31T11:51:27","date_gmt":"2022-05-31T09:51:27","guid":{"rendered":"https:\/\/iberfence.com\/producto\/grasa-ep0-iberfence\/"},"modified":"2024-08-14T13:36:19","modified_gmt":"2024-08-14T11:36:19","slug":"grasa-ep0-iberfence","status":"publish","type":"product","link":"https:\/\/iberfence.com\/it\/prodotto\/grasa-ep0-iberfence\/","title":{"rendered":"Grasa EP0 Iberfence 100ml"},"content":{"rendered":"<p>Grasa EP0 100ml<\/p>","protected":false},"excerpt":{"rendered":"<p>Iberfence EP0 by ENI es una grasa de alto rendimiento, homog\u00e9nea y de textura suave.<\/p>\n<p>A su vez el aditivo EP (Presi\u00f3n Extrema) permite la formaci\u00f3n de una pel\u00edcula lubricante capaz de resistir a tensiones mec\u00e1nicas y\/o fuertes cargas impulsivas.<\/p>\n<p>Indicado espec\u00edficamente para nuestras m\u00e1quinas clavadoras por su capacidad de trabajar a altas temperaturas y altas presiones<\/p>\n<p>Tambi\u00e9n engranajes en los c\u00e1rteres y motorreductores, sistemas de lubricaci\u00f3n centralizados para veh\u00edculos y m\u00e1quinas agr\u00edcolas y acoplamientos .<\/p>\n<p>En primer lugar una de las ventajas que cumple seria el alto punto de ca\u00edda permite su uso en un amplio rango de temperatura.<\/p>\n<p>Seguido de buenas caracter\u00edsticas de repelencia al agua, adecuadas en ambientes h\u00famedos y en presencia de agua<\/p>\n<p>En segundo lugar una alta protecci\u00f3n antioxidante<\/p>\n<p>En tercer lugar buena adherencia a las superficies met\u00e1licas<\/p>\n<p>Por ultimo una buena resistencia de las vibraciones<\/p>\n<p>Tambi\u00e9n una alta resistencia a la oxidaci\u00f3n<\/p>\n<p>Especificaciones<\/p>\n<p>Cumple con las especificaciones ISO12924 L-XBCHB 0 \/ISO6743\/6L-CKG0 \/DIN51825KP 0K-20 \/ DIN51826GP 0K-20<\/p>","protected":false},"featured_media":4768,"template":"","meta":{"_joinchat":[]},"product_brand":[],"product_cat":[34,32],"product_tag":[],"class_list":{"0":"post-730","1":"product","2":"type-product","3":"status-publish","4":"has-post-thumbnail","6":"product_cat-categoria-accesorios","7":"product_cat-categoria-recambios","9":"first","10":"instock","11":"taxable","12":"shipping-taxable","13":"purchasable","14":"product-type-simple"},"_links":{"self":[{"href":"https:\/\/iberfence.com\/it\/wp-json\/wp\/v2\/product\/730","targetHints":{"allow":["GET"]}}],"collection":[{"href":"https:\/\/iberfence.com\/it\/wp-json\/wp\/v2\/product"}],"about":[{"href":"https:\/\/iberfence.com\/it\/wp-json\/wp\/v2\/types\/product"}],"version-history":[{"count":0,"href":"https:\/\/iberfence.com\/it\/wp-json\/wp\/v2\/product\/730\/revisions"}],"wp:featuredmedia":[{"embeddable":true,"href":"https:\/\/iberfence.com\/it\/wp-json\/wp\/v2\/media\/4768"}],"wp:attachment":[{"href":"https:\/\/iberfence.com\/it\/wp-json\/wp\/v2\/media?parent=730"}],"wp:term":[{"taxonomy":"product_brand","embeddable":true,"href":"https:\/\/iberfence.com\/it\/wp-json\/wp\/v2\/product_brand?post=730"},{"taxonomy":"product_cat","embeddable":true,"href":"https:\/\/iberfence.com\/it\/wp-json\/wp\/v2\/product_cat?post=730"},{"taxonomy":"product_tag","embeddable":true,"href":"https:\/\/iberfence.com\/it\/wp-json\/wp\/v2\/product_tag?post=730"}],"curies":[{"name":"wp","href":"https:\/\/api.w.org\/{rel}","templated":true}]}}