{"id":682,"date":"2022-05-31T11:51:21","date_gmt":"2022-05-31T09:51:21","guid":{"rendered":"https:\/\/iberfence.com\/producto\/pd100-136-o-ring-full-kit\/"},"modified":"2023-10-03T09:49:05","modified_gmt":"2023-10-03T07:49:05","slug":"kit-de-juntas-toricas-para-ibf-100","status":"publish","type":"product","link":"https:\/\/iberfence.com\/it\/prodotto\/kit-de-juntas-toricas-para-ibf-100\/","title":{"rendered":"Kit de juntas t\u00f3ricas para IBF-100"},"content":{"rendered":"<p>El kit de reconstrucci\u00f3n que ofrecemos es espec\u00edfico para nuestras clavadoras e incluye diferentes tipos de juntas t\u00f3ricas de Viton.<\/p>","protected":false},"excerpt":{"rendered":"<p>Viene incluido lo siguiente:<\/p>\n<ul>\n<li>Junta t\u00f3rica 76 \u00d7 2.65 nitrilo<\/li>\n<li>Junta t\u00f3rica 42.5 \u00d7 3.8 Viton PK 2<\/li>\n<li>Junta t\u00f3rica 44 \u00d7 5.3 Viton PK 2<\/li>\n<li>Junta t\u00f3rica 78 \u00d7 3.8 Viton<\/li>\n<li>Junta t\u00f3rica 92 \u00d7 2.65 nitrilo<\/li>\n<\/ul>","protected":false},"featured_media":3539,"template":"","meta":{"_joinchat":[]},"product_brand":[],"product_cat":[44,32],"product_tag":[52,280,558,560,561,559],"class_list":{"0":"post-682","1":"product","2":"type-product","3":"status-publish","4":"has-post-thumbnail","6":"product_cat-ibf-100","7":"product_cat-categoria-recambios","8":"product_tag-clavadora-de-estacas","9":"product_tag-clavadora-de-postes","10":"product_tag-juntas","11":"product_tag-nitrilo","12":"product_tag-o-ring","13":"product_tag-viton","15":"first","16":"instock","17":"taxable","18":"shipping-taxable","19":"purchasable","20":"product-type-simple"},"_links":{"self":[{"href":"https:\/\/iberfence.com\/it\/wp-json\/wp\/v2\/product\/682","targetHints":{"allow":["GET"]}}],"collection":[{"href":"https:\/\/iberfence.com\/it\/wp-json\/wp\/v2\/product"}],"about":[{"href":"https:\/\/iberfence.com\/it\/wp-json\/wp\/v2\/types\/product"}],"version-history":[{"count":0,"href":"https:\/\/iberfence.com\/it\/wp-json\/wp\/v2\/product\/682\/revisions"}],"wp:featuredmedia":[{"embeddable":true,"href":"https:\/\/iberfence.com\/it\/wp-json\/wp\/v2\/media\/3539"}],"wp:attachment":[{"href":"https:\/\/iberfence.com\/it\/wp-json\/wp\/v2\/media?parent=682"}],"wp:term":[{"taxonomy":"product_brand","embeddable":true,"href":"https:\/\/iberfence.com\/it\/wp-json\/wp\/v2\/product_brand?post=682"},{"taxonomy":"product_cat","embeddable":true,"href":"https:\/\/iberfence.com\/it\/wp-json\/wp\/v2\/product_cat?post=682"},{"taxonomy":"product_tag","embeddable":true,"href":"https:\/\/iberfence.com\/it\/wp-json\/wp\/v2\/product_tag?post=682"}],"curies":[{"name":"wp","href":"https:\/\/api.w.org\/{rel}","templated":true}]}}