{"id":668,"date":"2022-05-31T11:51:20","date_gmt":"2022-05-31T09:51:20","guid":{"rendered":"https:\/\/iberfence.com\/producto\/pd52-o-ring-full-kit\/"},"modified":"2023-05-17T12:11:52","modified_gmt":"2023-05-17T10:11:52","slug":"kit-de-juntas-toricas-para-ibf-52","status":"publish","type":"product","link":"https:\/\/iberfence.com\/it\/prodotto\/kit-de-juntas-toricas-para-ibf-52\/","title":{"rendered":"Kit de juntas t\u00f3ricas para IBF-52"},"content":{"rendered":"<p>Ofrecemos un kit de reconstrucci\u00f3n espec\u00edfico para nuestras clavadoras con juntas t\u00f3ricas de Viton para el martillo, yunque, amortiguador y sellos de junta t\u00f3rica. Es importante reemplazar estas juntas anualmente o si la clavadora presenta un rendimiento inadecuado para restaurar la compresi\u00f3n y mejorar su rendimiento.<\/p>","protected":false},"excerpt":{"rendered":"<p>Dentro del kit podr\u00e1s encontrar:<\/p>\n<ul>\n<li>Junta t\u00f3rica 76 \u00d7 2.65 nitrilo<\/li>\n<li>Junta t\u00f3rica 37.5 \u00d7 3.5 Viton PK 2<\/li>\n<li>Junta t\u00f3rica 40 \u00d7 5.3 Viton PK 2<\/li>\n<li>Junta t\u00f3rica 45 \u00d7 3.5 Viton<\/li>\n<li>Junta t\u00f3rica 56 \u00d7 2.65 nitrilo<\/li>\n<\/ul>","protected":false},"featured_media":3539,"template":"","meta":{"_joinchat":[]},"product_brand":[],"product_cat":[42,32],"product_tag":[308,52,280,562,558,560,561,559],"class_list":{"0":"post-668","1":"product","2":"type-product","3":"status-publish","4":"has-post-thumbnail","6":"product_cat-ibf-52","7":"product_cat-categoria-recambios","8":"product_tag-alquiler-clavadora-de-estacas","9":"product_tag-clavadora-de-estacas","10":"product_tag-clavadora-de-postes","11":"product_tag-iberfence","12":"product_tag-juntas","13":"product_tag-nitrilo","14":"product_tag-o-ring","15":"product_tag-viton","17":"first","18":"instock","19":"taxable","20":"shipping-taxable","21":"purchasable","22":"product-type-simple"},"_links":{"self":[{"href":"https:\/\/iberfence.com\/it\/wp-json\/wp\/v2\/product\/668","targetHints":{"allow":["GET"]}}],"collection":[{"href":"https:\/\/iberfence.com\/it\/wp-json\/wp\/v2\/product"}],"about":[{"href":"https:\/\/iberfence.com\/it\/wp-json\/wp\/v2\/types\/product"}],"version-history":[{"count":0,"href":"https:\/\/iberfence.com\/it\/wp-json\/wp\/v2\/product\/668\/revisions"}],"wp:featuredmedia":[{"embeddable":true,"href":"https:\/\/iberfence.com\/it\/wp-json\/wp\/v2\/media\/3539"}],"wp:attachment":[{"href":"https:\/\/iberfence.com\/it\/wp-json\/wp\/v2\/media?parent=668"}],"wp:term":[{"taxonomy":"product_brand","embeddable":true,"href":"https:\/\/iberfence.com\/it\/wp-json\/wp\/v2\/product_brand?post=668"},{"taxonomy":"product_cat","embeddable":true,"href":"https:\/\/iberfence.com\/it\/wp-json\/wp\/v2\/product_cat?post=668"},{"taxonomy":"product_tag","embeddable":true,"href":"https:\/\/iberfence.com\/it\/wp-json\/wp\/v2\/product_tag?post=668"}],"curies":[{"name":"wp","href":"https:\/\/api.w.org\/{rel}","templated":true}]}}