{"id":4720,"date":"2023-12-27T16:23:14","date_gmt":"2023-12-27T14:23:14","guid":{"rendered":"https:\/\/iberfence.com\/?post_type=product&#038;p=4720"},"modified":"2024-08-14T09:45:41","modified_gmt":"2024-08-14T07:45:41","slug":"caja-portectora-para-serie-farmer","status":"publish","type":"product","link":"https:\/\/iberfence.com\/it\/prodotto\/caja-portectora-para-serie-farmer\/","title":{"rendered":"Caja protectora para serie Farmer"},"content":{"rendered":"<p>Proteja su clavadora Farmer con nuestra caja hecha a medida.<\/p>\n<p>Brinda un amplio espacio para proteger y organizar su m\u00e1quina y sus accesorios.<\/p>","protected":false},"excerpt":{"rendered":"<ul>\n<li>Cerraduras y manijas de acero inoxidable.<\/li>\n<li>Estructura de PVC resistente a los golpes<\/li>\n<\/ul>\n<p>NOTA: (Todas las m\u00e1quinas nuevas vienen con una Tough Box como est\u00e1ndar; las im\u00e1genes pueden mostrar una m\u00e1quina que se vende por separado)<\/p>","protected":false},"featured_media":4721,"template":"","meta":{"_joinchat":[]},"product_brand":[],"product_cat":[34],"product_tag":[],"class_list":{"0":"post-4720","1":"product","2":"type-product","3":"status-publish","4":"has-post-thumbnail","6":"product_cat-categoria-accesorios","8":"first","9":"instock","10":"taxable","11":"shipping-taxable","12":"purchasable","13":"product-type-variable"},"_links":{"self":[{"href":"https:\/\/iberfence.com\/it\/wp-json\/wp\/v2\/product\/4720","targetHints":{"allow":["GET"]}}],"collection":[{"href":"https:\/\/iberfence.com\/it\/wp-json\/wp\/v2\/product"}],"about":[{"href":"https:\/\/iberfence.com\/it\/wp-json\/wp\/v2\/types\/product"}],"version-history":[{"count":0,"href":"https:\/\/iberfence.com\/it\/wp-json\/wp\/v2\/product\/4720\/revisions"}],"wp:featuredmedia":[{"embeddable":true,"href":"https:\/\/iberfence.com\/it\/wp-json\/wp\/v2\/media\/4721"}],"wp:attachment":[{"href":"https:\/\/iberfence.com\/it\/wp-json\/wp\/v2\/media?parent=4720"}],"wp:term":[{"taxonomy":"product_brand","embeddable":true,"href":"https:\/\/iberfence.com\/it\/wp-json\/wp\/v2\/product_brand?post=4720"},{"taxonomy":"product_cat","embeddable":true,"href":"https:\/\/iberfence.com\/it\/wp-json\/wp\/v2\/product_cat?post=4720"},{"taxonomy":"product_tag","embeddable":true,"href":"https:\/\/iberfence.com\/it\/wp-json\/wp\/v2\/product_tag?post=4720"}],"curies":[{"name":"wp","href":"https:\/\/api.w.org\/{rel}","templated":true}]}}