{"id":4713,"date":"2023-12-27T16:01:32","date_gmt":"2023-12-27T14:01:32","guid":{"rendered":"https:\/\/iberfence.com\/?post_type=product&#038;p=4713"},"modified":"2023-12-27T16:06:02","modified_gmt":"2023-12-27T14:06:02","slug":"bocal-de-100mm-serie-farmer","status":"publish","type":"product","link":"https:\/\/iberfence.com\/it\/prodotto\/bocal-de-100mm-serie-farmer\/","title":{"rendered":"Bocal de 100mm serie Farmer"},"content":{"rendered":"<p>Aumenta la capacidad de adaptar reductores para postes m\u00e1s peque\u00f1os en la clavadora Farmer 120.<\/p>\n<p><strong>Tama\u00f1o<\/strong><\/p>\n<p>Di\u00e1metro interior de 100mm.<\/p>\n<p><strong>\u00bfQu\u00e9 adaptadores necesito?<\/strong><\/p>\n<p>Para obtener el uso m\u00e1s eficaz de la clavadora, el tama\u00f1o del adaptador debe ajustarse perfectamente a sus postes. Recomendamos que el adaptador no sea m\u00e1s de 5-10 mm m\u00e1s grande que su poste. Para postes perfilados; cuadrados\/formas de T, etc., las esquinas exteriores deben estar dentro de esta capacidad.<\/p>\n<p>Si no est\u00e1 seguro de qu\u00e9 adaptador es el adecuado para usted, p\u00f3ngase en contacto con nosotros para obtener asesoramiento espec\u00edfico para su aplicaci\u00f3n.<\/p>\n<p>No incluye adaptadores reductores<\/p>\n<p>Material: Acero<\/p>","protected":false},"excerpt":{"rendered":"<p>Aumenta la capacidad de adaptar reductores para postes m\u00e1s peque\u00f1os en la clavadora Farmer 120. Tama\u00f1o Di\u00e1metro interior de 100mm. \u00bfQu\u00e9 adaptadores necesito? Para obtener el uso m\u00e1s eficaz de la clavadora, el tama\u00f1o del adaptador debe ajustarse perfectamente a sus postes. Recomendamos que el adaptador no sea m\u00e1s de 5-10 mm m\u00e1s grande que [&hellip;]<\/p>","protected":false},"featured_media":4715,"template":"","meta":{"_joinchat":[]},"product_brand":[],"product_cat":[34],"product_tag":[567,342,346,581,351,52,352,354,579,378],"class_list":{"0":"post-4713","1":"product","2":"type-product","3":"status-publish","4":"has-post-thumbnail","6":"product_cat-categoria-accesorios","7":"product_tag-adaptador","8":"product_tag-alquiler-clavadora-de-postes","9":"product_tag-alquiler-de-clavadora-de-postes","10":"product_tag-clavado-de-estacas-de-castano","11":"product_tag-clavador-manual-de-postes","12":"product_tag-clavadora-de-estacas","13":"product_tag-clavadora-de-poste-gipple-precio","14":"product_tag-clavadora-de-postes-a-gasolina","15":"product_tag-farmer","16":"product_tag-hincador-de-postes","18":"first","19":"instock","20":"taxable","21":"shipping-taxable","22":"purchasable","23":"product-type-simple"},"_links":{"self":[{"href":"https:\/\/iberfence.com\/it\/wp-json\/wp\/v2\/product\/4713","targetHints":{"allow":["GET"]}}],"collection":[{"href":"https:\/\/iberfence.com\/it\/wp-json\/wp\/v2\/product"}],"about":[{"href":"https:\/\/iberfence.com\/it\/wp-json\/wp\/v2\/types\/product"}],"version-history":[{"count":0,"href":"https:\/\/iberfence.com\/it\/wp-json\/wp\/v2\/product\/4713\/revisions"}],"wp:featuredmedia":[{"embeddable":true,"href":"https:\/\/iberfence.com\/it\/wp-json\/wp\/v2\/media\/4715"}],"wp:attachment":[{"href":"https:\/\/iberfence.com\/it\/wp-json\/wp\/v2\/media?parent=4713"}],"wp:term":[{"taxonomy":"product_brand","embeddable":true,"href":"https:\/\/iberfence.com\/it\/wp-json\/wp\/v2\/product_brand?post=4713"},{"taxonomy":"product_cat","embeddable":true,"href":"https:\/\/iberfence.com\/it\/wp-json\/wp\/v2\/product_cat?post=4713"},{"taxonomy":"product_tag","embeddable":true,"href":"https:\/\/iberfence.com\/it\/wp-json\/wp\/v2\/product_tag?post=4713"}],"curies":[{"name":"wp","href":"https:\/\/api.w.org\/{rel}","templated":true}]}}