{"id":3590,"date":"2023-03-01T00:11:47","date_gmt":"2023-02-28T22:11:47","guid":{"rendered":"https:\/\/iberfence.com\/?post_type=product&#038;p=3590"},"modified":"2026-02-27T11:03:40","modified_gmt":"2026-02-27T09:03:40","slug":"adaptador-cuadrado-131x81mm-5x3%e2%80%b3","status":"publish","type":"product","link":"https:\/\/iberfence.com\/it\/prodotto\/adaptador-cuadrado-131x81mm-5x3%e2%80%b3\/","title":{"rendered":"Adaptador rectangular 131x81mm (5\u00d73\u2033)"},"content":{"rendered":"<p>Para clavar postes de 5\u00d73\u2033, primero se debe hacer un orificio piloto en el suelo. Un agujero piloto de 2\u2033 es el tama\u00f1o recomendado. Si el suelo es muy duro o seco, llene el orificio piloto con agua y d\u00e9jelo en remojo antes de clavar los postes en el suelo.<\/p>\n<p>Nuestra herramienta Pilot Core se puede utilizar para hacer un orificio piloto o, alternativamente, una barrena de tierra.<\/p>\n<p><strong>Tama\u00f1o<\/strong><\/p>\n<p>Di\u00e1metro interior de 131x81mm. Este adaptador es adecuado para clavar postes rectangulares de 5\u00d73\u2033.<\/p>\n<p><strong>Facil de instalar<\/strong><\/p>\n<p>Utilice una llave hexagonal de 6 mm para destornillar los 8 pernos y las arandelas de seguridad. Deslice el tubo actual fuera de la base de la clavadora. Deslice el nuevo adaptador en su lugar y f\u00edjelo con los mismos pernos y arandelas. Recuerde usar un compuesto fijador en las roscas de los tornillos para evitar que vibren.<\/p>\n<p><strong>\u00bfQu\u00e9 adaptadores necesito?<\/strong><\/p>\n<p>Para obtener el uso m\u00e1s eficaz de la clavadora, el tama\u00f1o del adaptador debe ajustarse perfectamente a sus postes. Recomendamos que el adaptador no sea m\u00e1s de 5-10 mm m\u00e1s grande que su poste. Para postes perfilados; cuadrados\/formas de T, etc., las esquinas exteriores deben estar dentro de esta capacidad.<\/p>\n<p>Si no est\u00e1 seguro de qu\u00e9 adaptador es el adecuado para usted, p\u00f3ngase en contacto con nosotros para obtener asesoramiento espec\u00edfico para su aplicaci\u00f3n.<\/p>\n<p>Material: Acero<\/p>","protected":false},"excerpt":{"rendered":"<p>&nbsp;<\/p>\n<p><img fetchpriority=\"high\" decoding=\"async\" class=\"aligncenter wp-image-3589 size-large\" src=\"https:\/\/iberfence.com\/wp-content\/uploads\/2023\/03\/Timber-Square-80mm-Posts-2-Easy-Petrol-Post-Driver-R_1200x-1024x683.webp\" alt=\"\" width=\"800\" height=\"534\" srcset=\"https:\/\/iberfence.com\/wp-content\/uploads\/2023\/03\/Timber-Square-80mm-Posts-2-Easy-Petrol-Post-Driver-R_1200x-1024x683.webp 1024w, https:\/\/iberfence.com\/wp-content\/uploads\/2023\/03\/Timber-Square-80mm-Posts-2-Easy-Petrol-Post-Driver-R_1200x-250x167.webp 250w, https:\/\/iberfence.com\/wp-content\/uploads\/2023\/03\/Timber-Square-80mm-Posts-2-Easy-Petrol-Post-Driver-R_1200x-500x333.webp 500w, https:\/\/iberfence.com\/wp-content\/uploads\/2023\/03\/Timber-Square-80mm-Posts-2-Easy-Petrol-Post-Driver-R_1200x-300x200.webp 300w, https:\/\/iberfence.com\/wp-content\/uploads\/2023\/03\/Timber-Square-80mm-Posts-2-Easy-Petrol-Post-Driver-R_1200x-768x512.webp 768w, https:\/\/iberfence.com\/wp-content\/uploads\/2023\/03\/Timber-Square-80mm-Posts-2-Easy-Petrol-Post-Driver-R_1200x.webp 1200w\" sizes=\"(max-width: 800px) 100vw, 800px\" \/><\/p>","protected":false},"featured_media":3591,"template":"","meta":{"_joinchat":[]},"product_brand":[],"product_cat":[34],"product_tag":[572,567,566,342,346,351,52,352,354,378,569,570],"class_list":{"0":"post-3590","1":"product","2":"type-product","3":"status-publish","4":"has-post-thumbnail","6":"product_cat-categoria-accesorios","7":"product_tag-80mm","8":"product_tag-adaptador","9":"product_tag-adaptador-para-clavadora","10":"product_tag-alquiler-clavadora-de-postes","11":"product_tag-alquiler-de-clavadora-de-postes","12":"product_tag-clavador-manual-de-postes","13":"product_tag-clavadora-de-estacas","14":"product_tag-clavadora-de-poste-gipple-precio","15":"product_tag-clavadora-de-postes-a-gasolina","16":"product_tag-hincador-de-postes","17":"product_tag-poste-cuadrado","18":"product_tag-poste-de-emparrar","20":"first","21":"instock","22":"taxable","23":"shipping-taxable","24":"purchasable","25":"product-type-simple"},"_links":{"self":[{"href":"https:\/\/iberfence.com\/it\/wp-json\/wp\/v2\/product\/3590","targetHints":{"allow":["GET"]}}],"collection":[{"href":"https:\/\/iberfence.com\/it\/wp-json\/wp\/v2\/product"}],"about":[{"href":"https:\/\/iberfence.com\/it\/wp-json\/wp\/v2\/types\/product"}],"version-history":[{"count":1,"href":"https:\/\/iberfence.com\/it\/wp-json\/wp\/v2\/product\/3590\/revisions"}],"predecessor-version":[{"id":7371,"href":"https:\/\/iberfence.com\/it\/wp-json\/wp\/v2\/product\/3590\/revisions\/7371"}],"wp:featuredmedia":[{"embeddable":true,"href":"https:\/\/iberfence.com\/it\/wp-json\/wp\/v2\/media\/3591"}],"wp:attachment":[{"href":"https:\/\/iberfence.com\/it\/wp-json\/wp\/v2\/media?parent=3590"}],"wp:term":[{"taxonomy":"product_brand","embeddable":true,"href":"https:\/\/iberfence.com\/it\/wp-json\/wp\/v2\/product_brand?post=3590"},{"taxonomy":"product_cat","embeddable":true,"href":"https:\/\/iberfence.com\/it\/wp-json\/wp\/v2\/product_cat?post=3590"},{"taxonomy":"product_tag","embeddable":true,"href":"https:\/\/iberfence.com\/it\/wp-json\/wp\/v2\/product_tag?post=3590"}],"curies":[{"name":"wp","href":"https:\/\/api.w.org\/{rel}","templated":true}]}}