{"id":3418,"date":"2023-02-28T11:10:43","date_gmt":"2023-02-28T09:10:43","guid":{"rendered":"https:\/\/iberfence.com\/?post_type=product&#038;p=3418"},"modified":"2024-11-25T14:14:22","modified_gmt":"2024-11-25T12:14:22","slug":"kit-de-mantenimiento-clavadora-de-estacas","status":"publish","type":"product","link":"https:\/\/iberfence.com\/it\/prodotto\/kit-de-mantenimiento-clavadora-de-estacas\/","title":{"rendered":"Kit di manutenzione per battipali serie Farmer e Pro"},"content":{"rendered":"<p>Il kit di ricostruzione \u00e8 destinato ai nostri battipalo e comprende tutti gli O-ring in Viton necessari per la manutenzione della vostra macchina.<\/p>\n<p>Un battipalo funziona semplicemente spostando aria compressa. Ti consigliamo di sostituire tutte le guarnizioni annualmente o se noti prestazioni inadeguate.<\/p>\n<p>Reemplazar estas juntas, restaurar\u00e1 la compresi\u00f3n y el rendimiento de su clavadora.<\/p>\n<p>Adem\u00e1s, incluye grasa EP0 (100ml).<\/p>\n<p>Utilice s\u00f3lo grasa EP0. El uso de otra grasa o aceites, pueden da\u00f1ar severamente su clavadora.<\/p>\n<p>Nuestra grasa EP0, presenta una buena resistencia de la pel\u00edcula lubricante sometida a alta presi\u00f3n, una prolongaci\u00f3n de la vida de las piezas lubricadas y una notable bombeabilidad.<\/p>","protected":false},"excerpt":{"rendered":"<p>En este pack podr\u00e1s encontrar los siguientes productos:<\/p>\n<ul>\n<li>Juego de juntas completo<\/li>\n<li>Grasso EP0<\/li>\n<\/ul>\n<p>&nbsp;<\/p>\n<p>Kit de servicio para servicio dom\u00e9stico, puede realizarse siguiendo el manual de instrucciones provisto de su m\u00e1quina.<\/p>\n<p>&nbsp;<\/p>\n<p><img fetchpriority=\"high\" decoding=\"async\" class=\"size-medium wp-image-3420 aligncenter\" src=\"https:\/\/iberfence.com\/wp-content\/uploads\/2023\/02\/Detail-Service-1-Easy-Petrol-Post-Driver-R_b963008c-5eb9-4ff0-b714-105f4bee88c6_1200x-300x232.webp\" alt=\"\" width=\"300\" height=\"232\" srcset=\"https:\/\/iberfence.com\/wp-content\/uploads\/2023\/02\/Detail-Service-1-Easy-Petrol-Post-Driver-R_b963008c-5eb9-4ff0-b714-105f4bee88c6_1200x-300x232.webp 300w, https:\/\/iberfence.com\/wp-content\/uploads\/2023\/02\/Detail-Service-1-Easy-Petrol-Post-Driver-R_b963008c-5eb9-4ff0-b714-105f4bee88c6_1200x-250x193.webp 250w, https:\/\/iberfence.com\/wp-content\/uploads\/2023\/02\/Detail-Service-1-Easy-Petrol-Post-Driver-R_b963008c-5eb9-4ff0-b714-105f4bee88c6_1200x-500x386.webp 500w, https:\/\/iberfence.com\/wp-content\/uploads\/2023\/02\/Detail-Service-1-Easy-Petrol-Post-Driver-R_b963008c-5eb9-4ff0-b714-105f4bee88c6_1200x-768x593.webp 768w, https:\/\/iberfence.com\/wp-content\/uploads\/2023\/02\/Detail-Service-1-Easy-Petrol-Post-Driver-R_b963008c-5eb9-4ff0-b714-105f4bee88c6_1200x.webp 800w\" sizes=\"(max-width: 300px) 100vw, 300px\" \/><\/p>","protected":false},"featured_media":4771,"template":"","meta":{"_joinchat":[]},"product_brand":[],"product_cat":[32],"product_tag":[308,52,280,555,284,562,558,560,561,543,559],"class_list":{"0":"post-3418","1":"product","2":"type-product","3":"status-publish","4":"has-post-thumbnail","6":"product_cat-categoria-recambios","7":"product_tag-alquiler-clavadora-de-estacas","8":"product_tag-clavadora-de-estacas","9":"product_tag-clavadora-de-postes","10":"product_tag-easy-petrol","11":"product_tag-easypetrol","12":"product_tag-iberfence","13":"product_tag-juntas","14":"product_tag-nitrilo","15":"product_tag-o-ring","16":"product_tag-redi-driver","17":"product_tag-viton","19":"first","20":"instock","21":"taxable","22":"shipping-taxable","23":"purchasable","24":"product-type-variable"},"_links":{"self":[{"href":"https:\/\/iberfence.com\/it\/wp-json\/wp\/v2\/product\/3418","targetHints":{"allow":["GET"]}}],"collection":[{"href":"https:\/\/iberfence.com\/it\/wp-json\/wp\/v2\/product"}],"about":[{"href":"https:\/\/iberfence.com\/it\/wp-json\/wp\/v2\/types\/product"}],"version-history":[{"count":1,"href":"https:\/\/iberfence.com\/it\/wp-json\/wp\/v2\/product\/3418\/revisions"}],"predecessor-version":[{"id":7385,"href":"https:\/\/iberfence.com\/it\/wp-json\/wp\/v2\/product\/3418\/revisions\/7385"}],"wp:featuredmedia":[{"embeddable":true,"href":"https:\/\/iberfence.com\/it\/wp-json\/wp\/v2\/media\/4771"}],"wp:attachment":[{"href":"https:\/\/iberfence.com\/it\/wp-json\/wp\/v2\/media?parent=3418"}],"wp:term":[{"taxonomy":"product_brand","embeddable":true,"href":"https:\/\/iberfence.com\/it\/wp-json\/wp\/v2\/product_brand?post=3418"},{"taxonomy":"product_cat","embeddable":true,"href":"https:\/\/iberfence.com\/it\/wp-json\/wp\/v2\/product_cat?post=3418"},{"taxonomy":"product_tag","embeddable":true,"href":"https:\/\/iberfence.com\/it\/wp-json\/wp\/v2\/product_tag?post=3418"}],"curies":[{"name":"wp","href":"https:\/\/api.w.org\/{rel}","templated":true}]}}