{"id":2680,"date":"2023-02-12T19:16:59","date_gmt":"2023-02-12T17:16:59","guid":{"rendered":"https:\/\/iberfence.com\/?post_type=product&#038;p=2680"},"modified":"2023-07-12T12:08:37","modified_gmt":"2023-07-12T10:08:37","slug":"gripple-kit-ctn-2","status":"publish","type":"product","link":"https:\/\/iberfence.com\/it\/prodotto\/gripple-kit-ctn-2\/","title":{"rendered":"Gripple Kit CTN"},"content":{"rendered":"<p>Los sistemas de enrejado de alto rendimiento de Gripple incorporan kits de catenarias y las soluciones de refuerzo para acompa\u00f1ar el crecimiento de \u00e1rboles y plantas de gran tama\u00f1o.<\/p>","protected":false},"excerpt":{"rendered":"<h2>Informaci\u00f3n general<\/h2>\n<p>&nbsp;<\/p>\n<p>\u2022 Ayuda a prevenir el da\u00f1o en la planta y la p\u00e9rdida de sustrato y fertilizantes<br \/>\n\u2022 R\u00e1pido y f\u00e1cil de instalar<br \/>\n\u2022 F\u00e1cil de tensar a\u00f1o tras a\u00f1o<br \/>\n\u2022 Fabricado con cable de zinc-aluminio resistente a la corrosi\u00f3n<\/p>\n<p>&nbsp;<\/p>\n<p>&nbsp;<\/p>\n<table>\n<tbody>\n<tr>\n<td>Prodotto<\/td>\n<td>Di\u00e1metro del<br \/>\ncable<\/td>\n<td>Longitud (m)<\/td>\n<td>Carga m\u00e1xima de trabajo<\/td>\n<\/tr>\n<tr>\n<td>CTN<\/td>\n<td>6 mm<\/td>\n<td>20 m<\/td>\n<td>1 750 kg<\/td>\n<\/tr>\n<tr>\n<td>CTN<\/td>\n<td>6 mm<\/td>\n<td>30 m<\/td>\n<td>1 750 kg<\/td>\n<\/tr>\n<tr>\n<td>CTN<\/td>\n<td>6 mm<\/td>\n<td>50 m<\/td>\n<td>1 750 kg<\/td>\n<\/tr>\n<\/tbody>\n<\/table>","protected":false},"featured_media":4453,"template":"","meta":{"_joinchat":{"telephone":"+34650480508"}},"product_brand":[],"product_cat":[279],"product_tag":[532,522,523,476,499,498,85,494,533,536,537,504,534,527,524,520,519,521,517,474,473,528,502,503,497,501,489,518,526,525,531,475,535,529,530],"class_list":{"0":"post-2680","1":"product","2":"type-product","3":"status-publish","4":"has-post-thumbnail","6":"product_cat-gripple","7":"product_tag-alambre","8":"product_tag-ancla","9":"product_tag-anclaje","10":"product_tag-anclas","11":"product_tag-arriostramiento","12":"product_tag-arriostramiento-para-palmeras","13":"product_tag-bulon","14":"product_tag-cepellones","15":"product_tag-control-de-la-erosion","16":"product_tag-control-de-roedores","17":"product_tag-control-hierbas-invasivas","18":"product_tag-ctn","19":"product_tag-estabilizacion-de-taludes","20":"product_tag-garrota","21":"product_tag-gavion","22":"product_tag-geocelda","23":"product_tag-geomalla","24":"product_tag-geomembrana","25":"product_tag-geotextil","26":"product_tag-gripple","27":"product_tag-gripple-plus","28":"product_tag-gunitado","29":"product_tag-hlt","30":"product_tag-kit-ctn","31":"product_tag-kit-de-enderezado","32":"product_tag-kit-hlt","33":"product_tag-liner-lock","34":"product_tag-manta","35":"product_tag-micro-pilote","36":"product_tag-muro-krainer","37":"product_tag-pinza-tensora","38":"product_tag-piquetas","39":"product_tag-taludes","40":"product_tag-tensor","41":"product_tag-tractel","43":"first","44":"instock","45":"taxable","46":"shipping-taxable","47":"purchasable","48":"product-type-variable"},"_links":{"self":[{"href":"https:\/\/iberfence.com\/it\/wp-json\/wp\/v2\/product\/2680","targetHints":{"allow":["GET"]}}],"collection":[{"href":"https:\/\/iberfence.com\/it\/wp-json\/wp\/v2\/product"}],"about":[{"href":"https:\/\/iberfence.com\/it\/wp-json\/wp\/v2\/types\/product"}],"version-history":[{"count":0,"href":"https:\/\/iberfence.com\/it\/wp-json\/wp\/v2\/product\/2680\/revisions"}],"wp:featuredmedia":[{"embeddable":true,"href":"https:\/\/iberfence.com\/it\/wp-json\/wp\/v2\/media\/4453"}],"wp:attachment":[{"href":"https:\/\/iberfence.com\/it\/wp-json\/wp\/v2\/media?parent=2680"}],"wp:term":[{"taxonomy":"product_brand","embeddable":true,"href":"https:\/\/iberfence.com\/it\/wp-json\/wp\/v2\/product_brand?post=2680"},{"taxonomy":"product_cat","embeddable":true,"href":"https:\/\/iberfence.com\/it\/wp-json\/wp\/v2\/product_cat?post=2680"},{"taxonomy":"product_tag","embeddable":true,"href":"https:\/\/iberfence.com\/it\/wp-json\/wp\/v2\/product_tag?post=2680"}],"curies":[{"name":"wp","href":"https:\/\/api.w.org\/{rel}","templated":true}]}}