{"id":2568,"date":"2023-02-02T22:40:07","date_gmt":"2023-02-02T20:40:07","guid":{"rendered":"https:\/\/iberfence.com\/?post_type=product&#038;p=2568"},"modified":"2023-02-10T10:56:27","modified_gmt":"2023-02-10T08:56:27","slug":"gripple-kit-hlt","status":"publish","type":"product","link":"https:\/\/iberfence.com\/it\/prodotto\/gripple-kit-hlt\/","title":{"rendered":"Gripple Kit HLT"},"content":{"rendered":"<p>Los sistemas de anclaje de alto rendimiento, incorporan cable precortado de una longitud determinada con un extremo acabado en lazo y tensor Gripple para acompa\u00f1ar el crecimiento de \u00e1rboles de gran tama\u00f1o.<\/p>","protected":false},"excerpt":{"rendered":"<div class=\"l__col l__col__span8\" data-768=\"12\">\n<div class=\"l__col__evenpad\">\n<ul>\n<li>Proporciona soporte de alto rendimiento para \u00e1rboles y plantas grandes<\/li>\n<li>Adecuado para postes de madera y metal<\/li>\n<li>Alta capacidad de carga<\/li>\n<li>F\u00e1cil de tensar a\u00f1o tras a\u00f1o<\/li>\n<\/ul>\n<table>\n<tbody>\n<tr>\n<td>Prodotto<\/td>\n<td>Di\u00e1metro del<br \/>\ncable<\/td>\n<td>Longitud (m)<\/td>\n<td>Carga m\u00e1xima de trabajo<\/td>\n<\/tr>\n<tr>\n<td>HLT<\/td>\n<td>6 mm<\/td>\n<td>4 m<\/td>\n<td>1.750 kg<\/td>\n<\/tr>\n<tr>\n<td>HLT<\/td>\n<td>6 mm<\/td>\n<td>6 m<\/td>\n<td>1.750 kg<\/td>\n<\/tr>\n<\/tbody>\n<\/table>\n<\/div>\n<\/div>\n<div class=\"l__col l__col__span4\" data-768=\"12\">\n<div class=\"l__col__evenpad\">\n<div class=\"c__tile c__tile--tickList\">\n<ul class=\"tickList nolist\">\n<li>Ahorro considerable de tiempo y costos en tu proyecto<\/li>\n<li>Est\u00e9tica mejorada<\/li>\n<li>Soluciones dise\u00f1adas expresamente de un importante fabricante del mercado<\/li>\n<li>Resistencia y versatilidad para gran variedad de aplicaciones<\/li>\n<\/ul>\n<\/div>\n<\/div>\n<\/div>","protected":false},"featured_media":2572,"template":"","meta":{"_joinchat":[]},"product_brand":[],"product_cat":[279],"product_tag":[532,522,523,476,499,498,85,494,533,536,537,534,527,524,520,519,521,517,474,473,528,502,497,501,489,518,526,525,531,475,535,529,530],"class_list":{"0":"post-2568","1":"product","2":"type-product","3":"status-publish","4":"has-post-thumbnail","6":"product_cat-gripple","7":"product_tag-alambre","8":"product_tag-ancla","9":"product_tag-anclaje","10":"product_tag-anclas","11":"product_tag-arriostramiento","12":"product_tag-arriostramiento-para-palmeras","13":"product_tag-bulon","14":"product_tag-cepellones","15":"product_tag-control-de-la-erosion","16":"product_tag-control-de-roedores","17":"product_tag-control-hierbas-invasivas","18":"product_tag-estabilizacion-de-taludes","19":"product_tag-garrota","20":"product_tag-gavion","21":"product_tag-geocelda","22":"product_tag-geomalla","23":"product_tag-geomembrana","24":"product_tag-geotextil","25":"product_tag-gripple","26":"product_tag-gripple-plus","27":"product_tag-gunitado","28":"product_tag-hlt","29":"product_tag-kit-de-enderezado","30":"product_tag-kit-hlt","31":"product_tag-liner-lock","32":"product_tag-manta","33":"product_tag-micro-pilote","34":"product_tag-muro-krainer","35":"product_tag-pinza-tensora","36":"product_tag-piquetas","37":"product_tag-taludes","38":"product_tag-tensor","39":"product_tag-tractel","41":"first","42":"instock","43":"taxable","44":"shipping-taxable","45":"purchasable","46":"product-type-variable"},"_links":{"self":[{"href":"https:\/\/iberfence.com\/it\/wp-json\/wp\/v2\/product\/2568","targetHints":{"allow":["GET"]}}],"collection":[{"href":"https:\/\/iberfence.com\/it\/wp-json\/wp\/v2\/product"}],"about":[{"href":"https:\/\/iberfence.com\/it\/wp-json\/wp\/v2\/types\/product"}],"version-history":[{"count":0,"href":"https:\/\/iberfence.com\/it\/wp-json\/wp\/v2\/product\/2568\/revisions"}],"wp:featuredmedia":[{"embeddable":true,"href":"https:\/\/iberfence.com\/it\/wp-json\/wp\/v2\/media\/2572"}],"wp:attachment":[{"href":"https:\/\/iberfence.com\/it\/wp-json\/wp\/v2\/media?parent=2568"}],"wp:term":[{"taxonomy":"product_brand","embeddable":true,"href":"https:\/\/iberfence.com\/it\/wp-json\/wp\/v2\/product_brand?post=2568"},{"taxonomy":"product_cat","embeddable":true,"href":"https:\/\/iberfence.com\/it\/wp-json\/wp\/v2\/product_cat?post=2568"},{"taxonomy":"product_tag","embeddable":true,"href":"https:\/\/iberfence.com\/it\/wp-json\/wp\/v2\/product_tag?post=2568"}],"curies":[{"name":"wp","href":"https:\/\/api.w.org\/{rel}","templated":true}]}}