{"id":2556,"date":"2023-02-02T22:28:51","date_gmt":"2023-02-02T20:28:51","guid":{"rendered":"https:\/\/iberfence.com\/?post_type=product&#038;p=2556"},"modified":"2023-02-10T10:56:37","modified_gmt":"2023-02-10T08:56:37","slug":"gripple-kit-arriostramiento-para-palmeras-pbk","status":"publish","type":"product","link":"https:\/\/iberfence.com\/it\/prodotto\/gripple-kit-arriostramiento-para-palmeras-pbk\/","title":{"rendered":"Gripple Kit Arriostramiento para Palmeras (PBK)"},"content":{"rendered":"<p>Sistema de anclaje para palmeras, proporciona una soluci\u00f3n eficiente para la protecci\u00f3n de palmeras reci\u00e9n plantadas. Permite al \u00e1rbol crecer de manera natural, evitando su ca\u00edda.<\/p>","protected":false},"excerpt":{"rendered":"<p><span dir=\"ltr\" role=\"presentation\">Permite asegurar y estabilizar todo tipo de <\/span><span dir=\"ltr\" role=\"presentation\">\u00e1rboles. Disponible para diferentes tama\u00f1os <\/span><span dir=\"ltr\" role=\"presentation\">de \u00e1rbol hasta 12 m de altura. El tensor con <\/span><span dir=\"ltr\" role=\"presentation\">autobloqueo permite corregir la inclinaci\u00f3n del <\/span><span dir=\"ltr\" role=\"presentation\">\u00e1rbol sin esfuerzo.<\/span><\/p>\n<p><br role=\"presentation\" \/><span dir=\"ltr\" role=\"presentation\">\u2022 El tensor Gripple Plus permite una instalaci\u00f3n r\u00e1pida y segura<\/span><br role=\"presentation\" \/><span dir=\"ltr\" role=\"presentation\">\u2022 La tensi\u00f3n a nivel del suelo asegura el enderezamiento del \u00e1rbol de manera<\/span><br role=\"presentation\" \/><span dir=\"ltr\" role=\"presentation\">f\u00e1cil y precisa<\/span><br role=\"presentation\" \/><span dir=\"ltr\" role=\"presentation\">\u2022 Las fundas protectoras eliminan la fricci\u00f3n entre el tronco y el cable<\/span><br role=\"presentation\" \/><span dir=\"ltr\" role=\"presentation\">\u2022 Fabricado con materiales duraderos que ofrecen una gran resistencia a la<\/span><br role=\"presentation\" \/><span dir=\"ltr\" role=\"presentation\">corrosi\u00f3n<\/span><br role=\"presentation\" \/><span dir=\"ltr\" role=\"presentation\">\u2022 Todos los kits est\u00e1n disponibles con 4 puntos de anclaje bajo pedido<\/span><\/p>\n<table>\n<tbody>\n<tr>\n<td><\/td>\n<td>TGK 3<\/td>\n<td>TGK 4<\/td>\n<\/tr>\n<tr>\n<td>Altura<\/td>\n<td>4,5 m<\/td>\n<td>7,5 m<\/td>\n<\/tr>\n<tr>\n<td>Per\u00edmetro<\/td>\n<td>Hasta 25 cm<\/td>\n<td>Hasta\u00a045 cm<\/td>\n<\/tr>\n<tr>\n<td>Contenido del kit<\/td>\n<td>Gripple Plus Medium<br \/>\nAncla Gripple TL-A3<br \/>\nCable 3 mm, carga de rotura 800 kg<br \/>\nMosquetones<br \/>\nCincha<br \/>\nTrinquete<br \/>\nCinta tubular naranja<\/td>\n<td>Gripple Plus Large<br \/>\nAncla Gripple TL-A4<br \/>\nCable 4 mm, carga de rotura 1 200 kg<br \/>\nMosquetones<br \/>\nCincha<br \/>\nTrinquete<br \/>\nCinta tubular naranja<\/td>\n<\/tr>\n<tr>\n<td>Informaci\u00f3n del cable<\/td>\n<td>Construcci\u00f3n: 1&#215;19 ZnAl Resistencia a la tracci\u00f3n: 1 770 N\/mm\u00b2 Longitud: 5 m<\/td>\n<td>Construcci\u00f3n: 7&#215;19 ZnAl Resistencia a la tracci\u00f3n: 1 770 N\/mm\u00b2 Longitud: 6 m<\/td>\n<\/tr>\n<tr>\n<td>Herramientas de instalaci\u00f3n<\/td>\n<td>Varillas de clavado DR-A34-1.5M<\/td>\n<td>Varillas de clavado DR-A34-1.8M<\/td>\n<\/tr>\n<tr>\n<td>M\u00e9todo de instalaci\u00f3n<\/td>\n<td>Clavadora IBF-52<\/td>\n<td>Clavadora IBF-52<\/td>\n<\/tr>\n<tr>\n<td>M\u00e9todo de tensado<\/td>\n<td>Pinza de tensi\u00f3n<\/td>\n<td>Pinza de tensi\u00f3n<\/td>\n<\/tr>\n<\/tbody>\n<\/table>\n<p>Las soluciones de Gripple permiten ahorrar tiempo durante la instalaci\u00f3n gracias a su facilidad de uso y dise\u00f1o intuitivo. A continuaci\u00f3n, puede ver el producto en acci\u00f3n.<\/p>","protected":false},"featured_media":2561,"template":"","meta":{"_joinchat":[]},"product_brand":[],"product_cat":[279],"product_tag":[532,522,523,476,499,498,85,494,533,536,537,534,527,524,520,519,521,517,474,473,528,497,489,518,526,525,500,531,475,495,535,529,496,530],"class_list":{"0":"post-2556","1":"product","2":"type-product","3":"status-publish","4":"has-post-thumbnail","6":"product_cat-gripple","7":"product_tag-alambre","8":"product_tag-ancla","9":"product_tag-anclaje","10":"product_tag-anclas","11":"product_tag-arriostramiento","12":"product_tag-arriostramiento-para-palmeras","13":"product_tag-bulon","14":"product_tag-cepellones","15":"product_tag-control-de-la-erosion","16":"product_tag-control-de-roedores","17":"product_tag-control-hierbas-invasivas","18":"product_tag-estabilizacion-de-taludes","19":"product_tag-garrota","20":"product_tag-gavion","21":"product_tag-geocelda","22":"product_tag-geomalla","23":"product_tag-geomembrana","24":"product_tag-geotextil","25":"product_tag-gripple","26":"product_tag-gripple-plus","27":"product_tag-gunitado","28":"product_tag-kit-de-enderezado","29":"product_tag-liner-lock","30":"product_tag-manta","31":"product_tag-micro-pilote","32":"product_tag-muro-krainer","33":"product_tag-pbk","34":"product_tag-pinza-tensora","35":"product_tag-piquetas","36":"product_tag-prbk","37":"product_tag-taludes","38":"product_tag-tensor","39":"product_tag-tgk","40":"product_tag-tractel","42":"first","43":"instock","44":"taxable","45":"shipping-taxable","46":"purchasable","47":"product-type-variable"},"_links":{"self":[{"href":"https:\/\/iberfence.com\/it\/wp-json\/wp\/v2\/product\/2556","targetHints":{"allow":["GET"]}}],"collection":[{"href":"https:\/\/iberfence.com\/it\/wp-json\/wp\/v2\/product"}],"about":[{"href":"https:\/\/iberfence.com\/it\/wp-json\/wp\/v2\/types\/product"}],"version-history":[{"count":0,"href":"https:\/\/iberfence.com\/it\/wp-json\/wp\/v2\/product\/2556\/revisions"}],"wp:featuredmedia":[{"embeddable":true,"href":"https:\/\/iberfence.com\/it\/wp-json\/wp\/v2\/media\/2561"}],"wp:attachment":[{"href":"https:\/\/iberfence.com\/it\/wp-json\/wp\/v2\/media?parent=2556"}],"wp:term":[{"taxonomy":"product_brand","embeddable":true,"href":"https:\/\/iberfence.com\/it\/wp-json\/wp\/v2\/product_brand?post=2556"},{"taxonomy":"product_cat","embeddable":true,"href":"https:\/\/iberfence.com\/it\/wp-json\/wp\/v2\/product_cat?post=2556"},{"taxonomy":"product_tag","embeddable":true,"href":"https:\/\/iberfence.com\/it\/wp-json\/wp\/v2\/product_tag?post=2556"}],"curies":[{"name":"wp","href":"https:\/\/api.w.org\/{rel}","templated":true}]}}