{"id":2536,"date":"2023-02-02T20:42:23","date_gmt":"2023-02-02T18:42:23","guid":{"rendered":"https:\/\/iberfence.com\/?post_type=product&#038;p=2536"},"modified":"2023-02-10T10:56:46","modified_gmt":"2023-02-10T08:56:46","slug":"gripple-kit-de-enderezado-tgk","status":"publish","type":"product","link":"https:\/\/iberfence.com\/it\/prodotto\/gripple-kit-de-enderezado-tgk\/","title":{"rendered":"Gripple Kit de Enderezado (TGK)"},"content":{"rendered":"<p>Sistema de enderezado de \u00e1rboles, dise\u00f1ado para estabilizar el \u00e1rbol y facilitar su crecimiento vertical. Se suministra en kits listos para usar y es adecuado para \u00e1rboles hasta 12 m de altura.<\/p>","protected":false},"excerpt":{"rendered":"<p><span dir=\"ltr\" role=\"presentation\">Permite asegurar y estabilizar todo tipo de <\/span><span dir=\"ltr\" role=\"presentation\">\u00e1rboles. Disponible para diferentes tama\u00f1os <\/span><span dir=\"ltr\" role=\"presentation\">de \u00e1rbol hasta 12 m de altura. El tensor con <\/span><span dir=\"ltr\" role=\"presentation\">autobloqueo permite corregir la inclinaci\u00f3n del <\/span><span dir=\"ltr\" role=\"presentation\">\u00e1rbol sin esfuerzo.<\/span><\/p>\n<p><br role=\"presentation\" \/><span dir=\"ltr\" role=\"presentation\">\u2022 El tensor Gripple Plus permite una instalaci\u00f3n r\u00e1pida y segura<\/span><br role=\"presentation\" \/><span dir=\"ltr\" role=\"presentation\">\u2022 La tensi\u00f3n a nivel del suelo asegura el enderezamiento del \u00e1rbol de manera<\/span><br role=\"presentation\" \/><span dir=\"ltr\" role=\"presentation\">f\u00e1cil y precisa<\/span><br role=\"presentation\" \/><span dir=\"ltr\" role=\"presentation\">\u2022 Las fundas protectoras eliminan la fricci\u00f3n entre el tronco y el cable<\/span><br role=\"presentation\" \/><span dir=\"ltr\" role=\"presentation\">\u2022 Fabricado con materiales duraderos que ofrecen una gran resistencia a la<\/span><br role=\"presentation\" \/><span dir=\"ltr\" role=\"presentation\">corrosi\u00f3n<\/span><br role=\"presentation\" \/><span dir=\"ltr\" role=\"presentation\">\u2022 Todos los kits est\u00e1n disponibles con 4 puntos de anclaje bajo pedido<\/span><\/p>\n<table>\n<tbody>\n<tr>\n<td><\/td>\n<td>TGK 2<\/td>\n<td>TGK 3<\/td>\n<td>TGK 4<\/td>\n<td>TGK 5<\/td>\n<\/tr>\n<tr>\n<td>Altura<\/td>\n<td>Hasta 2,5 m<\/td>\n<td>2,5 m &#8211; 4,5 m<\/td>\n<td>4,5 m &#8211; 7,5 m<\/td>\n<td>7,5 m &#8211; 12 m<\/td>\n<\/tr>\n<tr>\n<td>Per\u00edmetro<\/td>\n<td>Hasta 15 cm<\/td>\n<td>Hasta 25 cm<\/td>\n<td>Hasta\u00a045 cm<\/td>\n<td>Hasta\u00a075 cm<\/td>\n<\/tr>\n<tr>\n<td>Contenido del kit<\/td>\n<td>TL-A2 Ancla con Karabiners GP Small y cable 2 mm Mangas protectoras de goma<\/td>\n<td>TL-A3 Ancla con Karabiners GP Medium y cable 3 mm Mangas protectoras de goma<\/td>\n<td>TL-A4 Ancla con Karabiners GP Large y cable 4 mm Mangas protectoras de goma<\/td>\n<td>TL-A4 Ancla con Karabiners Gripple D6 y cable 6 mm Mangas protectoras de goma<\/td>\n<\/tr>\n<tr>\n<td>Informaci\u00f3n del cable<\/td>\n<td>Construcci\u00f3n: 1&#215;19 ZnAl<br \/>\nResistencia a la tracci\u00f3n:<br \/>\n1 770 N\/mm\u00b2<br \/>\nLongitud: 3,5 m<\/td>\n<td>Construcci\u00f3n: 1&#215;19 ZnAl<br \/>\nResistencia a la tracci\u00f3n:<br \/>\n1 770 N\/mm\u00b2<br \/>\nLongitud: 4,5 m<\/td>\n<td>Construcci\u00f3n: 7&#215;19 ZnAl<br \/>\nResistencia a la tracci\u00f3n:<br \/>\n1 770 N\/mm\u00b2<br \/>\nLongitud: 5 m<\/td>\n<td>Construcci\u00f3n: 7&#215;19 ZnAl<br \/>\nResistencia a la tracci\u00f3n:<br \/>\n1 770 N\/mm\u00b2<br \/>\nLongitud: 7 m<\/td>\n<\/tr>\n<tr>\n<td>Herramientas de instalaci\u00f3n<\/td>\n<td>Varillas de clavado DR-A2-1.5M<\/td>\n<td>Varillas de clavado DR-A34-1.5M<\/td>\n<td>Varillas de clavado DR-A34-1.8M<\/td>\n<td>Varillas de clavado DR-A34-1.8M<\/td>\n<\/tr>\n<tr>\n<td>M\u00e9todo de instalaci\u00f3n<\/td>\n<td>Clavadora IBF-52<\/td>\n<td>Clavadora IBF-52<\/td>\n<td>Clavadora IBF-52<\/td>\n<td>Clavadora IBF-82<\/td>\n<\/tr>\n<tr>\n<td>M\u00e9todo de tensado<\/td>\n<td>Pinza de tensi\u00f3n<\/td>\n<td>Pinza de tensi\u00f3n<\/td>\n<td>Pinza de tensi\u00f3n<\/td>\n<td>Pinza de tensi\u00f3n<\/td>\n<\/tr>\n<\/tbody>\n<\/table>\n<p>Las soluciones de Gripple permiten ahorrar tiempo durante la instalaci\u00f3n gracias a su facilidad de uso y dise\u00f1o intuitivo. A continuaci\u00f3n, puede ver el producto en acci\u00f3n.<\/p>","protected":false},"featured_media":2550,"template":"","meta":{"_joinchat":[]},"product_brand":[],"product_cat":[279],"product_tag":[532,522,523,476,85,494,533,536,537,534,527,524,520,519,521,517,474,473,528,497,489,518,526,525,531,475,495,535,529,496,530],"class_list":{"0":"post-2536","1":"product","2":"type-product","3":"status-publish","4":"has-post-thumbnail","6":"product_cat-gripple","7":"product_tag-alambre","8":"product_tag-ancla","9":"product_tag-anclaje","10":"product_tag-anclas","11":"product_tag-bulon","12":"product_tag-cepellones","13":"product_tag-control-de-la-erosion","14":"product_tag-control-de-roedores","15":"product_tag-control-hierbas-invasivas","16":"product_tag-estabilizacion-de-taludes","17":"product_tag-garrota","18":"product_tag-gavion","19":"product_tag-geocelda","20":"product_tag-geomalla","21":"product_tag-geomembrana","22":"product_tag-geotextil","23":"product_tag-gripple","24":"product_tag-gripple-plus","25":"product_tag-gunitado","26":"product_tag-kit-de-enderezado","27":"product_tag-liner-lock","28":"product_tag-manta","29":"product_tag-micro-pilote","30":"product_tag-muro-krainer","31":"product_tag-pinza-tensora","32":"product_tag-piquetas","33":"product_tag-prbk","34":"product_tag-taludes","35":"product_tag-tensor","36":"product_tag-tgk","37":"product_tag-tractel","39":"first","40":"instock","41":"taxable","42":"shipping-taxable","43":"purchasable","44":"product-type-variable"},"_links":{"self":[{"href":"https:\/\/iberfence.com\/it\/wp-json\/wp\/v2\/product\/2536","targetHints":{"allow":["GET"]}}],"collection":[{"href":"https:\/\/iberfence.com\/it\/wp-json\/wp\/v2\/product"}],"about":[{"href":"https:\/\/iberfence.com\/it\/wp-json\/wp\/v2\/types\/product"}],"version-history":[{"count":0,"href":"https:\/\/iberfence.com\/it\/wp-json\/wp\/v2\/product\/2536\/revisions"}],"wp:featuredmedia":[{"embeddable":true,"href":"https:\/\/iberfence.com\/it\/wp-json\/wp\/v2\/media\/2550"}],"wp:attachment":[{"href":"https:\/\/iberfence.com\/it\/wp-json\/wp\/v2\/media?parent=2536"}],"wp:term":[{"taxonomy":"product_brand","embeddable":true,"href":"https:\/\/iberfence.com\/it\/wp-json\/wp\/v2\/product_brand?post=2536"},{"taxonomy":"product_cat","embeddable":true,"href":"https:\/\/iberfence.com\/it\/wp-json\/wp\/v2\/product_cat?post=2536"},{"taxonomy":"product_tag","embeddable":true,"href":"https:\/\/iberfence.com\/it\/wp-json\/wp\/v2\/product_tag?post=2536"}],"curies":[{"name":"wp","href":"https:\/\/api.w.org\/{rel}","templated":true}]}}