{"id":2487,"date":"2023-02-02T17:09:42","date_gmt":"2023-02-02T15:09:42","guid":{"rendered":"https:\/\/iberfence.com\/?post_type=product&#038;p=2487"},"modified":"2023-07-12T12:00:01","modified_gmt":"2023-07-12T10:00:01","slug":"gripple-liner-lock-tl-30ll","status":"publish","type":"product","link":"https:\/\/iberfence.com\/it\/prodotto\/gripple-liner-lock-tl-30ll\/","title":{"rendered":"Gripple Liner-Lock&#x2122; TL-30LL"},"content":{"rendered":"<p><span dir=\"ltr\" role=\"presentation\">Liner-Lock&#x2122; TL-30LL<\/span> <span dir=\"ltr\" role=\"presentation\">con cable de 3 mm de <\/span><span dir=\"ltr\" role=\"presentation\">zinc-aluminio prensado sobre <\/span><span dir=\"ltr\" role=\"presentation\">un ancla TL-A2<\/span><\/p>","protected":false},"excerpt":{"rendered":"<p>Sistema de anclaje para asegurar geomembranas impermeables; previene el movimiento de la membrana durante la obra.<\/p>\n<ul>\n<li>Resistente \u2013 permite estabilizar pendientes ajust\u00e1ndose a las propiedades del suelo y proporcionando resistencia contra las fuerzas del exterior<\/li>\n<li>Duradero \u2013 constru\u00eddo con materiales qu\u00edmicos resistentes e inertes,<br \/>\nasegurando una vida larga en la mayor\u00eda de condiciones<\/li>\n<li>Sellado \u2013 hace que la membrana sea herm\u00e9tica, reduciendo el n\u00famero de<br \/>\nsoldaduras, zanjas y bolsas de arena<\/li>\n<li>Compatible \u2013 su mecanismo \u2018de amarre\u2019 permite conectar otras mallas y<br \/>\ngeosint\u00e9ticos en obra por ej. geoceldas para eliminar deslizamientos<\/li>\n<li>Seguro \u2013 los bordes de metal est\u00e1n completamente recubiertos por pl\u00e1stico<\/li>\n<li>Vers\u00e1til \u2013 puede utilizarse con una amplia gama de geosint\u00e9ticos<\/li>\n<li>Fuerte \u2013 su sistema de dos piezas puede fijarse alrededor de la membrana<br \/>\ncon dos o cuatro puntos de fijaci\u00f3n, ofreciendo alta fuerza de sujeci\u00f3n y<br \/>\nresistencia al filtrado adem\u00e1s de reparar perforaciones<\/li>\n<\/ul>\n<p><img decoding=\"async\" class=\"alignnone wp-image-2493\" src=\"https:\/\/iberfence.com\/wp-content\/uploads\/2023\/02\/liner-lock-300x200.webp\" alt=\"Gripple Liner-Lock\" width=\"185\" height=\"123\" srcset=\"https:\/\/iberfence.com\/wp-content\/uploads\/2023\/02\/liner-lock-300x200.webp 300w, https:\/\/iberfence.com\/wp-content\/uploads\/2023\/02\/liner-lock-scaled-250x167.webp 250w, https:\/\/iberfence.com\/wp-content\/uploads\/2023\/02\/liner-lock-scaled-500x334.webp 500w, https:\/\/iberfence.com\/wp-content\/uploads\/2023\/02\/liner-lock-1024x683.webp 1024w, https:\/\/iberfence.com\/wp-content\/uploads\/2023\/02\/liner-lock-768x512.webp 768w, https:\/\/iberfence.com\/wp-content\/uploads\/2023\/02\/liner-lock-1536x1025.webp 1536w, https:\/\/iberfence.com\/wp-content\/uploads\/2023\/02\/liner-lock-2048x1366.webp 2048w\" sizes=\"(max-width: 185px) 100vw, 185px\" \/> <img decoding=\"async\" class=\"alignnone wp-image-2494\" src=\"https:\/\/iberfence.com\/wp-content\/uploads\/2023\/02\/linker-lock-2-300x200.webp\" alt=\"Gripple Liner-Lock\" width=\"183\" height=\"122\" srcset=\"https:\/\/iberfence.com\/wp-content\/uploads\/2023\/02\/linker-lock-2-300x200.webp 300w, https:\/\/iberfence.com\/wp-content\/uploads\/2023\/02\/linker-lock-2-scaled-250x167.webp 250w, https:\/\/iberfence.com\/wp-content\/uploads\/2023\/02\/linker-lock-2-scaled-500x334.webp 500w, https:\/\/iberfence.com\/wp-content\/uploads\/2023\/02\/linker-lock-2-1024x683.webp 1024w, https:\/\/iberfence.com\/wp-content\/uploads\/2023\/02\/linker-lock-2-768x512.webp 768w, https:\/\/iberfence.com\/wp-content\/uploads\/2023\/02\/linker-lock-2-1536x1025.webp 1536w, https:\/\/iberfence.com\/wp-content\/uploads\/2023\/02\/linker-lock-2-2048x1366.webp 2048w\" sizes=\"(max-width: 183px) 100vw, 183px\" \/> <img decoding=\"async\" class=\"alignnone wp-image-2495\" src=\"https:\/\/iberfence.com\/wp-content\/uploads\/2023\/02\/linker-lock-3-300x200.webp\" alt=\"Gripple Liner-Lock\" width=\"188\" height=\"125\" \/><\/p>\n<p>Las soluciones de Gripple permiten ahorrar tiempo durante la instalaci\u00f3n gracias a su facilidad de uso y dise\u00f1o intuitivo. A continuaci\u00f3n, puede ver el producto en acci\u00f3n.<\/p>","protected":false},"featured_media":4441,"template":"","meta":{"_joinchat":[]},"product_brand":[],"product_cat":[279],"product_tag":[532,522,523,476,85,533,536,537,534,527,524,520,519,521,517,474,473,528,489,518,526,525,531,475,535,529,488,478,479,480,530],"class_list":{"0":"post-2487","1":"product","2":"type-product","3":"status-publish","4":"has-post-thumbnail","6":"product_cat-gripple","7":"product_tag-alambre","8":"product_tag-ancla","9":"product_tag-anclaje","10":"product_tag-anclas","11":"product_tag-bulon","12":"product_tag-control-de-la-erosion","13":"product_tag-control-de-roedores","14":"product_tag-control-hierbas-invasivas","15":"product_tag-estabilizacion-de-taludes","16":"product_tag-garrota","17":"product_tag-gavion","18":"product_tag-geocelda","19":"product_tag-geomalla","20":"product_tag-geomembrana","21":"product_tag-geotextil","22":"product_tag-gripple","23":"product_tag-gripple-plus","24":"product_tag-gunitado","25":"product_tag-liner-lock","26":"product_tag-manta","27":"product_tag-micro-pilote","28":"product_tag-muro-krainer","29":"product_tag-pinza-tensora","30":"product_tag-piquetas","31":"product_tag-taludes","32":"product_tag-tensor","33":"product_tag-tl-30ll","34":"product_tag-tl-a2","35":"product_tag-tl-a3","36":"product_tag-tl-a4","37":"product_tag-tractel","39":"first","40":"instock","41":"taxable","42":"shipping-taxable","43":"purchasable","44":"product-type-variable"},"_links":{"self":[{"href":"https:\/\/iberfence.com\/it\/wp-json\/wp\/v2\/product\/2487","targetHints":{"allow":["GET"]}}],"collection":[{"href":"https:\/\/iberfence.com\/it\/wp-json\/wp\/v2\/product"}],"about":[{"href":"https:\/\/iberfence.com\/it\/wp-json\/wp\/v2\/types\/product"}],"version-history":[{"count":0,"href":"https:\/\/iberfence.com\/it\/wp-json\/wp\/v2\/product\/2487\/revisions"}],"wp:featuredmedia":[{"embeddable":true,"href":"https:\/\/iberfence.com\/it\/wp-json\/wp\/v2\/media\/4441"}],"wp:attachment":[{"href":"https:\/\/iberfence.com\/it\/wp-json\/wp\/v2\/media?parent=2487"}],"wp:term":[{"taxonomy":"product_brand","embeddable":true,"href":"https:\/\/iberfence.com\/it\/wp-json\/wp\/v2\/product_brand?post=2487"},{"taxonomy":"product_cat","embeddable":true,"href":"https:\/\/iberfence.com\/it\/wp-json\/wp\/v2\/product_cat?post=2487"},{"taxonomy":"product_tag","embeddable":true,"href":"https:\/\/iberfence.com\/it\/wp-json\/wp\/v2\/product_tag?post=2487"}],"curies":[{"name":"wp","href":"https:\/\/api.w.org\/{rel}","templated":true}]}}