{"id":2392,"date":"2023-02-02T14:19:25","date_gmt":"2023-02-02T12:19:25","guid":{"rendered":"https:\/\/iberfence.com\/?post_type=product&#038;p=2392"},"modified":"2023-07-12T12:01:56","modified_gmt":"2023-07-12T10:01:56","slug":"gripple-tl-808-con-ancla-tl-a5","status":"publish","type":"product","link":"https:\/\/iberfence.com\/it\/prodotto\/gripple-tl-808-con-ancla-tl-a5\/","title":{"rendered":"Gripple TL-808&#x2122; con ancla TL-A5"},"content":{"rendered":"<p><span dir=\"ltr\" role=\"presentation\">TL-808<\/span> <span dir=\"ltr\" role=\"presentation\">con cable de 8 mm de zinc-<\/span><span dir=\"ltr\" role=\"presentation\">aluminio prensado sobre un ancla TL-A5<\/span><br role=\"presentation\" \/><span dir=\"ltr\" role=\"presentation\">Carga de trabajo: 3 250 kg<\/span><\/p>","protected":false},"excerpt":{"rendered":"<p><span dir=\"ltr\" role=\"presentation\">El TL-808 ayuda a reforzar taludes con <\/span><span dir=\"ltr\" role=\"presentation\">pendientes pronunciadas, reduciendo el impacto <\/span><span dir=\"ltr\" role=\"presentation\">en el terreno y los costes de instalaci\u00f3n.<\/span><\/p>\n<ul>\n<li><strong>Responsable con el medioambiente<\/strong>\u00a0&#8211; sin necesidad de hormig\u00f3n o piedra, ayuda a reducir la huella de carbono<\/li>\n<li><strong>Eficiente<\/strong>\u00a0&#8211; permite trabajar en taludes con alto grado de inclinaci\u00f3n, minimizando el impacto<\/li>\n<li><strong>Ligero<\/strong>\u00a0&#8211; no a\u00f1ade sobrecarga al talud<\/li>\n<li><strong>Rapido<\/strong>\u00a0&#8211; su velocidad de instalaci\u00f3n permite ahorrar tiempo y mano de obra<\/li>\n<li><strong>Seguro<\/strong>\u00a0&#8211; su cabezal permite una fijaci\u00f3n inmediata y duradera<\/li>\n<\/ul>\n<table>\n<tbody>\n<tr>\n<td>Componente<\/td>\n<td>Tipo<\/td>\n<td>Matrial<\/td>\n<td>Especificaciones<\/td>\n<\/tr>\n<tr>\n<td>Tope y terminaci\u00f3n superior<\/td>\n<td>TL-808&#x2122;<\/td>\n<td>Cubierta de plastisol<br \/>\nAleaci\u00f3n de Zinc-Aluminio T6, PP<br \/>\nestabilizado con UV y Astaloy Mo<\/td>\n<td>Dimensiones del tope: Di\u00e1metro 200 mm, Espesor 8 mm<br \/>\nDimensiones de la terminaci\u00f3n: Di\u00e1metro 8 mm; Espesor 12 mm<\/td>\n<\/tr>\n<tr>\n<td>Ancla<\/td>\n<td>TL-A5<\/td>\n<td>Aleaci\u00f3n de aluminio LM24<\/td>\n<td>Superficie: 21,645 mm2<\/td>\n<\/tr>\n<tr>\n<td>Cable<\/td>\n<td>8MM-Z<\/td>\n<td>Zinc-Aluminio Zn-AL<br \/>\nCubierta de acero al carbono<\/td>\n<td>Di\u00e1metro: 8 mm, construcci\u00f3n 7&#215;19<br \/>\n(Resistencia a la tracci\u00f3n 41 kN \/ mm\u00b2 norma DIN 3053)<\/td>\n<\/tr>\n<tr>\n<td>Terminaci\u00f3n inferior<\/td>\n<td>Anilla<\/td>\n<td>Aluminio<\/td>\n<td>Longitud: 32 mm<br \/>\nEspesor: 4 mm<\/td>\n<\/tr>\n<\/tbody>\n<\/table>\n<p>Las soluciones de Gripple permiten ahorrar tiempo durante la instalaci\u00f3n gracias a su facilidad de uso y dise\u00f1o intuitivo. A continuaci\u00f3n, puede ver el producto en acci\u00f3n.<\/p>","protected":false},"featured_media":4443,"template":"","meta":{"_joinchat":[]},"product_brand":[],"product_cat":[279],"product_tag":[476,474,473,475,484,478,479,480],"class_list":{"0":"post-2392","1":"product","2":"type-product","3":"status-publish","4":"has-post-thumbnail","6":"product_cat-gripple","7":"product_tag-anclas","8":"product_tag-gripple","9":"product_tag-gripple-plus","10":"product_tag-piquetas","11":"product_tag-tl-808","12":"product_tag-tl-a2","13":"product_tag-tl-a3","14":"product_tag-tl-a4","16":"first","17":"instock","18":"taxable","19":"shipping-taxable","20":"purchasable","21":"product-type-variable"},"_links":{"self":[{"href":"https:\/\/iberfence.com\/it\/wp-json\/wp\/v2\/product\/2392","targetHints":{"allow":["GET"]}}],"collection":[{"href":"https:\/\/iberfence.com\/it\/wp-json\/wp\/v2\/product"}],"about":[{"href":"https:\/\/iberfence.com\/it\/wp-json\/wp\/v2\/types\/product"}],"version-history":[{"count":0,"href":"https:\/\/iberfence.com\/it\/wp-json\/wp\/v2\/product\/2392\/revisions"}],"wp:featuredmedia":[{"embeddable":true,"href":"https:\/\/iberfence.com\/it\/wp-json\/wp\/v2\/media\/4443"}],"wp:attachment":[{"href":"https:\/\/iberfence.com\/it\/wp-json\/wp\/v2\/media?parent=2392"}],"wp:term":[{"taxonomy":"product_brand","embeddable":true,"href":"https:\/\/iberfence.com\/it\/wp-json\/wp\/v2\/product_brand?post=2392"},{"taxonomy":"product_cat","embeddable":true,"href":"https:\/\/iberfence.com\/it\/wp-json\/wp\/v2\/product_cat?post=2392"},{"taxonomy":"product_tag","embeddable":true,"href":"https:\/\/iberfence.com\/it\/wp-json\/wp\/v2\/product_tag?post=2392"}],"curies":[{"name":"wp","href":"https:\/\/api.w.org\/{rel}","templated":true}]}}