{"id":2364,"date":"2023-02-02T13:33:42","date_gmt":"2023-02-02T11:33:42","guid":{"rendered":"https:\/\/iberfence.com\/?post_type=product&#038;p=2364"},"modified":"2023-07-12T12:01:43","modified_gmt":"2023-07-12T10:01:43","slug":"gripple-tl-304-con-ancla-tl-a3","status":"publish","type":"product","link":"https:\/\/iberfence.com\/it\/prodotto\/gripple-tl-304-con-ancla-tl-a3\/","title":{"rendered":"Gripple TL-304&#x2122; con ancla TL-A3"},"content":{"rendered":"<p><span dir=\"ltr\" role=\"presentation\">TL-304<\/span> <span dir=\"ltr\" role=\"presentation\">con cable de 3 mm de zinc-<\/span><span dir=\"ltr\" role=\"presentation\">aluminio prensado sobre un ancla TL-A3<\/span><\/p>\n<p><span dir=\"ltr\" role=\"presentation\">Carga de trabajo: 450 kg<\/span><\/p>","protected":false},"excerpt":{"rendered":"<p>Asegura geotextiles y mantas antierosi\u00f3n, facilitando el crecimiento de la vegetaci\u00f3n para aplicaciones de control de la erosi\u00f3n y estabilizaci\u00f3n del suelo.<\/p>\n<ul>\n<li>Su tope abierto facilita el crecimiento de la vegetaci\u00f3n<\/li>\n<li>Tope de \u00d8 100 mm<\/li>\n<li>Se puede utilizar con cable de \u00d83 mm<\/li>\n<li>Fabricado en una sola pieza de Zamac<\/li>\n<li>El kit listo para usar permite ahorrar tiempo y trabajo<\/li>\n<li>Se puede cortar el cable a ras de suelo<\/li>\n<li>Disponible con cable de longitud de 1 m (est\u00e1ndar) y de 1,5 m bajo pedido<\/li>\n<\/ul>\n<table>\n<tbody>\n<tr>\n<td>Componente<\/td>\n<td>Tipo<\/td>\n<td>Material<\/td>\n<td>Especificaciones<\/td>\n<\/tr>\n<tr>\n<td>Tope<\/td>\n<td>TL-100<\/td>\n<td>Aleaci\u00f3n de Zinc-Aluminio ZA 2 y<br \/>\ncer\u00e1mica<\/td>\n<td>Di\u00e1metro del tope: 100 mm<br \/>\nTemperatura de trabajo: -40 \u00baC to +60 \u00baC<br \/>\nTapa de PP estabilizado con UV<\/td>\n<\/tr>\n<tr>\n<td>Ancla<\/td>\n<td>TL-A2<\/p>\n<p>TL-A3<\/td>\n<td>Aleaci\u00f3n de Zinc-Aluminio &#8211; ZA2<\/td>\n<td>Superficie: 1 940 mm\u00b2<\/p>\n<p>Superficie: 3 870 mm\u00b2<\/td>\n<\/tr>\n<tr>\n<td>Cable Acero<\/td>\n<td>3MM-Z<\/td>\n<td>Zinc-Aluminio Zn-AL<br \/>\nCubierta de acero al carbono<\/td>\n<td>Di\u00e1metro: 3 mm, 1&#215;19 cable<br \/>\n(1 770 N\/mm2 Resistencia a la tracci\u00f3n DIN 3053)<\/td>\n<\/tr>\n<tr>\n<td>Abrazadera<\/td>\n<td>Anillo<\/td>\n<td>Aluminio<\/td>\n<td>Longitud: 12,8 mm<br \/>\nEspesor: 1,5 mm<\/td>\n<\/tr>\n<\/tbody>\n<\/table>\n<p><img fetchpriority=\"high\" decoding=\"async\" class=\"alignnone size-medium wp-image-2368\" src=\"https:\/\/iberfence.com\/wp-content\/uploads\/2023\/02\/tl304-300x200.webp\" alt=\"\" width=\"300\" height=\"200\" srcset=\"https:\/\/iberfence.com\/wp-content\/uploads\/2023\/02\/tl304-300x200.webp 300w, https:\/\/iberfence.com\/wp-content\/uploads\/2023\/02\/tl304-scaled-250x167.webp 250w, https:\/\/iberfence.com\/wp-content\/uploads\/2023\/02\/tl304-scaled-500x334.webp 500w, https:\/\/iberfence.com\/wp-content\/uploads\/2023\/02\/tl304-1024x683.webp 1024w, https:\/\/iberfence.com\/wp-content\/uploads\/2023\/02\/tl304-768x512.webp 768w, https:\/\/iberfence.com\/wp-content\/uploads\/2023\/02\/tl304-1536x1025.webp 1536w, https:\/\/iberfence.com\/wp-content\/uploads\/2023\/02\/tl304-2048x1366.webp 2048w\" sizes=\"(max-width: 300px) 100vw, 300px\" \/> <img decoding=\"async\" class=\"alignnone wp-image-2369\" src=\"https:\/\/iberfence.com\/wp-content\/uploads\/2023\/02\/tl3042-300x225.webp\" alt=\"\" width=\"264\" height=\"198\" srcset=\"https:\/\/iberfence.com\/wp-content\/uploads\/2023\/02\/tl3042-300x225.webp 300w, https:\/\/iberfence.com\/wp-content\/uploads\/2023\/02\/tl3042-250x188.webp 250w, https:\/\/iberfence.com\/wp-content\/uploads\/2023\/02\/tl3042-500x375.webp 500w, https:\/\/iberfence.com\/wp-content\/uploads\/2023\/02\/tl3042-1024x768.webp 1024w, https:\/\/iberfence.com\/wp-content\/uploads\/2023\/02\/tl3042-768x576.webp 768w, https:\/\/iberfence.com\/wp-content\/uploads\/2023\/02\/tl3042-1536x1152.webp 1536w, https:\/\/iberfence.com\/wp-content\/uploads\/2023\/02\/tl3042.webp 1600w\" sizes=\"(max-width: 264px) 100vw, 264px\" \/><\/p>\n<p>Las soluciones de Gripple permiten ahorrar tiempo durante la instalaci\u00f3n gracias a su facilidad de uso y dise\u00f1o intuitivo. A continuaci\u00f3n, puede ver el producto en acci\u00f3n.<\/p>","protected":false},"featured_media":4443,"template":"","meta":{"_joinchat":[]},"product_brand":[],"product_cat":[279],"product_tag":[532,522,523,476,85,533,536,537,534,527,524,520,519,521,517,474,473,528,518,526,525,531,475,535,529,481,478,479,480,530],"class_list":{"0":"post-2364","1":"product","2":"type-product","3":"status-publish","4":"has-post-thumbnail","6":"product_cat-gripple","7":"product_tag-alambre","8":"product_tag-ancla","9":"product_tag-anclaje","10":"product_tag-anclas","11":"product_tag-bulon","12":"product_tag-control-de-la-erosion","13":"product_tag-control-de-roedores","14":"product_tag-control-hierbas-invasivas","15":"product_tag-estabilizacion-de-taludes","16":"product_tag-garrota","17":"product_tag-gavion","18":"product_tag-geocelda","19":"product_tag-geomalla","20":"product_tag-geomembrana","21":"product_tag-geotextil","22":"product_tag-gripple","23":"product_tag-gripple-plus","24":"product_tag-gunitado","25":"product_tag-manta","26":"product_tag-micro-pilote","27":"product_tag-muro-krainer","28":"product_tag-pinza-tensora","29":"product_tag-piquetas","30":"product_tag-taludes","31":"product_tag-tensor","32":"product_tag-tl-304","33":"product_tag-tl-a2","34":"product_tag-tl-a3","35":"product_tag-tl-a4","36":"product_tag-tractel","38":"first","39":"instock","40":"taxable","41":"shipping-taxable","42":"purchasable","43":"product-type-variable"},"_links":{"self":[{"href":"https:\/\/iberfence.com\/it\/wp-json\/wp\/v2\/product\/2364","targetHints":{"allow":["GET"]}}],"collection":[{"href":"https:\/\/iberfence.com\/it\/wp-json\/wp\/v2\/product"}],"about":[{"href":"https:\/\/iberfence.com\/it\/wp-json\/wp\/v2\/types\/product"}],"version-history":[{"count":0,"href":"https:\/\/iberfence.com\/it\/wp-json\/wp\/v2\/product\/2364\/revisions"}],"wp:featuredmedia":[{"embeddable":true,"href":"https:\/\/iberfence.com\/it\/wp-json\/wp\/v2\/media\/4443"}],"wp:attachment":[{"href":"https:\/\/iberfence.com\/it\/wp-json\/wp\/v2\/media?parent=2364"}],"wp:term":[{"taxonomy":"product_brand","embeddable":true,"href":"https:\/\/iberfence.com\/it\/wp-json\/wp\/v2\/product_brand?post=2364"},{"taxonomy":"product_cat","embeddable":true,"href":"https:\/\/iberfence.com\/it\/wp-json\/wp\/v2\/product_cat?post=2364"},{"taxonomy":"product_tag","embeddable":true,"href":"https:\/\/iberfence.com\/it\/wp-json\/wp\/v2\/product_tag?post=2364"}],"curies":[{"name":"wp","href":"https:\/\/api.w.org\/{rel}","templated":true}]}}