{"id":1376,"date":"2022-10-04T15:42:23","date_gmt":"2022-10-04T13:42:23","guid":{"rendered":"https:\/\/iberfence.com\/?post_type=product&#038;p=1376"},"modified":"2023-05-17T09:16:53","modified_gmt":"2023-05-17T07:16:53","slug":"llave-hexagonal-4mm","status":"publish","type":"product","link":"https:\/\/iberfence.com\/it\/prodotto\/llave-hexagonal-4mm\/","title":{"rendered":"LLAVE, HEXAGONAL 4MM"},"content":{"rendered":"<p>Si quieres ver en los resultados la diferencia, utiliza recambios AUT\u00c9NTICOS.<\/p>","protected":false},"excerpt":{"rendered":"<p>\u00danicamente el repuesto aut\u00e9ntico cumple con los requisitos de calidad m\u00e1s exigentes, brindando el m\u00e1ximo confort, seguridad y garant\u00eda a los usuarios de nuestros productos.<\/p>","protected":false},"featured_media":1269,"template":"","meta":{"_joinchat":[]},"product_brand":[],"product_cat":[54,32],"product_tag":[250,249,246],"class_list":{"0":"post-1376","1":"product","2":"type-product","3":"status-publish","4":"has-post-thumbnail","6":"product_cat-honda-gx-35","7":"product_cat-categoria-recambios","8":"product_tag-89221kw3000","9":"product_tag-hexagonal-4mm","10":"product_tag-llave","12":"first","13":"instock","14":"taxable","15":"shipping-taxable","16":"purchasable","17":"product-type-simple"},"_links":{"self":[{"href":"https:\/\/iberfence.com\/it\/wp-json\/wp\/v2\/product\/1376","targetHints":{"allow":["GET"]}}],"collection":[{"href":"https:\/\/iberfence.com\/it\/wp-json\/wp\/v2\/product"}],"about":[{"href":"https:\/\/iberfence.com\/it\/wp-json\/wp\/v2\/types\/product"}],"version-history":[{"count":0,"href":"https:\/\/iberfence.com\/it\/wp-json\/wp\/v2\/product\/1376\/revisions"}],"wp:featuredmedia":[{"embeddable":true,"href":"https:\/\/iberfence.com\/it\/wp-json\/wp\/v2\/media\/1269"}],"wp:attachment":[{"href":"https:\/\/iberfence.com\/it\/wp-json\/wp\/v2\/media?parent=1376"}],"wp:term":[{"taxonomy":"product_brand","embeddable":true,"href":"https:\/\/iberfence.com\/it\/wp-json\/wp\/v2\/product_brand?post=1376"},{"taxonomy":"product_cat","embeddable":true,"href":"https:\/\/iberfence.com\/it\/wp-json\/wp\/v2\/product_cat?post=1376"},{"taxonomy":"product_tag","embeddable":true,"href":"https:\/\/iberfence.com\/it\/wp-json\/wp\/v2\/product_tag?post=1376"}],"curies":[{"name":"wp","href":"https:\/\/api.w.org\/{rel}","templated":true}]}}