{"id":1375,"date":"2022-10-04T15:42:23","date_gmt":"2022-10-04T13:42:23","guid":{"rendered":"https:\/\/iberfence.com\/?post_type=product&#038;p=1375"},"modified":"2023-05-17T09:16:27","modified_gmt":"2023-05-17T07:16:27","slug":"llave-bujias-16x19","status":"publish","type":"product","link":"https:\/\/iberfence.com\/it\/prodotto\/llave-bujias-16x19\/","title":{"rendered":"LLAVE, BUJIAS (16X19)"},"content":{"rendered":"<p>Notar\u00e1s la diferencia en los resultados con el recambio ORIGINAL.<\/p>","protected":false},"excerpt":{"rendered":"<p>Solo las piezas originales de reemplazo satisfacen los estrictos est\u00e1ndares de calidad que garantizan el m\u00e1ximo confort, seguridad y garant\u00eda a los usuarios de nuestros productos.<\/p>","protected":false},"featured_media":1269,"template":"","meta":{"_joinchat":[]},"product_brand":[],"product_cat":[54,32],"product_tag":[248,247,246],"class_list":{"0":"post-1375","1":"product","2":"type-product","3":"status-publish","4":"has-post-thumbnail","6":"product_cat-honda-gx-35","7":"product_cat-categoria-recambios","8":"product_tag-89216vj3j10","9":"product_tag-bujias-16x19","10":"product_tag-llave","12":"first","13":"instock","14":"taxable","15":"shipping-taxable","16":"purchasable","17":"product-type-simple"},"_links":{"self":[{"href":"https:\/\/iberfence.com\/it\/wp-json\/wp\/v2\/product\/1375","targetHints":{"allow":["GET"]}}],"collection":[{"href":"https:\/\/iberfence.com\/it\/wp-json\/wp\/v2\/product"}],"about":[{"href":"https:\/\/iberfence.com\/it\/wp-json\/wp\/v2\/types\/product"}],"version-history":[{"count":0,"href":"https:\/\/iberfence.com\/it\/wp-json\/wp\/v2\/product\/1375\/revisions"}],"wp:featuredmedia":[{"embeddable":true,"href":"https:\/\/iberfence.com\/it\/wp-json\/wp\/v2\/media\/1269"}],"wp:attachment":[{"href":"https:\/\/iberfence.com\/it\/wp-json\/wp\/v2\/media?parent=1375"}],"wp:term":[{"taxonomy":"product_brand","embeddable":true,"href":"https:\/\/iberfence.com\/it\/wp-json\/wp\/v2\/product_brand?post=1375"},{"taxonomy":"product_cat","embeddable":true,"href":"https:\/\/iberfence.com\/it\/wp-json\/wp\/v2\/product_cat?post=1375"},{"taxonomy":"product_tag","embeddable":true,"href":"https:\/\/iberfence.com\/it\/wp-json\/wp\/v2\/product_tag?post=1375"}],"curies":[{"name":"wp","href":"https:\/\/api.w.org\/{rel}","templated":true}]}}