{"id":1367,"date":"2022-10-04T15:42:23","date_gmt":"2022-10-04T13:42:23","guid":{"rendered":"https:\/\/iberfence.com\/?post_type=product&#038;p=1367"},"modified":"2023-05-17T10:08:21","modified_gmt":"2023-05-17T08:08:21","slug":"tuerca","status":"publish","type":"product","link":"https:\/\/iberfence.com\/it\/prodotto\/tuerca\/","title":{"rendered":"TUERCA 90206ZM3000"},"content":{"rendered":"<p>El recambio ORIGINAL marca la diferencia.<\/p>","protected":false},"excerpt":{"rendered":"<p>Con nuestros recambios genuinos, obtendr\u00e1s el m\u00e1ximo confort, seguridad y garant\u00eda, dado que todos cumplen con los est\u00e1ndares de calidad m\u00e1s exigentes.<\/p>","protected":false},"featured_media":1269,"template":"","meta":{"_joinchat":[]},"product_brand":[],"product_cat":[54,32],"product_tag":[231,230],"class_list":{"0":"post-1367","1":"product","2":"type-product","3":"status-publish","4":"has-post-thumbnail","6":"product_cat-honda-gx-35","7":"product_cat-categoria-recambios","8":"product_tag-90206zm3000","9":"product_tag-tuerca","11":"first","12":"instock","13":"taxable","14":"shipping-taxable","15":"purchasable","16":"product-type-simple"},"_links":{"self":[{"href":"https:\/\/iberfence.com\/it\/wp-json\/wp\/v2\/product\/1367","targetHints":{"allow":["GET"]}}],"collection":[{"href":"https:\/\/iberfence.com\/it\/wp-json\/wp\/v2\/product"}],"about":[{"href":"https:\/\/iberfence.com\/it\/wp-json\/wp\/v2\/types\/product"}],"version-history":[{"count":0,"href":"https:\/\/iberfence.com\/it\/wp-json\/wp\/v2\/product\/1367\/revisions"}],"wp:featuredmedia":[{"embeddable":true,"href":"https:\/\/iberfence.com\/it\/wp-json\/wp\/v2\/media\/1269"}],"wp:attachment":[{"href":"https:\/\/iberfence.com\/it\/wp-json\/wp\/v2\/media?parent=1367"}],"wp:term":[{"taxonomy":"product_brand","embeddable":true,"href":"https:\/\/iberfence.com\/it\/wp-json\/wp\/v2\/product_brand?post=1367"},{"taxonomy":"product_cat","embeddable":true,"href":"https:\/\/iberfence.com\/it\/wp-json\/wp\/v2\/product_cat?post=1367"},{"taxonomy":"product_tag","embeddable":true,"href":"https:\/\/iberfence.com\/it\/wp-json\/wp\/v2\/product_tag?post=1367"}],"curies":[{"name":"wp","href":"https:\/\/api.w.org\/{rel}","templated":true}]}}