{"id":1361,"date":"2022-10-04T15:42:15","date_gmt":"2022-10-04T13:42:15","guid":{"rendered":"https:\/\/iberfence.com\/?post_type=product&#038;p=1361"},"modified":"2023-05-26T10:17:52","modified_gmt":"2023-05-26T08:17:52","slug":"tornillo-casquillo-5x25","status":"publish","type":"product","link":"https:\/\/iberfence.com\/it\/prodotto\/tornillo-casquillo-5x25\/","title":{"rendered":"TORNILLO, CASQUILLO, 5X25"},"content":{"rendered":"<p>Marca la diferencia adquiriendo nuestras piezas de recambio AUT\u00c9NTICAS.<\/p>","protected":false},"excerpt":{"rendered":"<p>Tan solo el repuesto genuino satisface los est\u00e1ndares de calidad m\u00e1s elevados, ofreciendo el m\u00e1ximo confort, seguridad y garant\u00eda a nuestros clientes.<\/p>","protected":false},"featured_media":1269,"template":"","meta":{"_joinchat":[]},"product_brand":[],"product_cat":[54,32],"product_tag":[219,220,216,197],"class_list":{"0":"post-1361","1":"product","2":"type-product","3":"status-publish","4":"has-post-thumbnail","6":"product_cat-honda-gx-35","7":"product_cat-categoria-recambios","8":"product_tag-5x25","9":"product_tag-90009z3f901","10":"product_tag-casquillo","11":"product_tag-tornillo","13":"first","14":"instock","15":"taxable","16":"shipping-taxable","17":"purchasable","18":"product-type-simple"},"_links":{"self":[{"href":"https:\/\/iberfence.com\/it\/wp-json\/wp\/v2\/product\/1361","targetHints":{"allow":["GET"]}}],"collection":[{"href":"https:\/\/iberfence.com\/it\/wp-json\/wp\/v2\/product"}],"about":[{"href":"https:\/\/iberfence.com\/it\/wp-json\/wp\/v2\/types\/product"}],"version-history":[{"count":0,"href":"https:\/\/iberfence.com\/it\/wp-json\/wp\/v2\/product\/1361\/revisions"}],"wp:featuredmedia":[{"embeddable":true,"href":"https:\/\/iberfence.com\/it\/wp-json\/wp\/v2\/media\/1269"}],"wp:attachment":[{"href":"https:\/\/iberfence.com\/it\/wp-json\/wp\/v2\/media?parent=1361"}],"wp:term":[{"taxonomy":"product_brand","embeddable":true,"href":"https:\/\/iberfence.com\/it\/wp-json\/wp\/v2\/product_brand?post=1361"},{"taxonomy":"product_cat","embeddable":true,"href":"https:\/\/iberfence.com\/it\/wp-json\/wp\/v2\/product_cat?post=1361"},{"taxonomy":"product_tag","embeddable":true,"href":"https:\/\/iberfence.com\/it\/wp-json\/wp\/v2\/product_tag?post=1361"}],"curies":[{"name":"wp","href":"https:\/\/api.w.org\/{rel}","templated":true}]}}