{"id":1360,"date":"2022-10-04T15:42:15","date_gmt":"2022-10-04T13:42:15","guid":{"rendered":"https:\/\/iberfence.com\/?post_type=product&#038;p=1360"},"modified":"2023-05-26T10:12:19","modified_gmt":"2023-05-26T08:12:19","slug":"tornillo-casquillo-2","status":"publish","type":"product","link":"https:\/\/iberfence.com\/it\/prodotto\/tornillo-casquillo-2\/","title":{"rendered":"TORNILLO, CASQUILLO 90010Z3E901"},"content":{"rendered":"<p>Marca la diferencia adquiriendo nuestras piezas de recambio ORIGINAL.<\/p>","protected":false},"excerpt":{"rendered":"<p>\u00danicamente la pieza original cumple los est\u00e1ndares de calidad m\u00e1s altos, brindando el m\u00e1ximo confort, seguridad y garant\u00eda a nuestros clientes.<\/p>","protected":false},"featured_media":1269,"template":"","meta":{"_joinchat":[]},"product_brand":[],"product_cat":[54,32],"product_tag":[218,216,197],"class_list":{"0":"post-1360","1":"product","2":"type-product","3":"status-publish","4":"has-post-thumbnail","6":"product_cat-honda-gx-35","7":"product_cat-categoria-recambios","8":"product_tag-90010z3e901","9":"product_tag-casquillo","10":"product_tag-tornillo","12":"first","13":"instock","14":"taxable","15":"shipping-taxable","16":"purchasable","17":"product-type-simple"},"_links":{"self":[{"href":"https:\/\/iberfence.com\/it\/wp-json\/wp\/v2\/product\/1360","targetHints":{"allow":["GET"]}}],"collection":[{"href":"https:\/\/iberfence.com\/it\/wp-json\/wp\/v2\/product"}],"about":[{"href":"https:\/\/iberfence.com\/it\/wp-json\/wp\/v2\/types\/product"}],"version-history":[{"count":0,"href":"https:\/\/iberfence.com\/it\/wp-json\/wp\/v2\/product\/1360\/revisions"}],"wp:featuredmedia":[{"embeddable":true,"href":"https:\/\/iberfence.com\/it\/wp-json\/wp\/v2\/media\/1269"}],"wp:attachment":[{"href":"https:\/\/iberfence.com\/it\/wp-json\/wp\/v2\/media?parent=1360"}],"wp:term":[{"taxonomy":"product_brand","embeddable":true,"href":"https:\/\/iberfence.com\/it\/wp-json\/wp\/v2\/product_brand?post=1360"},{"taxonomy":"product_cat","embeddable":true,"href":"https:\/\/iberfence.com\/it\/wp-json\/wp\/v2\/product_cat?post=1360"},{"taxonomy":"product_tag","embeddable":true,"href":"https:\/\/iberfence.com\/it\/wp-json\/wp\/v2\/product_tag?post=1360"}],"curies":[{"name":"wp","href":"https:\/\/api.w.org\/{rel}","templated":true}]}}