{"id":1359,"date":"2022-10-04T15:42:14","date_gmt":"2022-10-04T13:42:14","guid":{"rendered":"https:\/\/iberfence.com\/?post_type=product&#038;p=1359"},"modified":"2023-05-17T09:59:31","modified_gmt":"2023-05-17T07:59:31","slug":"tornillo-casquillo","status":"publish","type":"product","link":"https:\/\/iberfence.com\/it\/prodotto\/tornillo-casquillo\/","title":{"rendered":"TORNILLO, CASQUILLO 90009Z3E901"},"content":{"rendered":"<p>Si te gustar\u00eda marcar la diferencia, adquiere nuestros recambios ORIGINALES.<\/p>","protected":false},"excerpt":{"rendered":"<p>Solamente la pieza de repuesto aut\u00e9ntica cumple con los m\u00e1s altos est\u00e1ndares de calidad, ofreciendo el m\u00e1ximo confort, seguridad y garant\u00eda a nuestros clientes.<\/p>","protected":false},"featured_media":1269,"template":"","meta":{"_joinchat":[]},"product_brand":[],"product_cat":[54,32],"product_tag":[217,216,197],"class_list":{"0":"post-1359","1":"product","2":"type-product","3":"status-publish","4":"has-post-thumbnail","6":"product_cat-honda-gx-35","7":"product_cat-categoria-recambios","8":"product_tag-90009z3e901","9":"product_tag-casquillo","10":"product_tag-tornillo","12":"first","13":"instock","14":"taxable","15":"shipping-taxable","16":"purchasable","17":"product-type-simple"},"_links":{"self":[{"href":"https:\/\/iberfence.com\/it\/wp-json\/wp\/v2\/product\/1359","targetHints":{"allow":["GET"]}}],"collection":[{"href":"https:\/\/iberfence.com\/it\/wp-json\/wp\/v2\/product"}],"about":[{"href":"https:\/\/iberfence.com\/it\/wp-json\/wp\/v2\/types\/product"}],"version-history":[{"count":0,"href":"https:\/\/iberfence.com\/it\/wp-json\/wp\/v2\/product\/1359\/revisions"}],"wp:featuredmedia":[{"embeddable":true,"href":"https:\/\/iberfence.com\/it\/wp-json\/wp\/v2\/media\/1269"}],"wp:attachment":[{"href":"https:\/\/iberfence.com\/it\/wp-json\/wp\/v2\/media?parent=1359"}],"wp:term":[{"taxonomy":"product_brand","embeddable":true,"href":"https:\/\/iberfence.com\/it\/wp-json\/wp\/v2\/product_brand?post=1359"},{"taxonomy":"product_cat","embeddable":true,"href":"https:\/\/iberfence.com\/it\/wp-json\/wp\/v2\/product_cat?post=1359"},{"taxonomy":"product_tag","embeddable":true,"href":"https:\/\/iberfence.com\/it\/wp-json\/wp\/v2\/product_tag?post=1359"}],"curies":[{"name":"wp","href":"https:\/\/api.w.org\/{rel}","templated":true}]}}