{"id":1357,"date":"2022-10-04T15:42:14","date_gmt":"2022-10-04T13:42:14","guid":{"rendered":"https:\/\/iberfence.com\/?post_type=product&#038;p=1357"},"modified":"2023-05-17T09:59:56","modified_gmt":"2023-05-17T07:59:56","slug":"tornillo-collarin-5x565","status":"publish","type":"product","link":"https:\/\/iberfence.com\/it\/prodotto\/tornillo-collarin-5x565\/","title":{"rendered":"TORNILLO COLLARIN, 5X56,5"},"content":{"rendered":"<p>Si te gustar\u00eda marcar la diferencia, adquiere nuestros recambios AUT\u00c9NTICOS.<\/p>","protected":false},"excerpt":{"rendered":"<p>\u00danicamente la pieza original cumple los est\u00e1ndares de calidad m\u00e1s altos, asegurando el m\u00e1ximo confort, seguridad y garant\u00eda a nuestros clientes.<\/p>","protected":false},"featured_media":1269,"template":"","meta":{"_joinchat":[]},"product_brand":[],"product_cat":[54,32],"product_tag":[212,211,213,210],"class_list":{"0":"post-1357","1":"product","2":"type-product","3":"status-publish","4":"has-post-thumbnail","6":"product_cat-honda-gx-35","7":"product_cat-categoria-recambios","8":"product_tag-212","9":"product_tag-5x56","10":"product_tag-90001z0z013","11":"product_tag-tornillo-collarin","13":"first","14":"instock","15":"taxable","16":"shipping-taxable","17":"purchasable","18":"product-type-simple"},"_links":{"self":[{"href":"https:\/\/iberfence.com\/it\/wp-json\/wp\/v2\/product\/1357","targetHints":{"allow":["GET"]}}],"collection":[{"href":"https:\/\/iberfence.com\/it\/wp-json\/wp\/v2\/product"}],"about":[{"href":"https:\/\/iberfence.com\/it\/wp-json\/wp\/v2\/types\/product"}],"version-history":[{"count":0,"href":"https:\/\/iberfence.com\/it\/wp-json\/wp\/v2\/product\/1357\/revisions"}],"wp:featuredmedia":[{"embeddable":true,"href":"https:\/\/iberfence.com\/it\/wp-json\/wp\/v2\/media\/1269"}],"wp:attachment":[{"href":"https:\/\/iberfence.com\/it\/wp-json\/wp\/v2\/media?parent=1357"}],"wp:term":[{"taxonomy":"product_brand","embeddable":true,"href":"https:\/\/iberfence.com\/it\/wp-json\/wp\/v2\/product_brand?post=1357"},{"taxonomy":"product_cat","embeddable":true,"href":"https:\/\/iberfence.com\/it\/wp-json\/wp\/v2\/product_cat?post=1357"},{"taxonomy":"product_tag","embeddable":true,"href":"https:\/\/iberfence.com\/it\/wp-json\/wp\/v2\/product_tag?post=1357"}],"curies":[{"name":"wp","href":"https:\/\/api.w.org\/{rel}","templated":true}]}}