{"id":1353,"date":"2022-10-04T15:42:14","date_gmt":"2022-10-04T13:42:14","guid":{"rendered":"https:\/\/iberfence.com\/?post_type=product&#038;p=1353"},"modified":"2023-05-17T09:56:04","modified_gmt":"2023-05-17T07:56:04","slug":"tornillo-6","status":"publish","type":"product","link":"https:\/\/iberfence.com\/it\/prodotto\/tornillo-6\/","title":{"rendered":"TORNILLO 90055ZE1000"},"content":{"rendered":"<p>Haz uso del recambio AUT\u00c9NTICO si quieres notar la diferencia.<\/p>","protected":false},"excerpt":{"rendered":"<p>\u00danicamente la pieza original cumple los est\u00e1ndares de calidad m\u00e1s altos, garantizando el m\u00e1ximo confort, seguridad y garant\u00eda a nuestros clientes.<\/p>","protected":false},"featured_media":1269,"template":"","meta":{"_joinchat":[]},"product_brand":[],"product_cat":[54,32],"product_tag":[203,197],"class_list":{"0":"post-1353","1":"product","2":"type-product","3":"status-publish","4":"has-post-thumbnail","6":"product_cat-honda-gx-35","7":"product_cat-categoria-recambios","8":"product_tag-90055ze1000","9":"product_tag-tornillo","11":"first","12":"instock","13":"taxable","14":"shipping-taxable","15":"purchasable","16":"product-type-simple"},"_links":{"self":[{"href":"https:\/\/iberfence.com\/it\/wp-json\/wp\/v2\/product\/1353","targetHints":{"allow":["GET"]}}],"collection":[{"href":"https:\/\/iberfence.com\/it\/wp-json\/wp\/v2\/product"}],"about":[{"href":"https:\/\/iberfence.com\/it\/wp-json\/wp\/v2\/types\/product"}],"version-history":[{"count":0,"href":"https:\/\/iberfence.com\/it\/wp-json\/wp\/v2\/product\/1353\/revisions"}],"wp:featuredmedia":[{"embeddable":true,"href":"https:\/\/iberfence.com\/it\/wp-json\/wp\/v2\/media\/1269"}],"wp:attachment":[{"href":"https:\/\/iberfence.com\/it\/wp-json\/wp\/v2\/media?parent=1353"}],"wp:term":[{"taxonomy":"product_brand","embeddable":true,"href":"https:\/\/iberfence.com\/it\/wp-json\/wp\/v2\/product_brand?post=1353"},{"taxonomy":"product_cat","embeddable":true,"href":"https:\/\/iberfence.com\/it\/wp-json\/wp\/v2\/product_cat?post=1353"},{"taxonomy":"product_tag","embeddable":true,"href":"https:\/\/iberfence.com\/it\/wp-json\/wp\/v2\/product_tag?post=1353"}],"curies":[{"name":"wp","href":"https:\/\/api.w.org\/{rel}","templated":true}]}}