{"id":1346,"date":"2022-10-04T15:42:13","date_gmt":"2022-10-04T13:42:13","guid":{"rendered":"https:\/\/iberfence.com\/?post_type=product&#038;p=1346"},"modified":"2023-05-17T09:49:11","modified_gmt":"2023-05-17T07:49:11","slug":"tapon-deposito","status":"publish","type":"product","link":"https:\/\/iberfence.com\/it\/prodotto\/tapon-deposito\/","title":{"rendered":"TAPON DEPOSITO"},"content":{"rendered":"<p>Si quieres notar la diferencia utiliza nuestras piezas de recambio ORIGINALES.<\/p>","protected":false},"excerpt":{"rendered":"<p>Tan solo el repuesto genuino satisface los est\u00e1ndares de calidad m\u00e1s elevados, garantizando el m\u00e1ximo confort, seguridad y garant\u00eda a nuestros clientes.<\/p>","protected":false},"featured_media":1269,"template":"","meta":{"_joinchat":[]},"product_brand":[],"product_cat":[54,32],"product_tag":[194,193],"class_list":{"0":"post-1346","1":"product","2":"type-product","3":"status-publish","4":"has-post-thumbnail","6":"product_cat-honda-gx-35","7":"product_cat-categoria-recambios","8":"product_tag-17620zm3818","9":"product_tag-tapon-deposito","11":"first","12":"instock","13":"taxable","14":"shipping-taxable","15":"purchasable","16":"product-type-simple"},"_links":{"self":[{"href":"https:\/\/iberfence.com\/it\/wp-json\/wp\/v2\/product\/1346","targetHints":{"allow":["GET"]}}],"collection":[{"href":"https:\/\/iberfence.com\/it\/wp-json\/wp\/v2\/product"}],"about":[{"href":"https:\/\/iberfence.com\/it\/wp-json\/wp\/v2\/types\/product"}],"version-history":[{"count":0,"href":"https:\/\/iberfence.com\/it\/wp-json\/wp\/v2\/product\/1346\/revisions"}],"wp:featuredmedia":[{"embeddable":true,"href":"https:\/\/iberfence.com\/it\/wp-json\/wp\/v2\/media\/1269"}],"wp:attachment":[{"href":"https:\/\/iberfence.com\/it\/wp-json\/wp\/v2\/media?parent=1346"}],"wp:term":[{"taxonomy":"product_brand","embeddable":true,"href":"https:\/\/iberfence.com\/it\/wp-json\/wp\/v2\/product_brand?post=1346"},{"taxonomy":"product_cat","embeddable":true,"href":"https:\/\/iberfence.com\/it\/wp-json\/wp\/v2\/product_cat?post=1346"},{"taxonomy":"product_tag","embeddable":true,"href":"https:\/\/iberfence.com\/it\/wp-json\/wp\/v2\/product_tag?post=1346"}],"curies":[{"name":"wp","href":"https:\/\/api.w.org\/{rel}","templated":true}]}}