{"id":1317,"date":"2022-10-04T15:42:04","date_gmt":"2022-10-04T13:42:04","guid":{"rendered":"https:\/\/iberfence.com\/?post_type=product&#038;p=1317"},"modified":"2023-05-17T10:14:42","modified_gmt":"2023-05-17T08:14:42","slug":"interruptor-nivel-aceite","status":"publish","type":"product","link":"https:\/\/iberfence.com\/it\/prodotto\/interruptor-nivel-aceite\/","title":{"rendered":"INTERRUPTOR NIVEL ACEITE"},"content":{"rendered":"<p>\u00bfQuieres marcar la diferencia? Utiliza el recambio ORIGINAL.<\/p>","protected":false},"excerpt":{"rendered":"<p>Nuestros recambios genuinos aseguran el m\u00e1ximo confort, seguridad y garant\u00eda, dado que todos cumplen con los est\u00e1ndares de calidad m\u00e1s exigentes.<\/p>","protected":false},"featured_media":1269,"template":"","meta":{"_joinchat":[]},"product_brand":[],"product_cat":[54,32],"product_tag":[137,136],"class_list":{"0":"post-1317","1":"product","2":"type-product","3":"status-publish","4":"has-post-thumbnail","6":"product_cat-honda-gx-35","7":"product_cat-categoria-recambios","8":"product_tag-15510z3e000","9":"product_tag-interruptor-nivel-aceite","11":"first","12":"instock","13":"taxable","14":"shipping-taxable","15":"purchasable","16":"product-type-simple"},"_links":{"self":[{"href":"https:\/\/iberfence.com\/it\/wp-json\/wp\/v2\/product\/1317","targetHints":{"allow":["GET"]}}],"collection":[{"href":"https:\/\/iberfence.com\/it\/wp-json\/wp\/v2\/product"}],"about":[{"href":"https:\/\/iberfence.com\/it\/wp-json\/wp\/v2\/types\/product"}],"version-history":[{"count":0,"href":"https:\/\/iberfence.com\/it\/wp-json\/wp\/v2\/product\/1317\/revisions"}],"wp:featuredmedia":[{"embeddable":true,"href":"https:\/\/iberfence.com\/it\/wp-json\/wp\/v2\/media\/1269"}],"wp:attachment":[{"href":"https:\/\/iberfence.com\/it\/wp-json\/wp\/v2\/media?parent=1317"}],"wp:term":[{"taxonomy":"product_brand","embeddable":true,"href":"https:\/\/iberfence.com\/it\/wp-json\/wp\/v2\/product_brand?post=1317"},{"taxonomy":"product_cat","embeddable":true,"href":"https:\/\/iberfence.com\/it\/wp-json\/wp\/v2\/product_cat?post=1317"},{"taxonomy":"product_tag","embeddable":true,"href":"https:\/\/iberfence.com\/it\/wp-json\/wp\/v2\/product_tag?post=1317"}],"curies":[{"name":"wp","href":"https:\/\/api.w.org\/{rel}","templated":true}]}}