{"id":1314,"date":"2022-10-04T15:42:03","date_gmt":"2022-10-04T13:42:03","guid":{"rendered":"https:\/\/iberfence.com\/?post_type=product&#038;p=1314"},"modified":"2023-04-28T14:03:07","modified_gmt":"2023-04-28T12:03:07","slug":"grapa-tuberia","status":"publish","type":"product","link":"https:\/\/iberfence.com\/it\/prodotto\/grapa-tuberia\/","title":{"rendered":"GRAPA TUBERIA"},"content":{"rendered":"<p>Obtendr\u00e1s resultados diferentes utilizando el recambio ORIGINAL.<\/p>","protected":false},"excerpt":{"rendered":"<p>Para asegurar que nuestros productos cumplan con los m\u00e1s altos niveles de calidad, seguridad y garant\u00eda, es imprescindible utilizar repuestos aut\u00e9nticos que cumplan con los est\u00e1ndares de calidad m\u00e1s rigurosos.<\/p>","protected":false},"featured_media":1269,"template":"","meta":{"_joinchat":[]},"product_brand":[],"product_cat":[54,32],"product_tag":[132,131],"class_list":{"0":"post-1314","1":"product","2":"type-product","3":"status-publish","4":"has-post-thumbnail","6":"product_cat-honda-gx-35","7":"product_cat-categoria-recambios","8":"product_tag-91401z3e000","9":"product_tag-grapa-tuberia","11":"first","12":"instock","13":"taxable","14":"shipping-taxable","15":"purchasable","16":"product-type-simple"},"_links":{"self":[{"href":"https:\/\/iberfence.com\/it\/wp-json\/wp\/v2\/product\/1314","targetHints":{"allow":["GET"]}}],"collection":[{"href":"https:\/\/iberfence.com\/it\/wp-json\/wp\/v2\/product"}],"about":[{"href":"https:\/\/iberfence.com\/it\/wp-json\/wp\/v2\/types\/product"}],"version-history":[{"count":0,"href":"https:\/\/iberfence.com\/it\/wp-json\/wp\/v2\/product\/1314\/revisions"}],"wp:featuredmedia":[{"embeddable":true,"href":"https:\/\/iberfence.com\/it\/wp-json\/wp\/v2\/media\/1269"}],"wp:attachment":[{"href":"https:\/\/iberfence.com\/it\/wp-json\/wp\/v2\/media?parent=1314"}],"wp:term":[{"taxonomy":"product_brand","embeddable":true,"href":"https:\/\/iberfence.com\/it\/wp-json\/wp\/v2\/product_brand?post=1314"},{"taxonomy":"product_cat","embeddable":true,"href":"https:\/\/iberfence.com\/it\/wp-json\/wp\/v2\/product_cat?post=1314"},{"taxonomy":"product_tag","embeddable":true,"href":"https:\/\/iberfence.com\/it\/wp-json\/wp\/v2\/product_tag?post=1314"}],"curies":[{"name":"wp","href":"https:\/\/api.w.org\/{rel}","templated":true}]}}