{"id":1308,"date":"2022-10-04T15:42:03","date_gmt":"2022-10-04T13:42:03","guid":{"rendered":"https:\/\/iberfence.com\/?post_type=product&#038;p=1308"},"modified":"2023-05-17T10:11:54","modified_gmt":"2023-05-17T08:11:54","slug":"filtro-escape","status":"publish","type":"product","link":"https:\/\/iberfence.com\/it\/prodotto\/filtro-escape\/","title":{"rendered":"FILTRO ESCAPE"},"content":{"rendered":"<p>\u00danicamente la pieza de repuesto ORIGINAL satisface los requisitos m\u00e1s exigentes de calidad.<\/p>","protected":false},"excerpt":{"rendered":"<p>Al elegir nuestros recambios aut\u00e9nticos, te garantizamos el m\u00e1ximo confort, seguridad y garant\u00eda, pues todos cumplen con los m\u00e1s altos est\u00e1ndares de calidad.<\/p>","protected":false},"featured_media":1269,"template":"","meta":{"_joinchat":[]},"product_brand":[],"product_cat":[54,32],"product_tag":[120,119],"class_list":{"0":"post-1308","1":"product","2":"type-product","3":"status-publish","4":"has-post-thumbnail","6":"product_cat-honda-gx-35","7":"product_cat-categoria-recambios","8":"product_tag-18354z0z800","9":"product_tag-filtro-escape","11":"first","12":"instock","13":"taxable","14":"shipping-taxable","15":"purchasable","16":"product-type-simple"},"_links":{"self":[{"href":"https:\/\/iberfence.com\/it\/wp-json\/wp\/v2\/product\/1308","targetHints":{"allow":["GET"]}}],"collection":[{"href":"https:\/\/iberfence.com\/it\/wp-json\/wp\/v2\/product"}],"about":[{"href":"https:\/\/iberfence.com\/it\/wp-json\/wp\/v2\/types\/product"}],"version-history":[{"count":0,"href":"https:\/\/iberfence.com\/it\/wp-json\/wp\/v2\/product\/1308\/revisions"}],"wp:featuredmedia":[{"embeddable":true,"href":"https:\/\/iberfence.com\/it\/wp-json\/wp\/v2\/media\/1269"}],"wp:attachment":[{"href":"https:\/\/iberfence.com\/it\/wp-json\/wp\/v2\/media?parent=1308"}],"wp:term":[{"taxonomy":"product_brand","embeddable":true,"href":"https:\/\/iberfence.com\/it\/wp-json\/wp\/v2\/product_brand?post=1308"},{"taxonomy":"product_cat","embeddable":true,"href":"https:\/\/iberfence.com\/it\/wp-json\/wp\/v2\/product_cat?post=1308"},{"taxonomy":"product_tag","embeddable":true,"href":"https:\/\/iberfence.com\/it\/wp-json\/wp\/v2\/product_tag?post=1308"}],"curies":[{"name":"wp","href":"https:\/\/api.w.org\/{rel}","templated":true}]}}