{"id":1299,"date":"2022-10-04T15:41:55","date_gmt":"2022-10-04T13:41:55","guid":{"rendered":"https:\/\/iberfence.com\/?post_type=product&#038;p=1299"},"modified":"2023-05-17T10:24:11","modified_gmt":"2023-05-17T08:24:11","slug":"collar-4","status":"publish","type":"product","link":"https:\/\/iberfence.com\/it\/prodotto\/collar-4\/","title":{"rendered":"COLLAR (4) 91504ZM3003"},"content":{"rendered":"<p>Marca la diferencia utilizando el recambio ORIGINAL.<\/p>","protected":false},"excerpt":{"rendered":"<p>La utilizaci\u00f3n de repuestos aut\u00e9nticos que cumplen con los est\u00e1ndares de calidad m\u00e1s rigurosos es la \u00fanica forma de asegurar que nuestros productos cumplan con los m\u00e1s altos niveles de calidad, seguridad y garant\u00eda.<\/p>","protected":false},"featured_media":1269,"template":"","meta":{"_joinchat":[]},"product_brand":[],"product_cat":[54,32],"product_tag":[103,99],"class_list":{"0":"post-1299","1":"product","2":"type-product","3":"status-publish","4":"has-post-thumbnail","6":"product_cat-honda-gx-35","7":"product_cat-categoria-recambios","8":"product_tag-91504zm3003","9":"product_tag-collar","11":"first","12":"instock","13":"taxable","14":"shipping-taxable","15":"purchasable","16":"product-type-simple"},"_links":{"self":[{"href":"https:\/\/iberfence.com\/it\/wp-json\/wp\/v2\/product\/1299","targetHints":{"allow":["GET"]}}],"collection":[{"href":"https:\/\/iberfence.com\/it\/wp-json\/wp\/v2\/product"}],"about":[{"href":"https:\/\/iberfence.com\/it\/wp-json\/wp\/v2\/types\/product"}],"version-history":[{"count":0,"href":"https:\/\/iberfence.com\/it\/wp-json\/wp\/v2\/product\/1299\/revisions"}],"wp:featuredmedia":[{"embeddable":true,"href":"https:\/\/iberfence.com\/it\/wp-json\/wp\/v2\/media\/1269"}],"wp:attachment":[{"href":"https:\/\/iberfence.com\/it\/wp-json\/wp\/v2\/media?parent=1299"}],"wp:term":[{"taxonomy":"product_brand","embeddable":true,"href":"https:\/\/iberfence.com\/it\/wp-json\/wp\/v2\/product_brand?post=1299"},{"taxonomy":"product_cat","embeddable":true,"href":"https:\/\/iberfence.com\/it\/wp-json\/wp\/v2\/product_cat?post=1299"},{"taxonomy":"product_tag","embeddable":true,"href":"https:\/\/iberfence.com\/it\/wp-json\/wp\/v2\/product_tag?post=1299"}],"curies":[{"name":"wp","href":"https:\/\/api.w.org\/{rel}","templated":true}]}}