{"id":1287,"date":"2022-10-04T15:41:54","date_gmt":"2022-10-04T13:41:54","guid":{"rendered":"https:\/\/iberfence.com\/?post_type=product&#038;p=1287"},"modified":"2023-04-28T13:07:48","modified_gmt":"2023-04-28T11:07:48","slug":"bujia-cmr5h","status":"publish","type":"product","link":"https:\/\/iberfence.com\/it\/prodotto\/bujia-cmr5h\/","title":{"rendered":"BUJIA CMR5H"},"content":{"rendered":"<p>El recambio marca la diferencia.<\/p>","protected":false},"excerpt":{"rendered":"<p>Solo los recambios originales pueden cumplir con los requisitos de calidad m\u00e1s estrictos para ofrecer a los usuarios de nuestros productos la m\u00e1xima comodidad, seguridad y garant\u00eda.<\/p>","protected":false},"featured_media":1269,"template":"","meta":{"_joinchat":[]},"product_brand":[],"product_cat":[54,32],"product_tag":[82,81],"class_list":{"0":"post-1287","1":"product","2":"type-product","3":"status-publish","4":"has-post-thumbnail","6":"product_cat-honda-gx-35","7":"product_cat-categoria-recambios","8":"product_tag-31915z0h003","9":"product_tag-bujia-cmr5h","11":"first","12":"instock","13":"taxable","14":"shipping-taxable","15":"purchasable","16":"product-type-simple"},"_links":{"self":[{"href":"https:\/\/iberfence.com\/it\/wp-json\/wp\/v2\/product\/1287","targetHints":{"allow":["GET"]}}],"collection":[{"href":"https:\/\/iberfence.com\/it\/wp-json\/wp\/v2\/product"}],"about":[{"href":"https:\/\/iberfence.com\/it\/wp-json\/wp\/v2\/types\/product"}],"version-history":[{"count":0,"href":"https:\/\/iberfence.com\/it\/wp-json\/wp\/v2\/product\/1287\/revisions"}],"wp:featuredmedia":[{"embeddable":true,"href":"https:\/\/iberfence.com\/it\/wp-json\/wp\/v2\/media\/1269"}],"wp:attachment":[{"href":"https:\/\/iberfence.com\/it\/wp-json\/wp\/v2\/media?parent=1287"}],"wp:term":[{"taxonomy":"product_brand","embeddable":true,"href":"https:\/\/iberfence.com\/it\/wp-json\/wp\/v2\/product_brand?post=1287"},{"taxonomy":"product_cat","embeddable":true,"href":"https:\/\/iberfence.com\/it\/wp-json\/wp\/v2\/product_cat?post=1287"},{"taxonomy":"product_tag","embeddable":true,"href":"https:\/\/iberfence.com\/it\/wp-json\/wp\/v2\/product_tag?post=1287"}],"curies":[{"name":"wp","href":"https:\/\/api.w.org\/{rel}","templated":true}]}}