{"id":1277,"date":"2022-10-04T15:41:52","date_gmt":"2022-10-04T13:41:52","guid":{"rendered":"https:\/\/iberfence.com\/?post_type=product&#038;p=1277"},"modified":"2023-04-17T14:33:57","modified_gmt":"2023-04-17T12:33:57","slug":"abrazadera-tubo-2","status":"publish","type":"product","link":"https:\/\/iberfence.com\/it\/prodotto\/abrazadera-tubo-2\/","title":{"rendered":"ABRAZADERA, TUBO (950024130004)"},"content":{"rendered":"<p>El recambio ORIGINAL marca la diferencia.<\/p>","protected":false},"excerpt":{"rendered":"<p>\u00danicamente los repuestos originales satisfacen los est\u00e1ndares de calidad m\u00e1s rigurosos, asegurando as\u00ed la m\u00e1xima comodidad, seguridad y garant\u00eda para los usuarios de nuestros productos.<\/p>","protected":false},"featured_media":1269,"template":"","meta":{"_joinchat":[]},"product_brand":[],"product_cat":[54,32],"product_tag":[63,60,61],"class_list":{"0":"post-1277","1":"product","2":"type-product","3":"status-publish","4":"has-post-thumbnail","6":"product_cat-honda-gx-35","7":"product_cat-categoria-recambios","8":"product_tag-63","9":"product_tag-abrazadera","10":"product_tag-tubo","12":"first","13":"instock","14":"taxable","15":"shipping-taxable","16":"purchasable","17":"product-type-simple"},"_links":{"self":[{"href":"https:\/\/iberfence.com\/it\/wp-json\/wp\/v2\/product\/1277","targetHints":{"allow":["GET"]}}],"collection":[{"href":"https:\/\/iberfence.com\/it\/wp-json\/wp\/v2\/product"}],"about":[{"href":"https:\/\/iberfence.com\/it\/wp-json\/wp\/v2\/types\/product"}],"version-history":[{"count":0,"href":"https:\/\/iberfence.com\/it\/wp-json\/wp\/v2\/product\/1277\/revisions"}],"wp:featuredmedia":[{"embeddable":true,"href":"https:\/\/iberfence.com\/it\/wp-json\/wp\/v2\/media\/1269"}],"wp:attachment":[{"href":"https:\/\/iberfence.com\/it\/wp-json\/wp\/v2\/media?parent=1277"}],"wp:term":[{"taxonomy":"product_brand","embeddable":true,"href":"https:\/\/iberfence.com\/it\/wp-json\/wp\/v2\/product_brand?post=1277"},{"taxonomy":"product_cat","embeddable":true,"href":"https:\/\/iberfence.com\/it\/wp-json\/wp\/v2\/product_cat?post=1277"},{"taxonomy":"product_tag","embeddable":true,"href":"https:\/\/iberfence.com\/it\/wp-json\/wp\/v2\/product_tag?post=1277"}],"curies":[{"name":"wp","href":"https:\/\/api.w.org\/{rel}","templated":true}]}}