{"id":1276,"date":"2022-10-04T15:41:52","date_gmt":"2022-10-04T13:41:52","guid":{"rendered":"https:\/\/iberfence.com\/?post_type=product&#038;p=1276"},"modified":"2023-04-17T14:38:42","modified_gmt":"2023-04-17T12:38:42","slug":"abrazadera-tubo","status":"publish","type":"product","link":"https:\/\/iberfence.com\/it\/prodotto\/abrazadera-tubo\/","title":{"rendered":"ABRAZADERA, TUBO (950024120008)"},"content":{"rendered":"<p>El recambio ORIGINAL marca la diferencia.<\/p>","protected":false},"excerpt":{"rendered":"<p>\u00danicamente las piezas de repuesto originales satisfacen los requisitos m\u00e1s estrictos de calidad, lo que asegura la m\u00e1xima comodidad, seguridad y garant\u00eda para los usuarios de nuestros productos.<\/p>","protected":false},"featured_media":1269,"template":"","meta":{"_joinchat":[]},"product_brand":[],"product_cat":[54,32],"product_tag":[62,60,48,57,59,61],"class_list":{"0":"post-1276","1":"product","2":"type-product","3":"status-publish","4":"has-post-thumbnail","6":"product_cat-honda-gx-35","7":"product_cat-categoria-recambios","8":"product_tag-62","9":"product_tag-abrazadera","10":"product_tag-honda","11":"product_tag-recambios-honda","12":"product_tag-spare-parts","13":"product_tag-tubo","15":"first","16":"instock","17":"taxable","18":"shipping-taxable","19":"purchasable","20":"product-type-simple"},"_links":{"self":[{"href":"https:\/\/iberfence.com\/it\/wp-json\/wp\/v2\/product\/1276","targetHints":{"allow":["GET"]}}],"collection":[{"href":"https:\/\/iberfence.com\/it\/wp-json\/wp\/v2\/product"}],"about":[{"href":"https:\/\/iberfence.com\/it\/wp-json\/wp\/v2\/types\/product"}],"version-history":[{"count":0,"href":"https:\/\/iberfence.com\/it\/wp-json\/wp\/v2\/product\/1276\/revisions"}],"wp:featuredmedia":[{"embeddable":true,"href":"https:\/\/iberfence.com\/it\/wp-json\/wp\/v2\/media\/1269"}],"wp:attachment":[{"href":"https:\/\/iberfence.com\/it\/wp-json\/wp\/v2\/media?parent=1276"}],"wp:term":[{"taxonomy":"product_brand","embeddable":true,"href":"https:\/\/iberfence.com\/it\/wp-json\/wp\/v2\/product_brand?post=1276"},{"taxonomy":"product_cat","embeddable":true,"href":"https:\/\/iberfence.com\/it\/wp-json\/wp\/v2\/product_cat?post=1276"},{"taxonomy":"product_tag","embeddable":true,"href":"https:\/\/iberfence.com\/it\/wp-json\/wp\/v2\/product_tag?post=1276"}],"curies":[{"name":"wp","href":"https:\/\/api.w.org\/{rel}","templated":true}]}}