{"id":1238,"date":"2022-07-26T11:27:15","date_gmt":"2022-07-26T09:27:15","guid":{"rendered":"https:\/\/iberfence.com\/?post_type=product&#038;p=1238"},"modified":"2025-12-11T00:54:23","modified_gmt":"2025-12-10T22:54:23","slug":"motor-honda-gx35-ohc","status":"publish","type":"product","link":"https:\/\/iberfence.com\/it\/prodotto\/motor-honda-gx35-ohc\/","title":{"rendered":"Motor original Honda GX35 OHC"},"content":{"rendered":"<h4>Caracter\u00edsticas:<\/h4>\n<ul>\n<li style=\"list-style-type: none;\">\n<ul>\n<li><strong>El motor de 4 tiempos es el primero que puede inclinarse 360\u00ba para trabajar en cualquier posici\u00f3n<\/strong><\/li>\n<li><strong>El dise\u00f1o\u00a0<a href=\"https:\/\/www.honda-engines-eu.com\/es\/productos\/ohc\">OHC<\/a>\u00a0con correa de distribuci\u00f3n silenciosa, hacen este motor ligero y compacto con muy poco mantenimiento<\/strong><\/li>\n<li><strong>Arranque f\u00e1cil, bajo ruido y excelente aceleraci\u00f3n<\/strong><\/li>\n<li><strong>Materiales y componentes de alta calidad que aseguran un mayor rendimiento a largo plazo<\/strong><\/li>\n<li><strong>Los motores cumplen con la legislaci\u00f3n medioambiental m\u00e1s exigente del mundo<\/strong><\/li>\n<li><strong>Bajo consumo de combustible y aceite<\/strong><\/li>\n<\/ul>\n<\/li>\n<\/ul>","protected":false},"excerpt":{"rendered":"<h4>El motor GX35 es una fuente de alimentaci\u00f3n adecuada para aplicaciones port\u00e1tiles como desbrozadoras y no port\u00e1tiles como reglas vibradoras, motoazadas y bombas. Este motor es el sustituto perfecto para los motores de 2 tiempos en varias aplicaciones.<\/h4>\n<h4>Especificaciones t\u00e9cnicas:<\/h4>\n<ul>\n<li class=\"spec-list-line\"><strong><span class=\"spec-list-label\">TIPO DE MOTOR <\/span><span class=\"spec-list-text\">Cilindro individual \u2013 4 tiempos<br \/>\nMotor gasolina OHC<br \/>\n<\/span><\/strong><\/li>\n<li class=\"spec-list-line\"><strong><span class=\"spec-list-label\">CALIBRE X CARRERA <\/span><span class=\"spec-list-text\">39 x 30 mm<\/span><\/strong><\/li>\n<li class=\"spec-list-line\"><strong><span class=\"spec-list-label\">CILINDRADA <\/span><span class=\"spec-list-text\">35.8 cm\u00b3<\/span><\/strong><\/li>\n<li class=\"spec-list-line\"><strong><span class=\"spec-list-label\">RELACI\u00d3N DE COMPRESI\u00d3N <\/span><span class=\"spec-list-text\">8.0 : 1<\/span><\/strong><\/li>\n<li class=\"spec-list-line\"><strong><span class=\"spec-list-label\">POTENCIA NETA <\/span><span class=\"spec-list-text\">1.0 kW ( 1.3 HP ) \/ 7000 rpm<\/span><\/strong><\/li>\n<li class=\"spec-list-line\"><strong><span class=\"spec-list-label\">PAR M\u00c1XIMO NETO <\/span><span class=\"spec-list-text\">1.6 Nm ( 0.16 kgfm ) \/ 5500 rpm<\/span><\/strong><\/li>\n<li class=\"spec-list-line\"><strong><span class=\"spec-list-label\">SISTEMA DE ENCENDIDO <\/span><span class=\"spec-list-text\">Transistorizado<\/span><\/strong><\/li>\n<li class=\"spec-list-line\"><strong><span class=\"spec-list-label\">MOTOR DE ARRANQUE <\/span><span class=\"spec-list-text\">Tirador de arranque<\/span><\/strong><\/li>\n<li class=\"spec-list-line\"><strong><span class=\"spec-list-label\">CAPACIDAD DEL DEP\u00d3SITO DE COMBUSTIBLE <\/span><span class=\"spec-list-text\">0.63 Litro<\/span><\/strong><\/li>\n<li class=\"spec-list-line\"><strong><span class=\"spec-list-label\">CONSUMO DE COMBUSTIBLE A LA POTENCIA NETA <\/span><span class=\"spec-list-text\">0.71 L\/H 7000 rpm<\/span><\/strong><\/li>\n<li class=\"spec-list-line\"><strong><span class=\"spec-list-label\">LUBRICACI\u00d3N <\/span><span class=\"spec-list-text\">Neblina de aceite<\/span><\/strong><\/li>\n<li class=\"spec-list-line\"><strong><span class=\"spec-list-label\">CAPACIDAD DE ACEITE <\/span><span class=\"spec-list-text\">0.1 Litro<\/span><\/strong><\/li>\n<li class=\"spec-list-line\"><strong><span class=\"spec-list-label\">DIMENSIONES (L X A X A) <\/span><span class=\"spec-list-text\">198 x 234 x 240 mm<\/span><\/strong><\/li>\n<li class=\"spec-list-line\"><strong><span class=\"spec-list-label\">PESO EN SECO <\/span><span class=\"spec-list-text\">3.33 kg<\/span><\/strong><\/li>\n<\/ul>","protected":false},"featured_media":1699,"template":"","meta":{"_joinchat":[]},"product_brand":[],"product_cat":[34,54,660],"product_tag":[52,50,49,53,48,51],"class_list":{"0":"post-1238","1":"product","2":"type-product","3":"status-publish","4":"has-post-thumbnail","6":"product_cat-categoria-accesorios","7":"product_cat-honda-gx-35","8":"product_cat-motores","9":"product_tag-clavadora-de-estacas","10":"product_tag-desbrozadora","11":"product_tag-gx35","12":"product_tag-hincadora","13":"product_tag-honda","14":"product_tag-ohc","16":"first","17":"instock","18":"sale","19":"taxable","20":"shipping-taxable","21":"purchasable","22":"product-type-simple"},"_links":{"self":[{"href":"https:\/\/iberfence.com\/it\/wp-json\/wp\/v2\/product\/1238","targetHints":{"allow":["GET"]}}],"collection":[{"href":"https:\/\/iberfence.com\/it\/wp-json\/wp\/v2\/product"}],"about":[{"href":"https:\/\/iberfence.com\/it\/wp-json\/wp\/v2\/types\/product"}],"version-history":[{"count":3,"href":"https:\/\/iberfence.com\/it\/wp-json\/wp\/v2\/product\/1238\/revisions"}],"predecessor-version":[{"id":8771,"href":"https:\/\/iberfence.com\/it\/wp-json\/wp\/v2\/product\/1238\/revisions\/8771"}],"wp:featuredmedia":[{"embeddable":true,"href":"https:\/\/iberfence.com\/it\/wp-json\/wp\/v2\/media\/1699"}],"wp:attachment":[{"href":"https:\/\/iberfence.com\/it\/wp-json\/wp\/v2\/media?parent=1238"}],"wp:term":[{"taxonomy":"product_brand","embeddable":true,"href":"https:\/\/iberfence.com\/it\/wp-json\/wp\/v2\/product_brand?post=1238"},{"taxonomy":"product_cat","embeddable":true,"href":"https:\/\/iberfence.com\/it\/wp-json\/wp\/v2\/product_cat?post=1238"},{"taxonomy":"product_tag","embeddable":true,"href":"https:\/\/iberfence.com\/it\/wp-json\/wp\/v2\/product_tag?post=1238"}],"curies":[{"name":"wp","href":"https:\/\/api.w.org\/{rel}","templated":true}]}}