{"id":728,"date":"2022-05-31T11:51:27","date_gmt":"2022-05-31T09:51:27","guid":{"rendered":"https:\/\/iberfence.com\/producto\/iberfence-ibf-nylon-adapter-60mm-for-ibf-82\/"},"modified":"2023-03-02T12:48:48","modified_gmt":"2023-03-02T10:48:48","slug":"ibf-nylon-adapter-60mm-for-ibf-82","status":"publish","type":"product","link":"https:\/\/iberfence.com\/es\/producto\/ibf-nylon-adapter-60mm-for-ibf-82\/","title":{"rendered":"Reductor nylon 60mm (IBF-82)"},"content":{"rendered":"<p>Aumenta la capacidad de clavar postes m\u00e1s finos; ideal para postes fotovoltaicos y postes de vi\u00f1edos entre otros, las fundas adaptadoras est\u00e1n hechas de nylon resistente.<\/p>\n<p>Di\u00e1metro interno de 60mm redondo. Adecuado para insertar anclajes de suelo.<\/p>\n<h5>Facil de instalar<\/h5>\n<p>Se desliza hacia adentro y hacia afuera con juntas t\u00f3ricas de goma.<\/p>\n<h5>\u00bfQu\u00e9 adaptadores necesito?<\/h5>\n<p>Para obtener el uso m\u00e1s eficaz de la clavadora, el tama\u00f1o del adaptador debe ajustarse perfectamente a sus postes. Recomendamos que el adaptador no sea m\u00e1s de 5-10 mm m\u00e1s grande que su poste. Para postes perfilados; cuadrados\/formas de T, etc., las esquinas exteriores deben estar dentro de esta capacidad.<\/p>\n<p>Si no est\u00e1 seguro de qu\u00e9 adaptador es el adecuado para usted, p\u00f3ngase en contacto con nosotros para obtener asesoramiento espec\u00edfico para su aplicaci\u00f3n.<\/p>\n<p>Compatible con IBF-82<\/p>\n","protected":false},"excerpt":{"rendered":"<p>Aumenta la capacidad de clavar postes m\u00e1s finos; ideal para postes fotovoltaicos y postes de vi\u00f1edos entre otros, las fundas adaptadoras est\u00e1n hechas de nylon resistente. Di\u00e1metro interno de 60mm redondo. Adecuado para insertar anclajes de suelo. Facil de instalar Se desliza hacia adentro y hacia afuera con juntas t\u00f3ricas de goma. \u00bfQu\u00e9 adaptadores necesito? [&hellip;]<\/p>\n","protected":false},"featured_media":1140,"template":"","meta":{"_joinchat":[]},"product_brand":[],"product_cat":[34],"product_tag":[567,52,565,538,573],"class_list":{"0":"post-728","1":"product","2":"type-product","3":"status-publish","4":"has-post-thumbnail","6":"product_cat-categoria-accesorios","7":"product_tag-adaptador","8":"product_tag-clavadora-de-estacas","9":"product_tag-ibf-52","10":"product_tag-ibf-82","11":"product_tag-reductor","13":"first","14":"instock","15":"taxable","16":"shipping-taxable","17":"purchasable","18":"product-type-simple"},"_links":{"self":[{"href":"https:\/\/iberfence.com\/es\/wp-json\/wp\/v2\/product\/728","targetHints":{"allow":["GET"]}}],"collection":[{"href":"https:\/\/iberfence.com\/es\/wp-json\/wp\/v2\/product"}],"about":[{"href":"https:\/\/iberfence.com\/es\/wp-json\/wp\/v2\/types\/product"}],"version-history":[{"count":0,"href":"https:\/\/iberfence.com\/es\/wp-json\/wp\/v2\/product\/728\/revisions"}],"wp:featuredmedia":[{"embeddable":true,"href":"https:\/\/iberfence.com\/es\/wp-json\/wp\/v2\/media\/1140"}],"wp:attachment":[{"href":"https:\/\/iberfence.com\/es\/wp-json\/wp\/v2\/media?parent=728"}],"wp:term":[{"taxonomy":"product_brand","embeddable":true,"href":"https:\/\/iberfence.com\/es\/wp-json\/wp\/v2\/product_brand?post=728"},{"taxonomy":"product_cat","embeddable":true,"href":"https:\/\/iberfence.com\/es\/wp-json\/wp\/v2\/product_cat?post=728"},{"taxonomy":"product_tag","embeddable":true,"href":"https:\/\/iberfence.com\/es\/wp-json\/wp\/v2\/product_tag?post=728"}],"curies":[{"name":"wp","href":"https:\/\/api.w.org\/{rel}","templated":true}]}}