{"id":725,"date":"2022-05-31T11:51:27","date_gmt":"2022-05-31T09:51:27","guid":{"rendered":"https:\/\/iberfence.com\/producto\/iberfence-ibf-pc-case-for-pd82-pd52\/"},"modified":"2024-10-29T11:02:39","modified_gmt":"2024-10-29T09:02:39","slug":"ibf-pc-case-for-pd82-pd52","status":"publish","type":"product","link":"https:\/\/iberfence.com\/es\/producto\/ibf-pc-case-for-pd82-pd52\/","title":{"rendered":"Caja protectora para IBF-82 &#038; IBF-52"},"content":{"rendered":"<p>Proteja su IBF-52 e IBF-82 con nuestra caja hecha a medida.<\/p>\n<p>Brinda un amplio espacio para proteger y organizar su m\u00e1quina y sus accesorios.<\/p>\n","protected":false},"excerpt":{"rendered":"<ul>\n<li>Cerraduras y manijas de acero inoxidable.<\/li>\n<li>Estructura de PVC resistente a los golpes<\/li>\n<\/ul>\n<p>NOTA: (Todas las m\u00e1quinas nuevas vienen con una Tough Box como est\u00e1ndar; las im\u00e1genes pueden mostrar una m\u00e1quina que se vende por separado)<\/p>\n","protected":false},"featured_media":1122,"template":"","meta":{"_joinchat":[]},"product_brand":[],"product_cat":[34],"product_tag":[],"class_list":{"0":"post-725","1":"product","2":"type-product","3":"status-publish","4":"has-post-thumbnail","6":"product_cat-categoria-accesorios","8":"first","9":"instock","10":"taxable","11":"shipping-taxable","12":"purchasable","13":"product-type-simple"},"_links":{"self":[{"href":"https:\/\/iberfence.com\/es\/wp-json\/wp\/v2\/product\/725","targetHints":{"allow":["GET"]}}],"collection":[{"href":"https:\/\/iberfence.com\/es\/wp-json\/wp\/v2\/product"}],"about":[{"href":"https:\/\/iberfence.com\/es\/wp-json\/wp\/v2\/types\/product"}],"version-history":[{"count":1,"href":"https:\/\/iberfence.com\/es\/wp-json\/wp\/v2\/product\/725\/revisions"}],"predecessor-version":[{"id":7300,"href":"https:\/\/iberfence.com\/es\/wp-json\/wp\/v2\/product\/725\/revisions\/7300"}],"wp:featuredmedia":[{"embeddable":true,"href":"https:\/\/iberfence.com\/es\/wp-json\/wp\/v2\/media\/1122"}],"wp:attachment":[{"href":"https:\/\/iberfence.com\/es\/wp-json\/wp\/v2\/media?parent=725"}],"wp:term":[{"taxonomy":"product_brand","embeddable":true,"href":"https:\/\/iberfence.com\/es\/wp-json\/wp\/v2\/product_brand?post=725"},{"taxonomy":"product_cat","embeddable":true,"href":"https:\/\/iberfence.com\/es\/wp-json\/wp\/v2\/product_cat?post=725"},{"taxonomy":"product_tag","embeddable":true,"href":"https:\/\/iberfence.com\/es\/wp-json\/wp\/v2\/product_tag?post=725"}],"curies":[{"name":"wp","href":"https:\/\/api.w.org\/{rel}","templated":true}]}}