{"id":5112,"date":"2024-01-23T18:37:36","date_gmt":"2024-01-23T16:37:36","guid":{"rendered":"https:\/\/iberfence.com\/?post_type=product&#038;p=5112"},"modified":"2026-02-27T11:01:29","modified_gmt":"2026-02-27T09:01:29","slug":"adaptador-de-angulo-de-hierro-52x52x8mm","status":"publish","type":"product","link":"https:\/\/iberfence.com\/es\/producto\/adaptador-de-angulo-de-hierro-52x52x8mm\/","title":{"rendered":"Adaptador de \u00e1ngulo de hierro 52x52x8mm"},"content":{"rendered":"<p><strong>Tama\u00f1o<\/strong><\/p>\n<p>Este adaptador es adecuado para colocar postes en \u00e1ngulo de 52x52x8mm<\/p>\n<p><strong>Facil de instalar<\/strong><\/p>\n<p>Utilice una llave hexagonal de 6 mm para destornillar los 8 pernos y las arandelas de seguridad. Deslice el tubo actual fuera de la base de la clavadora. Deslice el nuevo adaptador en su lugar y f\u00edjelo con los mismos pernos y arandelas. Recuerde usar un compuesto fijador en las roscas de los tornillos para evitar que vibren.<\/p>\n<p><strong>\u00bfQu\u00e9 adaptadores necesito?<\/strong><\/p>\n<p>Para obtener el uso m\u00e1s eficaz de la clavadora, el tama\u00f1o del adaptador debe ajustarse perfectamente a sus postes. Recomendamos que el adaptador no sea m\u00e1s de 5-10 mm m\u00e1s grande que su poste. Para postes perfilados; cuadrados\/formas de T, etc., las esquinas exteriores deben estar dentro de esta capacidad.<\/p>\n<p>Si no est\u00e1 seguro de qu\u00e9 adaptador es el adecuado para usted, p\u00f3ngase en contacto con nosotros para obtener asesoramiento espec\u00edfico para su aplicaci\u00f3n.<\/p>\n<p>Material: Acero<\/p>\n","protected":false},"excerpt":{"rendered":"<p><img fetchpriority=\"high\" decoding=\"async\" class=\"alignnone size-full wp-image-5115\" src=\"https:\/\/iberfence.com\/wp-content\/uploads\/2024\/01\/Angulo-de-hierro-clavadora-1.webp\" alt=\"clavaedo de angulo de hierro\" width=\"850\" height=\"850\" srcset=\"https:\/\/iberfence.com\/wp-content\/uploads\/2024\/01\/Angulo-de-hierro-clavadora-1.webp 850w, https:\/\/iberfence.com\/wp-content\/uploads\/2024\/01\/Angulo-de-hierro-clavadora-1-300x300.webp 300w, https:\/\/iberfence.com\/wp-content\/uploads\/2024\/01\/Angulo-de-hierro-clavadora-1-150x150.webp 150w, https:\/\/iberfence.com\/wp-content\/uploads\/2024\/01\/Angulo-de-hierro-clavadora-1-768x768.webp 768w, https:\/\/iberfence.com\/wp-content\/uploads\/2024\/01\/Angulo-de-hierro-clavadora-1-12x12.webp 12w, https:\/\/iberfence.com\/wp-content\/uploads\/2024\/01\/elementor\/thumbs\/Angulo-de-hierro-clavadora-1-qiqpy26thmh4wm2svozdaa18uq2dujalqwfbfa4rwk.webp 250w, https:\/\/iberfence.com\/wp-content\/uploads\/2024\/01\/Angulo-de-hierro-clavadora-1-500x500.webp 500w, https:\/\/iberfence.com\/wp-content\/uploads\/2024\/01\/Angulo-de-hierro-clavadora-1-100x100.webp 100w, https:\/\/iberfence.com\/wp-content\/uploads\/2024\/01\/elementor\/thumbs\/Angulo-de-hierro-clavadora-1-qiqpy26svp2x3lzxo8js88m2c1ykinoqt04qckw5w0.webp 200w\" sizes=\"(max-width: 850px) 100vw, 850px\" \/><\/p>\n","protected":false},"featured_media":5113,"template":"","meta":{"_joinchat":[]},"product_brand":[],"product_cat":[34],"product_tag":[572,567,566,342,346,665,668,351,667,52,352,354,666,378,569,570],"class_list":{"0":"post-5112","1":"product","2":"type-product","3":"status-publish","4":"has-post-thumbnail","6":"product_cat-categoria-accesorios","7":"product_tag-80mm","8":"product_tag-adaptador","9":"product_tag-adaptador-para-clavadora","10":"product_tag-alquiler-clavadora-de-postes","11":"product_tag-alquiler-de-clavadora-de-postes","12":"product_tag-angulo-de-hierro","13":"product_tag-angulo-de-metal","14":"product_tag-clavador-manual-de-postes","15":"product_tag-clavadora-de-angulos","16":"product_tag-clavadora-de-estacas","17":"product_tag-clavadora-de-poste-gipple-precio","18":"product_tag-clavadora-de-postes-a-gasolina","19":"product_tag-clavadora-para-angulo-de-hierro","20":"product_tag-hincador-de-postes","21":"product_tag-poste-cuadrado","22":"product_tag-poste-de-emparrar","24":"first","25":"instock","26":"taxable","27":"shipping-taxable","28":"purchasable","29":"product-type-simple"},"_links":{"self":[{"href":"https:\/\/iberfence.com\/es\/wp-json\/wp\/v2\/product\/5112","targetHints":{"allow":["GET"]}}],"collection":[{"href":"https:\/\/iberfence.com\/es\/wp-json\/wp\/v2\/product"}],"about":[{"href":"https:\/\/iberfence.com\/es\/wp-json\/wp\/v2\/types\/product"}],"version-history":[{"count":1,"href":"https:\/\/iberfence.com\/es\/wp-json\/wp\/v2\/product\/5112\/revisions"}],"predecessor-version":[{"id":8813,"href":"https:\/\/iberfence.com\/es\/wp-json\/wp\/v2\/product\/5112\/revisions\/8813"}],"wp:featuredmedia":[{"embeddable":true,"href":"https:\/\/iberfence.com\/es\/wp-json\/wp\/v2\/media\/5113"}],"wp:attachment":[{"href":"https:\/\/iberfence.com\/es\/wp-json\/wp\/v2\/media?parent=5112"}],"wp:term":[{"taxonomy":"product_brand","embeddable":true,"href":"https:\/\/iberfence.com\/es\/wp-json\/wp\/v2\/product_brand?post=5112"},{"taxonomy":"product_cat","embeddable":true,"href":"https:\/\/iberfence.com\/es\/wp-json\/wp\/v2\/product_cat?post=5112"},{"taxonomy":"product_tag","embeddable":true,"href":"https:\/\/iberfence.com\/es\/wp-json\/wp\/v2\/product_tag?post=5112"}],"curies":[{"name":"wp","href":"https:\/\/api.w.org\/{rel}","templated":true}]}}