{"id":4146,"date":"2023-06-21T10:53:57","date_gmt":"2023-06-21T08:53:57","guid":{"rendered":"https:\/\/iberfence.com\/?post_type=product&#038;p=4146"},"modified":"2026-03-27T10:47:03","modified_gmt":"2026-03-27T08:47:03","slug":"enterrador-de-cable-perimetral","status":"publish","type":"product","link":"https:\/\/iberfence.com\/es\/producto\/enterrador-de-cable-perimetral\/","title":{"rendered":"Enterradora de cable perimetral"},"content":{"rendered":"<p>Enterradora de cable perimetral para robot cortac\u00e9sped Iberfence IBF-400 con motor de gasolina Loncin OHV de 196cc de 4,1 kW es ideal para enterrar cables para robots cortac\u00e9sped. Ahorra tiempo y el tedioso trabajo del enterrado manual. Gracias a los vers\u00e1tiles manillares ajustables, todos los usuarios pueden dominar f\u00e1cilmente incluso las zonas de dif\u00edcil acceso.<\/p>\n<ul>\n<li>Potente motor de gasolina Loncin OHV de 196cc de 4,1 kW<\/li>\n<li>Enterrado de cables r\u00e1pido y profesional<\/li>\n<li>Contador de la longitud del cable tendido<\/li>\n<li>Rueda gu\u00eda giratoria de 180\u00b0 para una gran maniobrabilidad<\/li>\n<li>Dise\u00f1o robusto con ruedas para todo tipo de superficies, tambi\u00e9n para trabajos duros<\/li>\n<li>Manillar ajustable en altura e inclinaci\u00f3n para un trabajo sin fatiga<\/li>\n<li>F\u00e1cil carga del tambor de cable gracias al lateral extra\u00edble<\/li>\n<\/ul>\n","protected":false},"excerpt":{"rendered":"<p>Ficha t\u00e9cnica<\/p>\n<ul>\n<li>Motor: motor de gasolina OHV LONCIN de 4 tiempos (opcional motor Honda GCV 160)<\/li>\n<li>Cilindrada: 196 cm\u00b3<\/li>\n<li>Potencia: 4.1 a 3.600 rpm<\/li>\n<li>Combustible: gasolina sin plomo<\/li>\n<li>Arrancador: De retroceso<\/li>\n<li>Profundidad de colocaci\u00f3n: 0-65 mm<\/li>\n<li>Velocidad: 40m \/ min.<\/li>\n<li>Di\u00e1metro del cable: max. 5 mm<\/li>\n<li>Rueda gu\u00eda, \u00e1ngulo de rotaci\u00f3n: 180\u00b0 giratorio<\/li>\n<li>Ajuste de altura, manillar: 5 posiciones<\/li>\n<li>Ajuste de inclinaci\u00f3n, manillar: m\u00faltiple, en ambos lados<\/li>\n<li>Contador de longitud de cable: est\u00e1ndar<\/li>\n<li>Peso (neto\/bruto): 80\/90 kg<\/li>\n<li>Embalaje (L\/A\/A): 710 \/ 810 \/ 610 mm<\/li>\n<\/ul>\n","protected":false},"featured_media":4149,"template":"","meta":{"_joinchat":[]},"product_brand":[],"product_cat":[655],"product_tag":[648,669,641,637,646,649,642,636,652,645,638,639,644,640,647,650,653,651,654,643],"class_list":{"0":"post-4146","1":"product","2":"type-product","3":"status-publish","4":"has-post-thumbnail","6":"product_cat-otros-productos","7":"product_tag-alquiler-maquina-enterrar-cable","8":"product_tag-cable-laying-machine-for-lawnmower","9":"product_tag-enterrador-de-cable-perimetral","10":"product_tag-enterrador-de-cables","11":"product_tag-enterrador-de-cables-en60","12":"product_tag-enterradora-de-cable-para-robots-cortacesped","13":"product_tag-enterradora-de-cable-perimetral","14":"product_tag-enterradora-de-cables","15":"product_tag-enterrar-cable-robot-cortacesped","16":"product_tag-entierra-cables","17":"product_tag-kvm500","18":"product_tag-lumag","19":"product_tag-maquina-de-tendido-de-cables","20":"product_tag-maquina-enterradora-de-cables","21":"product_tag-maquina-entierra-cables","22":"product_tag-maquina-para-enterrar-cable-perimetral","23":"product_tag-maquina-para-enterrar-cable-perimetral-robot-cortacesped","24":"product_tag-maquinas-de-enterrar","25":"product_tag-nt60","26":"product_tag-robot-cortacesped","27":"product_shipping_class-heavy-package","29":"first","30":"instock","31":"sale","32":"taxable","33":"shipping-taxable","34":"purchasable","35":"product-type-simple"},"_links":{"self":[{"href":"https:\/\/iberfence.com\/es\/wp-json\/wp\/v2\/product\/4146","targetHints":{"allow":["GET"]}}],"collection":[{"href":"https:\/\/iberfence.com\/es\/wp-json\/wp\/v2\/product"}],"about":[{"href":"https:\/\/iberfence.com\/es\/wp-json\/wp\/v2\/types\/product"}],"version-history":[{"count":2,"href":"https:\/\/iberfence.com\/es\/wp-json\/wp\/v2\/product\/4146\/revisions"}],"predecessor-version":[{"id":8830,"href":"https:\/\/iberfence.com\/es\/wp-json\/wp\/v2\/product\/4146\/revisions\/8830"}],"wp:featuredmedia":[{"embeddable":true,"href":"https:\/\/iberfence.com\/es\/wp-json\/wp\/v2\/media\/4149"}],"wp:attachment":[{"href":"https:\/\/iberfence.com\/es\/wp-json\/wp\/v2\/media?parent=4146"}],"wp:term":[{"taxonomy":"product_brand","embeddable":true,"href":"https:\/\/iberfence.com\/es\/wp-json\/wp\/v2\/product_brand?post=4146"},{"taxonomy":"product_cat","embeddable":true,"href":"https:\/\/iberfence.com\/es\/wp-json\/wp\/v2\/product_cat?post=4146"},{"taxonomy":"product_tag","embeddable":true,"href":"https:\/\/iberfence.com\/es\/wp-json\/wp\/v2\/product_tag?post=4146"}],"curies":[{"name":"wp","href":"https:\/\/api.w.org\/{rel}","templated":true}]}}