{"id":3960,"date":"2023-05-30T11:57:59","date_gmt":"2023-05-30T09:57:59","guid":{"rendered":"https:\/\/iberfence.com\/?post_type=product&#038;p=3960"},"modified":"2025-03-18T02:05:18","modified_gmt":"2025-03-18T00:05:18","slug":"reductor-nylon-para-ibf-82x","status":"publish","type":"product","link":"https:\/\/iberfence.com\/es\/producto\/reductor-nylon-para-ibf-82x\/","title":{"rendered":"Reductor nylon para IBF-82X"},"content":{"rendered":"<p>Los adaptadores reductores ayudan a guiar el material hacia el centro, para que tenga un impacto efectivo en el material que se est\u00e9 clavando. Hechas de nylon resistente, aseguran su durabilidad.<\/p>\n<p>Adecuado para insertar anclajes de suelo.<\/p>\n<h5>Facil de instalar<\/h5>\n<p>Se desliza hacia adentro y se fija con el collar\u00edn de seguridad a rosca.<\/p>\n<h5>\u00bfQu\u00e9 adaptadores necesito?<\/h5>\n<p>Para obtener el uso m\u00e1s eficaz de la clavadora, el tama\u00f1o del adaptador debe ajustarse perfectamente a sus postes. Recomendamos que el adaptador no sea m\u00e1s de 5-10 mm m\u00e1s grande que su poste. Para postes perfilados; cuadrados\/formas de T, etc., las esquinas exteriores deben estar dentro de esta capacidad.<\/p>\n<p>Si no est\u00e1 seguro de qu\u00e9 adaptador es el adecuado para usted, p\u00f3ngase en contacto con nosotros para obtener asesoramiento espec\u00edfico para su aplicaci\u00f3n.<\/p>\n","protected":false},"excerpt":{"rendered":"<p>Di\u00e1metros recomendados<\/p>\n<p>20mm para postes, tuber\u00edas, varillas o estacas entre 15 y 20mm de di\u00e1metro<br \/>\n25mm para postes, tuber\u00edas, varillas o estacas entre 20 y 25mm de di\u00e1metro<br \/>\n50mm para postes, tuber\u00edas, varillas o estacas entre 25 y 50mm de di\u00e1metro<br \/>\n55mm para postes, tuber\u00edas, varillas o estacas entre 50 y 55mm de di\u00e1metro<br \/>\n60mm para postes, tuber\u00edas, varillas o estacas entre 55 y 60mm de di\u00e1metro<\/p>\n","protected":false},"featured_media":3968,"template":"","meta":{"_joinchat":[]},"product_brand":[],"product_cat":[34],"product_tag":[567,52,565,538,573],"class_list":{"0":"post-3960","1":"product","2":"type-product","3":"status-publish","4":"has-post-thumbnail","6":"product_cat-categoria-accesorios","7":"product_tag-adaptador","8":"product_tag-clavadora-de-estacas","9":"product_tag-ibf-52","10":"product_tag-ibf-82","11":"product_tag-reductor","13":"first","14":"instock","15":"taxable","16":"shipping-taxable","17":"purchasable","18":"product-type-variable","19":"has-default-attributes"},"_links":{"self":[{"href":"https:\/\/iberfence.com\/es\/wp-json\/wp\/v2\/product\/3960","targetHints":{"allow":["GET"]}}],"collection":[{"href":"https:\/\/iberfence.com\/es\/wp-json\/wp\/v2\/product"}],"about":[{"href":"https:\/\/iberfence.com\/es\/wp-json\/wp\/v2\/types\/product"}],"version-history":[{"count":1,"href":"https:\/\/iberfence.com\/es\/wp-json\/wp\/v2\/product\/3960\/revisions"}],"predecessor-version":[{"id":8527,"href":"https:\/\/iberfence.com\/es\/wp-json\/wp\/v2\/product\/3960\/revisions\/8527"}],"wp:featuredmedia":[{"embeddable":true,"href":"https:\/\/iberfence.com\/es\/wp-json\/wp\/v2\/media\/3968"}],"wp:attachment":[{"href":"https:\/\/iberfence.com\/es\/wp-json\/wp\/v2\/media?parent=3960"}],"wp:term":[{"taxonomy":"product_brand","embeddable":true,"href":"https:\/\/iberfence.com\/es\/wp-json\/wp\/v2\/product_brand?post=3960"},{"taxonomy":"product_cat","embeddable":true,"href":"https:\/\/iberfence.com\/es\/wp-json\/wp\/v2\/product_cat?post=3960"},{"taxonomy":"product_tag","embeddable":true,"href":"https:\/\/iberfence.com\/es\/wp-json\/wp\/v2\/product_tag?post=3960"}],"curies":[{"name":"wp","href":"https:\/\/api.w.org\/{rel}","templated":true}]}}