{"id":3934,"date":"2023-05-30T10:39:15","date_gmt":"2023-05-30T08:39:15","guid":{"rendered":"https:\/\/iberfence.com\/?post_type=product&#038;p=3934"},"modified":"2024-08-14T09:45:41","modified_gmt":"2024-08-14T07:45:41","slug":"extensor-para-ibf-82x-hasta-75cm","status":"publish","type":"product","link":"https:\/\/iberfence.com\/es\/producto\/extensor-para-ibf-82x-hasta-75cm\/","title":{"rendered":"Extensor para IBF-82X hasta 75cm"},"content":{"rendered":"<ul>\n<li style=\"list-style-type: none;\">\n<ul>El kit de asas de extensi\u00f3n, permite colocar postes altos y dif\u00edciles de alcanzar. Las asas laterales extendidas con acelerador y control de encendido\/apagado con reinicio autom\u00e1tico brindan al usuario comodidad, equilibrio y seguridad cuando clava un poste de hasta 3 metros de altura. El asa central permite al usuario aplicar presi\u00f3n hacia abajo mientras clava y mejora el manejo de la clavadora adem\u00e1s de ser ideal para transportar.<\/ul>\n<\/li>\n<\/ul>\n<p>El kit incluye asas de extensi\u00f3n, mango central con empu\u00f1adura acolchada, mango superior e inferior formado con empu\u00f1adura amortiguada, acelerador, kit de cables, caja de conexiones del acelerador, pernos de acero endurecido y arandelas Nord-Lock para una conexi\u00f3n firme.<\/p>\n<p>&nbsp;<\/p>\n<p><iframe title=\"Iberfence IBF-82X\" width=\"800\" height=\"450\" src=\"https:\/\/www.youtube.com\/embed\/Y0dAJEkLJ8M?feature=oembed\" frameborder=\"0\" allow=\"accelerometer; autoplay; clipboard-write; encrypted-media; gyroscope; picture-in-picture; web-share\" allowfullscreen><\/iframe><\/p>\n","protected":false},"excerpt":{"rendered":"<ul>\n<li>Fabricado en acero inoxidable de alta resistencia.<\/li>\n<li>Permite elevar la clavadora hasta 75 cm de altura.<\/li>\n<li>No m\u00e1s escaleras para poder clavar postes de altura<\/li>\n<li>Incorpora acelerador independiente.<\/li>\n<li>De f\u00e1cil instalaci\u00f3n<\/li>\n<\/ul>\n","protected":false},"featured_media":4432,"template":"","meta":{"_joinchat":[]},"product_brand":[],"product_cat":[34],"product_tag":[342,346,351,52,352,354,555,556,635,378,557],"class_list":{"0":"post-3934","1":"product","2":"type-product","3":"status-publish","4":"has-post-thumbnail","6":"product_cat-categoria-accesorios","7":"product_tag-alquiler-clavadora-de-postes","8":"product_tag-alquiler-de-clavadora-de-postes","9":"product_tag-clavador-manual-de-postes","10":"product_tag-clavadora-de-estacas","11":"product_tag-clavadora-de-poste-gipple-precio","12":"product_tag-clavadora-de-postes-a-gasolina","13":"product_tag-easy-petrol","14":"product_tag-extensor","15":"product_tag-extensor-para-clavadora-de-postes","16":"product_tag-hincador-de-postes","17":"product_tag-long-handles","19":"first","20":"instock","21":"taxable","22":"shipping-taxable","23":"purchasable","24":"product-type-simple"},"_links":{"self":[{"href":"https:\/\/iberfence.com\/es\/wp-json\/wp\/v2\/product\/3934","targetHints":{"allow":["GET"]}}],"collection":[{"href":"https:\/\/iberfence.com\/es\/wp-json\/wp\/v2\/product"}],"about":[{"href":"https:\/\/iberfence.com\/es\/wp-json\/wp\/v2\/types\/product"}],"version-history":[{"count":0,"href":"https:\/\/iberfence.com\/es\/wp-json\/wp\/v2\/product\/3934\/revisions"}],"wp:featuredmedia":[{"embeddable":true,"href":"https:\/\/iberfence.com\/es\/wp-json\/wp\/v2\/media\/4432"}],"wp:attachment":[{"href":"https:\/\/iberfence.com\/es\/wp-json\/wp\/v2\/media?parent=3934"}],"wp:term":[{"taxonomy":"product_brand","embeddable":true,"href":"https:\/\/iberfence.com\/es\/wp-json\/wp\/v2\/product_brand?post=3934"},{"taxonomy":"product_cat","embeddable":true,"href":"https:\/\/iberfence.com\/es\/wp-json\/wp\/v2\/product_cat?post=3934"},{"taxonomy":"product_tag","embeddable":true,"href":"https:\/\/iberfence.com\/es\/wp-json\/wp\/v2\/product_tag?post=3934"}],"curies":[{"name":"wp","href":"https:\/\/api.w.org\/{rel}","templated":true}]}}