{"id":3915,"date":"2023-05-28T18:41:42","date_gmt":"2023-05-28T16:41:42","guid":{"rendered":"https:\/\/iberfence.com\/?post_type=product&#038;p=3915"},"modified":"2025-10-16T14:34:49","modified_gmt":"2025-10-16T12:34:49","slug":"ibf-82x-pro","status":"publish","type":"product","link":"https:\/\/iberfence.com\/es\/producto\/ibf-82x-pro\/","title":{"rendered":"Iberfence IBF-82X PRO Clavadora de estacas y postes"},"content":{"rendered":"<p>La Clavadora de estacas y postes IBERFENCE es un novedoso dispositivo que permite hincar de forma autom\u00e1tica postes y perfiles de hasta <strong>82mm<\/strong>\u00a0sin necesidad de compresor ni generadores.<\/p>\n<p><iframe title=\"\u26a1 Clavadora de estacas y postes Iberfence IBF-82X Pro\" width=\"800\" height=\"450\" src=\"https:\/\/www.youtube.com\/embed\/Y0dAJEkLJ8M?feature=oembed\" frameborder=\"0\" allow=\"accelerometer; autoplay; clipboard-write; encrypted-media; gyroscope; picture-in-picture; web-share\" referrerpolicy=\"strict-origin-when-cross-origin\" allowfullscreen><\/iframe><\/p>\n<p>&nbsp;<\/p>\n<p><em><strong>No pierdas m\u00e1s tiempo y energ\u00eda luchando con los m\u00e9todos tradicionales de instalaci\u00f3n de postes.<\/strong><\/em><\/p>\n<p><img decoding=\"async\" class=\"size-medium wp-image-7153 alignleft\" style=\"font-size: 16px;\" src=\"https:\/\/iberfence.com\/wp-content\/uploads\/2023\/02\/acf-honda-warranty-small.png\" alt=\"\" width=\"187\" height=\"70\" srcset=\"https:\/\/iberfence.com\/wp-content\/uploads\/2023\/02\/acf-honda-warranty-small.png 187w, https:\/\/iberfence.com\/wp-content\/uploads\/2023\/02\/acf-honda-warranty-small-18x7.png 18w\" sizes=\"(max-width: 187px) 100vw, 187px\" \/><\/p>\n<p><img decoding=\"async\" class=\" wp-image-7158\" src=\"https:\/\/iberfence.com\/wp-content\/uploads\/2023\/02\/powered-by-honda-emblem-logo-domed-stickers-decal-1400x800__95448-300x84.jpg\" alt=\"\" width=\"260\" height=\"73\" srcset=\"https:\/\/iberfence.com\/wp-content\/uploads\/2023\/02\/powered-by-honda-emblem-logo-domed-stickers-decal-1400x800__95448-300x84.jpg 300w, https:\/\/iberfence.com\/wp-content\/uploads\/2023\/02\/powered-by-honda-emblem-logo-domed-stickers-decal-1400x800__95448-768x216.jpg 768w, https:\/\/iberfence.com\/wp-content\/uploads\/2023\/02\/powered-by-honda-emblem-logo-domed-stickers-decal-1400x800__95448-18x5.jpg 18w, https:\/\/iberfence.com\/wp-content\/uploads\/2023\/02\/powered-by-honda-emblem-logo-domed-stickers-decal-1400x800__95448-250x70.jpg 250w, https:\/\/iberfence.com\/wp-content\/uploads\/2023\/02\/powered-by-honda-emblem-logo-domed-stickers-decal-1400x800__95448-500x140.jpg 500w, https:\/\/iberfence.com\/wp-content\/uploads\/2023\/02\/powered-by-honda-emblem-logo-domed-stickers-decal-1400x800__95448.jpg 862w\" sizes=\"(max-width: 260px) 100vw, 260px\" \/><\/p>\n<p>&nbsp;<\/p>\n","protected":false},"excerpt":{"rendered":"<p>Muy f\u00e1cil de manejar en las situaciones m\u00e1s dif\u00edciles, terrenos escarpados y zonas de dif\u00edcil acceso o espacio reducido. Fijar\u00e1 al suelo cualquier cosa que quepa por su bocal, sin pesados compresores ni sistemas hidr\u00e1ulicos. Permite hincar directamente sobre el terreno postes de madera y perfiles met\u00e1licos de cualquier tama\u00f1o, sin esfuerzo y hasta la profundidad necesaria.<\/p>\n<p>Permite acoplar adaptadores reductores desde 20 a 60mm para clavar varillas y postes de menor calibre (Incluye adaptador de 35mm)<\/p>\n<p><strong>Admite todo tipo de postes y estacas<\/strong><\/p>\n<p><img decoding=\"async\" class=\"alignnone wp-image-5512\" src=\"https:\/\/iberfence.com\/wp-content\/uploads\/2023\/03\/Todo-tipo-de-postes-y-estacas.png\" alt=\"Clavadora de postes tipos de postes\" width=\"432\" height=\"76\" srcset=\"https:\/\/iberfence.com\/wp-content\/uploads\/2023\/03\/Todo-tipo-de-postes-y-estacas.png 761w, https:\/\/iberfence.com\/wp-content\/uploads\/2023\/03\/Todo-tipo-de-postes-y-estacas-300x53.png 300w, https:\/\/iberfence.com\/wp-content\/uploads\/2023\/03\/Todo-tipo-de-postes-y-estacas-18x3.png 18w, https:\/\/iberfence.com\/wp-content\/uploads\/2023\/03\/Todo-tipo-de-postes-y-estacas-250x44.png 250w, https:\/\/iberfence.com\/wp-content\/uploads\/2023\/03\/Todo-tipo-de-postes-y-estacas-500x88.png 500w\" sizes=\"(max-width: 432px) 100vw, 432px\" \/><\/p>\n<p>&nbsp;<\/p>\n<ul>\n<li>Vallados y cercas para fincas y ganader\u00edas<\/li>\n<li>Piquetas para carpas y jaimas de gran<\/li>\n<li><img loading=\"lazy\" decoding=\"async\" class=\"wp-image-3930 alignright\" src=\"https:\/\/iberfence.com\/wp-content\/uploads\/2023\/05\/extensor-para-clavadora-de-estacas-en-uso.png\" alt=\"\" width=\"362\" height=\"681\" srcset=\"https:\/\/iberfence.com\/wp-content\/uploads\/2023\/05\/extensor-para-clavadora-de-estacas-en-uso.png 455w, https:\/\/iberfence.com\/wp-content\/uploads\/2023\/05\/extensor-para-clavadora-de-estacas-en-uso-159x300.png 159w, https:\/\/iberfence.com\/wp-content\/uploads\/2023\/05\/extensor-para-clavadora-de-estacas-en-uso-6x12.png 6w, https:\/\/iberfence.com\/wp-content\/uploads\/2023\/05\/extensor-para-clavadora-de-estacas-en-uso-250x470.png 250w\" sizes=\"(max-width: 362px) 100vw, 362px\" \/>\u00a0tama\u00f1o<\/li>\n<li>Micropilotes de cimentaci\u00f3n y fijaci\u00f3n<\/li>\n<li>Tutores en parques, viveros y explotaciones forestales<\/li>\n<li>Vi\u00f1edos, plantaciones hortofrut\u00edcolas e invernaderos<\/li>\n<li>Protecci\u00f3n perimetral en carreteras, cotos, etc.<\/li>\n<\/ul>\n<h5>Caracter\u00edsticas t\u00e9cnicas:<\/h5>\n<ul>\n<li>Dimensi\u00f3n m\u00e1xima admitida 82mm<\/li>\n<li>Potencia de impacto 1600Kgf<\/li>\n<li>Energ\u00eda de impacto 36 Joules<\/li>\n<li>Peso 18 Kg<\/li>\n<\/ul>\n<h5>Incluye:<\/h5>\n<ul>\n<li>Caja de transporte<\/li>\n<li>Kit de herramientas para mantenimiento.<\/li>\n<li>Adaptador de 35 y 55mm incluidos (<a href=\"https:\/\/iberfence.com\/accesorios\/\">otros adaptadores opcionales<\/a>)<\/li>\n<\/ul>\n<h5>Motor HONDA GX35 OHC 4 tiempos<\/h5>\n<ul>\n<li>Potencia 1 KW (1.5 CV) at 7.000 rpm<\/li>\n<li>Nivel de vibraci\u00f3n 9.94 m\/s2<\/li>\n<li>Consumo de combustible 0.65 L\/h (m\u00e1x. 7.000 rpm)<\/li>\n<li>Nivel de ruido &gt;90dB (Protecci\u00f3n ac\u00fastica requerida)<\/li>\n<li>Sistema de acelerador Doble acelerador de seguridad integrado con STOP<\/li>\n<li>Sistema ergon\u00f3mico Asas ergon\u00f3micas con aislamiento de muelles.<\/li>\n<li>Velocidad de clavado 1.720 BPM (28 golpes por segundo)<\/li>\n<\/ul>\n<h4 style=\"text-align: center;\">El nuevo modelo IBF-82X, permite acoplar un sistema de extensores y asas para trabajos en diferentes posiciones. (OPCIONAL)<\/h4>\n","protected":false},"featured_media":4012,"template":"","meta":{"_joinchat":[]},"product_brand":[],"product_cat":[31],"product_tag":[308,342,346,382,387,472,422,423,424,419,425,418,426,427,428,429,420,421,430,431,432,433,434,435,288,436,463,437,438,439,440,441,442,443,444,289,445,462,299,311,312,313,314,315,316,309,302,317,347,332,348,349,340,350,351,52,318,310,303,319,300,320,301,321,322,304,305,323,306,307,352,353,280,354,355,464,356,357,358,359,360,337,465,338,361,343,339,344,334,362,363,364,365,341,335,331,333,366,324,367,325,345,368,369,370,471,470,466,326,446,327,328,371,284,447,329,378,281,388,383,389,384,385,390,391,392,376,393,394,395,396,397,398,379,399,377,400,401,402,403,404,405,406,407,386,408,538,448,449,450,451,330,372,452,380,409,410,411,412,413,414,381,454,453,455,286,468,285,287,467,415,416,456,457,469,373,374,458,375,417,459,460,461],"class_list":{"0":"post-3915","1":"product","2":"type-product","3":"status-publish","4":"has-post-thumbnail","6":"product_cat-categoria-clavadoras","7":"product_tag-alquiler-clavadora-de-estacas","8":"product_tag-alquiler-clavadora-de-postes","9":"product_tag-alquiler-de-clavadora-de-postes","10":"product_tag-alquiler-hincadora-de-postes","11":"product_tag-alquiler-hincadora-de-postes-mexico","12":"product_tag-amazon-clavaestacas","13":"product_tag-bat-de-los-pontones-cabritu-a-la-estaca","14":"product_tag-bata-estaca","15":"product_tag-bata-estaca-manual","16":"product_tag-bate-estaca","17":"product_tag-bate-estaca-a-venda","18":"product_tag-bate-estaca-bjj","19":"product_tag-bate-estaca-gays","20":"product_tag-bate-estaca-golpe","21":"product_tag-bate-estaca-hidraulico","22":"product_tag-bate-estaca-in-english","23":"product_tag-bate-estaca-manual","24":"product_tag-bate-estaca-meaning","25":"product_tag-bate-estaca-sex","26":"product_tag-bate-estaca-sexo","27":"product_tag-bate-estaca-traduccion","28":"product_tag-bate-estaca-vs-hill","29":"product_tag-bate-estaca-vs-junama","30":"product_tag-bate-estaca-vs-junama-combate-inteiro","31":"product_tag-bate-estacas","32":"product_tag-bate-estacas-a-gasolina","33":"product_tag-bate-estacas-carmo","34":"product_tag-bate-estacas-gasolina","35":"product_tag-bate-estacas-iberfence","36":"product_tag-bate-estacas-manual","37":"product_tag-bate-estacas-portugal","38":"product_tag-bate-estacas-forestales","39":"product_tag-bate-estacas-manuales","40":"product_tag-bate-estacas-traduccion-al-espaaol","41":"product_tag-bater-estaca","42":"product_tag-battipali","43":"product_tag-cabo-estaca-de-bates","44":"product_tag-carmo","45":"product_tag-clavador-de-estacas","46":"product_tag-clavador-de-estacas-a-gasolina","47":"product_tag-clavador-de-estacas-a-motor","48":"product_tag-clavador-de-estacas-de-ocasion","49":"product_tag-clavador-de-estacas-de-riego-por-goteo","50":"product_tag-clavador-de-estacas-hidraulico","51":"product_tag-clavador-de-estacas-hidraulico-de-ocasion","52":"product_tag-clavador-de-estacas-manual","53":"product_tag-clavador-de-estacas-para-tractor","54":"product_tag-clavador-de-estacas-sumigas","55":"product_tag-clavador-de-poste-madera","56":"product_tag-clavador-de-postes","57":"product_tag-clavador-de-postes-hidraulico","58":"product_tag-clavador-de-postes-honda","59":"product_tag-clavador-de-postes-manual","60":"product_tag-clavador-de-postes-para-tractor","61":"product_tag-clavador-manual-de-postes","62":"product_tag-clavadora-de-estacas","63":"product_tag-clavadora-de-estacas-alpina","64":"product_tag-clavadora-de-estacas-alquiler","65":"product_tag-clavadora-de-estacas-amazon","66":"product_tag-clavadora-de-estacas-carmo","67":"product_tag-clavadora-de-estacas-de-gasolina","68":"product_tag-clavadora-de-estacas-de-tractor","69":"product_tag-clavadora-de-estacas-greencut","70":"product_tag-clavadora-de-estacas-hidraulica","71":"product_tag-clavadora-de-estacas-ibf-52","72":"product_tag-clavadora-de-estacas-manual","73":"product_tag-clavadora-de-estacas-para-tractor","74":"product_tag-clavadora-de-estacas-precio","75":"product_tag-clavadora-de-estacas-stihl","76":"product_tag-clavadora-de-estacas-y-postes","77":"product_tag-clavadora-de-poste-gipple-precio","78":"product_tag-clavadora-de-poste-precio","79":"product_tag-clavadora-de-postes","80":"product_tag-clavadora-de-postes-a-gasolina","81":"product_tag-clavadora-de-postes-alquiler","82":"product_tag-clavadora-de-postes-carmo","83":"product_tag-clavadora-de-postes-casera","84":"product_tag-clavadora-de-postes-de-china","85":"product_tag-clavadora-de-postes-de-gasolina","86":"product_tag-clavadora-de-postes-de-madera","87":"product_tag-clavadora-de-postes-electrica","88":"product_tag-clavadora-de-postes-gasolina","89":"product_tag-clavadora-de-postes-gripple","90":"product_tag-clavadora-de-postes-hidraulica","91":"product_tag-clavadora-de-postes-hidravlica","92":"product_tag-clavadora-de-postes-honda","93":"product_tag-clavadora-de-postes-manual","94":"product_tag-clavadora-de-postes-neumatica","95":"product_tag-clavadora-de-postes-para-tractor","96":"product_tag-clavadora-de-postes-para-tractor-alquiler","97":"product_tag-clavadora-de-postes-para-viaa","98":"product_tag-clavadora-de-postes-por-vibracian-vibrescopic-ii","99":"product_tag-clavadora-de-postes-por-vibracian-vibrescopic-ii-toutube","100":"product_tag-clavadora-de-postes-precio","101":"product_tag-clavadora-de-postes-segunda-mano","102":"product_tag-clavadora-de-postes-tractor","103":"product_tag-clavadora-de-postes-tractor-segunda-mano","104":"product_tag-clavadora-de-postes-valencia","105":"product_tag-clavadora-manual-de-estacas-para-emparrados","106":"product_tag-clavadora-postes-de-madera","107":"product_tag-clavadoras-de-estacas","108":"product_tag-clavadoras-de-postes","109":"product_tag-clavadoras-de-postes-al-tractor","110":"product_tag-clavadoras-de-postes-de-valla","111":"product_tag-clavadoras-para-postes-de-gasolina","112":"product_tag-clavaestacas-carmo","113":"product_tag-clavaestacas-gasolina-jopi","114":"product_tag-clavaestacas-com","115":"product_tag-como-funciona-el-clavador-de-postes-y-estacas","116":"product_tag-comprar-bate-estaca","117":"product_tag-comprar-clavador-de-estacas","118":"product_tag-comprar-clavador-de-estacas-manual","119":"product_tag-comprar-clavador-de-postes-manual","120":"product_tag-easypetrol","121":"product_tag-estaca-bates-septentrional","122":"product_tag-greencut-cla40000-clavadora-de-estacas","123":"product_tag-hincador-de-postes","124":"product_tag-hincadora-de-postes","125":"product_tag-hincadora-de-postes-comprar","126":"product_tag-hincadora-de-postes-faga","127":"product_tag-hincadora-de-postes-ganaderos","128":"product_tag-hincadora-de-postes-gasolina","129":"product_tag-hincadora-de-postes-hidraulica","130":"product_tag-hincadora-de-postes-hidraulica-de-marca-faga","131":"product_tag-hincadora-de-postes-hidraulica-de-marca-faga-modelo-mhp-250","132":"product_tag-hincadora-de-postes-hidraulica-de-marca-faga-modelo-mhp-250-precio","133":"product_tag-hincadora-de-postes-manual","134":"product_tag-hincadora-de-postes-manual-financiacion","135":"product_tag-hincadora-de-postes-manual-ocasion","136":"product_tag-hincadora-de-postes-medina-de-pomar","137":"product_tag-hincadora-de-postes-metalicos","138":"product_tag-hincadora-de-postes-mini-excavadora","139":"product_tag-hincadora-de-postes-peso","140":"product_tag-hincadora-de-postes-precio","141":"product_tag-hincadora-de-postes-precio-de-traccion-humamana","142":"product_tag-hincadora-de-postes-segunda-mano","143":"product_tag-hincadora-de-postes-tractor","144":"product_tag-hincadora-de-postes-usada","145":"product_tag-hincadora-de-postes-usadas","146":"product_tag-hincadora-de-postes-y-perfiles","147":"product_tag-hincadora-manual-de-postes","148":"product_tag-hincadoras-de-postes","149":"product_tag-hincadoras-de-postes-de-valla","150":"product_tag-hincadoras-de-postes-en-el-salv","151":"product_tag-hincadores-de-postes","152":"product_tag-hincadores-de-postes-madrid","153":"product_tag-ibf-82","154":"product_tag-joanna-jedrzejczyk-x-jassica-bate-estaca-2017","155":"product_tag-luta-bate-estaca-x-hill","156":"product_tag-lutas-ufc-211-bate-estaca","157":"product_tag-maquina-bate-estaca","158":"product_tag-maquina-clavadora-de-estacas","159":"product_tag-maquina-clavadora-de-postes","160":"product_tag-maquina-de-bate-estaca","161":"product_tag-maquina-hincadora-de-postes","162":"product_tag-maquina-hincadora-de-postes-modelos","163":"product_tag-maquina-hincadora-de-postes-paneles-solares","164":"product_tag-maquina-hincadora-de-postes-para-cercados-agricolas","165":"product_tag-maquina-hincadora-de-postes-para-cerramientos-agricolas","166":"product_tag-maquina-hincadora-de-postes-segunda-mano","167":"product_tag-maquinas-hincadoras-de-postes","168":"product_tag-maquina-hincadora-de-postes-precio","169":"product_tag-maquinas-bate-estacas","170":"product_tag-mma-jessica-bate-estaca-x-angela-hill-levam-luta","171":"product_tag-o-del-bate-estaca-de-jessica-andrade","172":"product_tag-pile-driver","173":"product_tag-piledriver","174":"product_tag-post-driver","175":"product_tag-post-pounder","176":"product_tag-postdriver","177":"product_tag-precio-de-una-hincadora-de-postes-valla-trafico","178":"product_tag-precio-hincadora-motorizada-de-postes","179":"product_tag-punta-estaca-de-bates","180":"product_tag-tiempo-boya-estaca-de-bates","181":"product_tag-titan-post-driver","182":"product_tag-trabajo-clavadora-de-postes","183":"product_tag-venta-clavadora-de-postes","184":"product_tag-venta-de-bate-estacas","185":"product_tag-venta-de-clavadora-de-postes","186":"product_tag-venta-de-hincadora-de-postes","187":"product_tag-video-luta-bate-estaca-x-hill","188":"product_tag-weili-zhang-venceu-jassica-bate-estaca","189":"product_tag-winfinder-estaca-de-bates-faro","191":"first","192":"instock","193":"taxable","194":"shipping-taxable","195":"purchasable","196":"product-type-variable","197":"has-default-attributes"},"_links":{"self":[{"href":"https:\/\/iberfence.com\/es\/wp-json\/wp\/v2\/product\/3915","targetHints":{"allow":["GET"]}}],"collection":[{"href":"https:\/\/iberfence.com\/es\/wp-json\/wp\/v2\/product"}],"about":[{"href":"https:\/\/iberfence.com\/es\/wp-json\/wp\/v2\/types\/product"}],"version-history":[{"count":12,"href":"https:\/\/iberfence.com\/es\/wp-json\/wp\/v2\/product\/3915\/revisions"}],"predecessor-version":[{"id":8531,"href":"https:\/\/iberfence.com\/es\/wp-json\/wp\/v2\/product\/3915\/revisions\/8531"}],"wp:featuredmedia":[{"embeddable":true,"href":"https:\/\/iberfence.com\/es\/wp-json\/wp\/v2\/media\/4012"}],"wp:attachment":[{"href":"https:\/\/iberfence.com\/es\/wp-json\/wp\/v2\/media?parent=3915"}],"wp:term":[{"taxonomy":"product_brand","embeddable":true,"href":"https:\/\/iberfence.com\/es\/wp-json\/wp\/v2\/product_brand?post=3915"},{"taxonomy":"product_cat","embeddable":true,"href":"https:\/\/iberfence.com\/es\/wp-json\/wp\/v2\/product_cat?post=3915"},{"taxonomy":"product_tag","embeddable":true,"href":"https:\/\/iberfence.com\/es\/wp-json\/wp\/v2\/product_tag?post=3915"}],"curies":[{"name":"wp","href":"https:\/\/api.w.org\/{rel}","templated":true}]}}