{"id":3746,"date":"2023-03-02T12:50:15","date_gmt":"2023-03-02T10:50:15","guid":{"rendered":"https:\/\/iberfence.com\/?post_type=product&#038;p=3746"},"modified":"2023-12-27T15:01:12","modified_gmt":"2023-12-27T13:01:12","slug":"retenedor-farmer","status":"publish","type":"product","link":"https:\/\/iberfence.com\/es\/producto\/retenedor-farmer\/","title":{"rendered":"Retenedor para bocal de 100mm serie Farmer"},"content":{"rendered":"<p>Aumenta la capacidad de adaptar reductores para postes m\u00e1s peque\u00f1os en la clavadora Farmer 120.<\/p>\n<p>Se recomienda para un clavado m\u00e1s eficiente, primero hacer un agujero piloto en el suelo. El tama\u00f1o recomendado es un agujero de 50mm. Si el suelo es muy duro o seco, llene el orificio con agua y d\u00e9jelo en remojo antes de clavar los postes en el suelo.<\/p>\n<p><strong>Tama\u00f1o<\/strong><\/p>\n<p>Di\u00e1metro interior de 100mm.<\/p>\n<p><strong>Facil de instalar<\/strong><\/p>\n<p>Coloque el retenedor en su lugar y f\u00edjelo con los tornillos. Recuerde usar un compuesto fijador en las roscas de los tornillos para evitar que vibren.<\/p>\n<p><strong>\u00bfQu\u00e9 adaptadores necesito?<\/strong><\/p>\n<p>Para obtener el uso m\u00e1s eficaz de la clavadora, el tama\u00f1o del adaptador debe ajustarse perfectamente a sus postes. Recomendamos que el adaptador no sea m\u00e1s de 5-10 mm m\u00e1s grande que su poste. Para postes perfilados; cuadrados\/formas de T, etc., las esquinas exteriores deben estar dentro de esta capacidad.<\/p>\n<p>Si no est\u00e1 seguro de qu\u00e9 adaptador es el adecuado para usted, p\u00f3ngase en contacto con nosotros para obtener asesoramiento espec\u00edfico para su aplicaci\u00f3n.<\/p>\n<p>No incluye adaptadores reductores<\/p>\n<p>Material: Acero<\/p>\n","protected":false},"excerpt":{"rendered":"<p>Aumenta la capacidad de adaptar reductores para postes m\u00e1s peque\u00f1os en la clavadora Farmer 120. Se recomienda para un clavado m\u00e1s eficiente, primero hacer un agujero piloto en el suelo. El tama\u00f1o recomendado es un agujero de 50mm. Si el suelo es muy duro o seco, llene el orificio con agua y d\u00e9jelo en remojo [&hellip;]<\/p>\n","protected":false},"featured_media":3751,"template":"","meta":{"_joinchat":[]},"product_brand":[],"product_cat":[34],"product_tag":[567,342,346,581,351,52,352,354,579,378],"class_list":{"0":"post-3746","1":"product","2":"type-product","3":"status-publish","4":"has-post-thumbnail","6":"product_cat-categoria-accesorios","7":"product_tag-adaptador","8":"product_tag-alquiler-clavadora-de-postes","9":"product_tag-alquiler-de-clavadora-de-postes","10":"product_tag-clavado-de-estacas-de-castano","11":"product_tag-clavador-manual-de-postes","12":"product_tag-clavadora-de-estacas","13":"product_tag-clavadora-de-poste-gipple-precio","14":"product_tag-clavadora-de-postes-a-gasolina","15":"product_tag-farmer","16":"product_tag-hincador-de-postes","18":"first","19":"instock","20":"taxable","21":"shipping-taxable","22":"purchasable","23":"product-type-simple"},"_links":{"self":[{"href":"https:\/\/iberfence.com\/es\/wp-json\/wp\/v2\/product\/3746","targetHints":{"allow":["GET"]}}],"collection":[{"href":"https:\/\/iberfence.com\/es\/wp-json\/wp\/v2\/product"}],"about":[{"href":"https:\/\/iberfence.com\/es\/wp-json\/wp\/v2\/types\/product"}],"version-history":[{"count":0,"href":"https:\/\/iberfence.com\/es\/wp-json\/wp\/v2\/product\/3746\/revisions"}],"wp:featuredmedia":[{"embeddable":true,"href":"https:\/\/iberfence.com\/es\/wp-json\/wp\/v2\/media\/3751"}],"wp:attachment":[{"href":"https:\/\/iberfence.com\/es\/wp-json\/wp\/v2\/media?parent=3746"}],"wp:term":[{"taxonomy":"product_brand","embeddable":true,"href":"https:\/\/iberfence.com\/es\/wp-json\/wp\/v2\/product_brand?post=3746"},{"taxonomy":"product_cat","embeddable":true,"href":"https:\/\/iberfence.com\/es\/wp-json\/wp\/v2\/product_cat?post=3746"},{"taxonomy":"product_tag","embeddable":true,"href":"https:\/\/iberfence.com\/es\/wp-json\/wp\/v2\/product_tag?post=3746"}],"curies":[{"name":"wp","href":"https:\/\/api.w.org\/{rel}","templated":true}]}}