{"id":3616,"date":"2023-03-01T00:52:55","date_gmt":"2023-02-28T22:52:55","guid":{"rendered":"https:\/\/iberfence.com\/?post_type=product&#038;p=3616"},"modified":"2026-02-27T11:02:12","modified_gmt":"2026-02-27T09:02:12","slug":"pilot-core-tool","status":"publish","type":"product","link":"https:\/\/iberfence.com\/es\/producto\/pilot-core-tool\/","title":{"rendered":"Pilot Core Tool"},"content":{"rendered":"<p>La herramienta Pilot Core le permite clavar postes en condiciones de terreno dif\u00edciles.<br \/>\nElimina parte de tierra del suelo antes de clavar las estacas.<\/p>\n<p>Cuando el suelo es duro, completamente seco o rocoso, permite que el trabajo se realice en cualquier condici\u00f3n y acelera el tiempo total de clavar cada poste.<\/p>\n<p>Tambi\u00e9n se recomienda cuando el suelo est\u00e1 formado por arcilla pesada o tiza.<\/p>\n<p>Aumente la productividad con postes de 90 mm a 100 mm de di\u00e1metro.<br \/>\nCabezal de corte tratado t\u00e9rmicamente; extremadamente duro y duradero.<\/p>\n","protected":false},"excerpt":{"rendered":"<h5>Video demostrativo de uso<\/h5>\n<p>&nbsp;<\/p>\n<p>&nbsp;<\/p>\n<p>Si el suelo est\u00e1 excepcionalmente seco, llene el hoyo con agua y d\u00e9jelo en remojo durante unos minutos. Un mayor contenido de humedad en el suelo permitir\u00e1 que las estacas se hinquen mucho m\u00e1s r\u00e1pido.<\/p>\n<p><img fetchpriority=\"high\" decoding=\"async\" class=\"size-medium wp-image-3620 aligncenter\" src=\"https:\/\/iberfence.com\/wp-content\/uploads\/2023\/03\/SUELO-ROCOSO-SECO-Y-DURO-300x300.png\" alt=\"\" width=\"300\" height=\"300\" srcset=\"https:\/\/iberfence.com\/wp-content\/uploads\/2023\/03\/SUELO-ROCOSO-SECO-Y-DURO-300x300.png 300w, https:\/\/iberfence.com\/wp-content\/uploads\/2023\/03\/SUELO-ROCOSO-SECO-Y-DURO-250x250.png 250w, https:\/\/iberfence.com\/wp-content\/uploads\/2023\/03\/SUELO-ROCOSO-SECO-Y-DURO-100x100.png 100w, https:\/\/iberfence.com\/wp-content\/uploads\/2023\/03\/SUELO-ROCOSO-SECO-Y-DURO-500x500.png 500w, https:\/\/iberfence.com\/wp-content\/uploads\/2023\/03\/SUELO-ROCOSO-SECO-Y-DURO-1024x1024.png 1024w, https:\/\/iberfence.com\/wp-content\/uploads\/2023\/03\/SUELO-ROCOSO-SECO-Y-DURO-150x150.png 150w, https:\/\/iberfence.com\/wp-content\/uploads\/2023\/03\/SUELO-ROCOSO-SECO-Y-DURO-768x768.png 768w, https:\/\/iberfence.com\/wp-content\/uploads\/2023\/03\/SUELO-ROCOSO-SECO-Y-DURO-1536x1536.png 1536w, https:\/\/iberfence.com\/wp-content\/uploads\/2023\/03\/SUELO-ROCOSO-SECO-Y-DURO-2048x2048.png 2048w\" sizes=\"(max-width: 300px) 100vw, 300px\" \/><\/p>\n<p>&nbsp;<\/p>\n<p><em>Requiere Iberfence IBF-107 by Easy Petrol con Magnum Adapter (se vende por separado)<\/em><\/p>\n","protected":false},"featured_media":3618,"template":"","meta":{"_joinchat":[]},"product_brand":[],"product_cat":[34],"product_tag":[],"class_list":{"0":"post-3616","1":"product","2":"type-product","3":"status-publish","4":"has-post-thumbnail","6":"product_cat-categoria-accesorios","8":"first","9":"instock","10":"taxable","11":"shipping-taxable","12":"purchasable","13":"product-type-simple"},"_links":{"self":[{"href":"https:\/\/iberfence.com\/es\/wp-json\/wp\/v2\/product\/3616","targetHints":{"allow":["GET"]}}],"collection":[{"href":"https:\/\/iberfence.com\/es\/wp-json\/wp\/v2\/product"}],"about":[{"href":"https:\/\/iberfence.com\/es\/wp-json\/wp\/v2\/types\/product"}],"version-history":[{"count":2,"href":"https:\/\/iberfence.com\/es\/wp-json\/wp\/v2\/product\/3616\/revisions"}],"predecessor-version":[{"id":8724,"href":"https:\/\/iberfence.com\/es\/wp-json\/wp\/v2\/product\/3616\/revisions\/8724"}],"wp:featuredmedia":[{"embeddable":true,"href":"https:\/\/iberfence.com\/es\/wp-json\/wp\/v2\/media\/3618"}],"wp:attachment":[{"href":"https:\/\/iberfence.com\/es\/wp-json\/wp\/v2\/media?parent=3616"}],"wp:term":[{"taxonomy":"product_brand","embeddable":true,"href":"https:\/\/iberfence.com\/es\/wp-json\/wp\/v2\/product_brand?post=3616"},{"taxonomy":"product_cat","embeddable":true,"href":"https:\/\/iberfence.com\/es\/wp-json\/wp\/v2\/product_cat?post=3616"},{"taxonomy":"product_tag","embeddable":true,"href":"https:\/\/iberfence.com\/es\/wp-json\/wp\/v2\/product_tag?post=3616"}],"curies":[{"name":"wp","href":"https:\/\/api.w.org\/{rel}","templated":true}]}}