{"id":3607,"date":"2023-03-01T00:43:26","date_gmt":"2023-02-28T22:43:26","guid":{"rendered":"https:\/\/iberfence.com\/?post_type=product&#038;p=3607"},"modified":"2026-02-27T11:02:31","modified_gmt":"2026-02-27T09:02:31","slug":"reductor-54mm-2-desde-84mm","status":"publish","type":"product","link":"https:\/\/iberfence.com\/es\/producto\/reductor-54mm-2-desde-84mm\/","title":{"rendered":"Reductor 54mm (2&#8243;) desde 84mm"},"content":{"rendered":"<p>Di\u00e1metro interno de 54mm redondo. Este adaptador cabe dentro de un adaptador redondo de 84 mm para colocar postes de 1&#8243;. Adecuado para insertar anclajes de suelo.<\/p>\n<p><strong>Facil de instalar<\/strong><\/p>\n<p>Se desliza hacia adentro y hacia afuera con juntas t\u00f3ricas de goma.<\/p>\n<p><strong>\u00bfQu\u00e9 adaptadores necesito?<\/strong><\/p>\n<p>Para obtener el uso m\u00e1s eficaz de la clavadora, el tama\u00f1o del adaptador debe ajustarse perfectamente a sus postes. Recomendamos que el adaptador no sea m\u00e1s de 5-10 mm m\u00e1s grande que su poste. Para postes perfilados; cuadrados\/formas de T, etc., las esquinas exteriores deben estar dentro de esta capacidad.<\/p>\n<p>Si no est\u00e1 seguro de qu\u00e9 adaptador es el adecuado para usted, p\u00f3ngase en contacto con nosotros para obtener asesoramiento espec\u00edfico para su aplicaci\u00f3n.<\/p>\n<p>Material: Aluminio<\/p>\n","protected":false},"excerpt":{"rendered":"<p>&nbsp;<\/p>\n<p>&nbsp;<\/p>\n<p><img fetchpriority=\"high\" decoding=\"async\" class=\"aligncenter wp-image-3609 size-large\" src=\"https:\/\/iberfence.com\/wp-content\/uploads\/2023\/03\/Scaffold-Poles-Events-Industry-2-Easy-Petrol-Post-Driver_1200x-1024x768.webp\" alt=\"\" width=\"800\" height=\"600\" srcset=\"https:\/\/iberfence.com\/wp-content\/uploads\/2023\/03\/Scaffold-Poles-Events-Industry-2-Easy-Petrol-Post-Driver_1200x-1024x768.webp 1024w, https:\/\/iberfence.com\/wp-content\/uploads\/2023\/03\/Scaffold-Poles-Events-Industry-2-Easy-Petrol-Post-Driver_1200x-250x188.webp 250w, https:\/\/iberfence.com\/wp-content\/uploads\/2023\/03\/Scaffold-Poles-Events-Industry-2-Easy-Petrol-Post-Driver_1200x-500x375.webp 500w, https:\/\/iberfence.com\/wp-content\/uploads\/2023\/03\/Scaffold-Poles-Events-Industry-2-Easy-Petrol-Post-Driver_1200x-300x225.webp 300w, https:\/\/iberfence.com\/wp-content\/uploads\/2023\/03\/Scaffold-Poles-Events-Industry-2-Easy-Petrol-Post-Driver_1200x-768x576.webp 768w, https:\/\/iberfence.com\/wp-content\/uploads\/2023\/03\/Scaffold-Poles-Events-Industry-2-Easy-Petrol-Post-Driver_1200x.webp 1200w\" sizes=\"(max-width: 800px) 100vw, 800px\" \/><\/p>\n","protected":false},"featured_media":3608,"template":"","meta":{"_joinchat":[]},"product_brand":[],"product_cat":[34],"product_tag":[574,571,567,566,351,52,352,354,378,569,570,568,573],"class_list":{"0":"post-3607","1":"product","2":"type-product","3":"status-publish","4":"has-post-thumbnail","6":"product_cat-categoria-accesorios","7":"product_tag-32mm","8":"product_tag-78mm","9":"product_tag-adaptador","10":"product_tag-adaptador-para-clavadora","11":"product_tag-clavador-manual-de-postes","12":"product_tag-clavadora-de-estacas","13":"product_tag-clavadora-de-poste-gipple-precio","14":"product_tag-clavadora-de-postes-a-gasolina","15":"product_tag-hincador-de-postes","16":"product_tag-poste-cuadrado","17":"product_tag-poste-de-emparrar","18":"product_tag-poste-redondo","19":"product_tag-reductor","21":"first","22":"instock","23":"taxable","24":"shipping-taxable","25":"purchasable","26":"product-type-simple"},"_links":{"self":[{"href":"https:\/\/iberfence.com\/es\/wp-json\/wp\/v2\/product\/3607","targetHints":{"allow":["GET"]}}],"collection":[{"href":"https:\/\/iberfence.com\/es\/wp-json\/wp\/v2\/product"}],"about":[{"href":"https:\/\/iberfence.com\/es\/wp-json\/wp\/v2\/types\/product"}],"version-history":[{"count":1,"href":"https:\/\/iberfence.com\/es\/wp-json\/wp\/v2\/product\/3607\/revisions"}],"predecessor-version":[{"id":8814,"href":"https:\/\/iberfence.com\/es\/wp-json\/wp\/v2\/product\/3607\/revisions\/8814"}],"wp:featuredmedia":[{"embeddable":true,"href":"https:\/\/iberfence.com\/es\/wp-json\/wp\/v2\/media\/3608"}],"wp:attachment":[{"href":"https:\/\/iberfence.com\/es\/wp-json\/wp\/v2\/media?parent=3607"}],"wp:term":[{"taxonomy":"product_brand","embeddable":true,"href":"https:\/\/iberfence.com\/es\/wp-json\/wp\/v2\/product_brand?post=3607"},{"taxonomy":"product_cat","embeddable":true,"href":"https:\/\/iberfence.com\/es\/wp-json\/wp\/v2\/product_cat?post=3607"},{"taxonomy":"product_tag","embeddable":true,"href":"https:\/\/iberfence.com\/es\/wp-json\/wp\/v2\/product_tag?post=3607"}],"curies":[{"name":"wp","href":"https:\/\/api.w.org\/{rel}","templated":true}]}}