{"id":3586,"date":"2023-03-01T00:07:33","date_gmt":"2023-02-28T22:07:33","guid":{"rendered":"https:\/\/iberfence.com\/?post_type=product&#038;p=3586"},"modified":"2026-02-27T10:55:46","modified_gmt":"2026-02-27T08:55:46","slug":"adaptador-cuadrado-80x80mm-3","status":"publish","type":"product","link":"https:\/\/iberfence.com\/es\/producto\/adaptador-cuadrado-80x80mm-3\/","title":{"rendered":"Adaptador Cuadrado 80x80mm (3&#8243;)"},"content":{"rendered":"<p><strong>Tama\u00f1o<\/strong><\/p>\n<p>Di\u00e1metro interior de 80x80mm. Este adaptador es adecuado para colocar postes cuadrados de 3&#215;3&#8243;.<\/p>\n<p><strong>Facil de instalar<\/strong><\/p>\n<p>Utilice una llave hexagonal de 6 mm para destornillar los 8 pernos y las arandelas de seguridad. Deslice el tubo actual fuera de la base de la clavadora. Deslice el nuevo adaptador en su lugar y f\u00edjelo con los mismos pernos y arandelas. Recuerde usar un compuesto fijador en las roscas de los tornillos para evitar que vibren.<\/p>\n<p><strong>\u00bfQu\u00e9 adaptadores necesito?<\/strong><\/p>\n<p>Para obtener el uso m\u00e1s eficaz de la clavadora, el tama\u00f1o del adaptador debe ajustarse perfectamente a sus postes. Recomendamos que el adaptador no sea m\u00e1s de 5-10 mm m\u00e1s grande que su poste. Para postes perfilados; cuadrados\/formas de T, etc., las esquinas exteriores deben estar dentro de esta capacidad.<\/p>\n<p>Si no est\u00e1 seguro de qu\u00e9 adaptador es el adecuado para usted, p\u00f3ngase en contacto con nosotros para obtener asesoramiento espec\u00edfico para su aplicaci\u00f3n.<\/p>\n<p>Material: Acero<\/p>\n","protected":false},"excerpt":{"rendered":"<p>&nbsp;<\/p>\n<p><img fetchpriority=\"high\" decoding=\"async\" class=\"aligncenter wp-image-3589 size-large\" src=\"https:\/\/iberfence.com\/wp-content\/uploads\/2023\/03\/Timber-Square-80mm-Posts-2-Easy-Petrol-Post-Driver-R_1200x-1024x683.webp\" alt=\"\" width=\"800\" height=\"534\" srcset=\"https:\/\/iberfence.com\/wp-content\/uploads\/2023\/03\/Timber-Square-80mm-Posts-2-Easy-Petrol-Post-Driver-R_1200x-1024x683.webp 1024w, https:\/\/iberfence.com\/wp-content\/uploads\/2023\/03\/Timber-Square-80mm-Posts-2-Easy-Petrol-Post-Driver-R_1200x-250x167.webp 250w, https:\/\/iberfence.com\/wp-content\/uploads\/2023\/03\/Timber-Square-80mm-Posts-2-Easy-Petrol-Post-Driver-R_1200x-500x333.webp 500w, https:\/\/iberfence.com\/wp-content\/uploads\/2023\/03\/Timber-Square-80mm-Posts-2-Easy-Petrol-Post-Driver-R_1200x-300x200.webp 300w, https:\/\/iberfence.com\/wp-content\/uploads\/2023\/03\/Timber-Square-80mm-Posts-2-Easy-Petrol-Post-Driver-R_1200x-768x512.webp 768w, https:\/\/iberfence.com\/wp-content\/uploads\/2023\/03\/Timber-Square-80mm-Posts-2-Easy-Petrol-Post-Driver-R_1200x.webp 1200w\" sizes=\"(max-width: 800px) 100vw, 800px\" \/><\/p>\n","protected":false},"featured_media":3587,"template":"","meta":{"_joinchat":[]},"product_brand":[],"product_cat":[34],"product_tag":[572,567,566,342,346,351,52,352,354,378,569,570],"class_list":{"0":"post-3586","1":"product","2":"type-product","3":"status-publish","4":"has-post-thumbnail","6":"product_cat-categoria-accesorios","7":"product_tag-80mm","8":"product_tag-adaptador","9":"product_tag-adaptador-para-clavadora","10":"product_tag-alquiler-clavadora-de-postes","11":"product_tag-alquiler-de-clavadora-de-postes","12":"product_tag-clavador-manual-de-postes","13":"product_tag-clavadora-de-estacas","14":"product_tag-clavadora-de-poste-gipple-precio","15":"product_tag-clavadora-de-postes-a-gasolina","16":"product_tag-hincador-de-postes","17":"product_tag-poste-cuadrado","18":"product_tag-poste-de-emparrar","20":"first","21":"instock","22":"taxable","23":"shipping-taxable","24":"purchasable","25":"product-type-simple"},"_links":{"self":[{"href":"https:\/\/iberfence.com\/es\/wp-json\/wp\/v2\/product\/3586","targetHints":{"allow":["GET"]}}],"collection":[{"href":"https:\/\/iberfence.com\/es\/wp-json\/wp\/v2\/product"}],"about":[{"href":"https:\/\/iberfence.com\/es\/wp-json\/wp\/v2\/types\/product"}],"version-history":[{"count":1,"href":"https:\/\/iberfence.com\/es\/wp-json\/wp\/v2\/product\/3586\/revisions"}],"predecessor-version":[{"id":8815,"href":"https:\/\/iberfence.com\/es\/wp-json\/wp\/v2\/product\/3586\/revisions\/8815"}],"wp:featuredmedia":[{"embeddable":true,"href":"https:\/\/iberfence.com\/es\/wp-json\/wp\/v2\/media\/3587"}],"wp:attachment":[{"href":"https:\/\/iberfence.com\/es\/wp-json\/wp\/v2\/media?parent=3586"}],"wp:term":[{"taxonomy":"product_brand","embeddable":true,"href":"https:\/\/iberfence.com\/es\/wp-json\/wp\/v2\/product_brand?post=3586"},{"taxonomy":"product_cat","embeddable":true,"href":"https:\/\/iberfence.com\/es\/wp-json\/wp\/v2\/product_cat?post=3586"},{"taxonomy":"product_tag","embeddable":true,"href":"https:\/\/iberfence.com\/es\/wp-json\/wp\/v2\/product_tag?post=3586"}],"curies":[{"name":"wp","href":"https:\/\/api.w.org\/{rel}","templated":true}]}}