{"id":3510,"date":"2023-02-28T14:18:13","date_gmt":"2023-02-28T12:18:13","guid":{"rendered":"https:\/\/iberfence.com\/?post_type=product&#038;p=3510"},"modified":"2026-02-27T11:05:11","modified_gmt":"2026-02-27T09:05:11","slug":"caja-protectora-para-ibf-107-by-easy-petrol","status":"publish","type":"product","link":"https:\/\/iberfence.com\/es\/producto\/caja-protectora-para-ibf-107-by-easy-petrol\/","title":{"rendered":"Caja protectora para IBF-107 by Easy Petrol"},"content":{"rendered":"<p>Proteja su IBF-107 by Easy Petrol con nuestra Tough Box hecha a medida.<\/p>\n<p>Brinda un amplio espacio para proteger y organizar su m\u00e1quina y sus accesorios.<\/p>\n<p><strong>Lata de combustible<\/strong><br \/>\nEn la Tough Box se incluye una lata de combustible de 1,0 litro. Un tanque de motor lleno m\u00e1s esta lata de combustible proporciona suficiente gasolina para un d\u00eda entero en el campo.<\/p>\n","protected":false},"excerpt":{"rendered":"<ul>\n<li>Cerraduras y manijas de acero inoxidable.<\/li>\n<li>Herm\u00e9tico al agua.<\/li>\n<li>Dimensiones 74 x 38 x 43 cm<\/li>\n<\/ul>\n<p>NOTA: (Todas las m\u00e1quinas nuevas vienen con una Tough Box como est\u00e1ndar; las im\u00e1genes pueden mostrar una m\u00e1quina que se vende por separado)<\/p>\n","protected":false},"featured_media":3514,"template":"","meta":{"_joinchat":[]},"product_brand":[],"product_cat":[34],"product_tag":[564,555,284,543],"class_list":{"0":"post-3510","1":"product","2":"type-product","3":"status-publish","4":"has-post-thumbnail","6":"product_cat-categoria-accesorios","7":"product_tag-caja","8":"product_tag-easy-petrol","9":"product_tag-easypetrol","10":"product_tag-redi-driver","12":"first","13":"instock","14":"taxable","15":"shipping-taxable","16":"purchasable","17":"product-type-simple"},"_links":{"self":[{"href":"https:\/\/iberfence.com\/es\/wp-json\/wp\/v2\/product\/3510","targetHints":{"allow":["GET"]}}],"collection":[{"href":"https:\/\/iberfence.com\/es\/wp-json\/wp\/v2\/product"}],"about":[{"href":"https:\/\/iberfence.com\/es\/wp-json\/wp\/v2\/types\/product"}],"version-history":[{"count":1,"href":"https:\/\/iberfence.com\/es\/wp-json\/wp\/v2\/product\/3510\/revisions"}],"predecessor-version":[{"id":7299,"href":"https:\/\/iberfence.com\/es\/wp-json\/wp\/v2\/product\/3510\/revisions\/7299"}],"wp:featuredmedia":[{"embeddable":true,"href":"https:\/\/iberfence.com\/es\/wp-json\/wp\/v2\/media\/3514"}],"wp:attachment":[{"href":"https:\/\/iberfence.com\/es\/wp-json\/wp\/v2\/media?parent=3510"}],"wp:term":[{"taxonomy":"product_brand","embeddable":true,"href":"https:\/\/iberfence.com\/es\/wp-json\/wp\/v2\/product_brand?post=3510"},{"taxonomy":"product_cat","embeddable":true,"href":"https:\/\/iberfence.com\/es\/wp-json\/wp\/v2\/product_cat?post=3510"},{"taxonomy":"product_tag","embeddable":true,"href":"https:\/\/iberfence.com\/es\/wp-json\/wp\/v2\/product_tag?post=3510"}],"curies":[{"name":"wp","href":"https:\/\/api.w.org\/{rel}","templated":true}]}}