{"id":2633,"date":"2023-02-02T23:51:33","date_gmt":"2023-02-02T21:51:33","guid":{"rendered":"https:\/\/iberfence.com\/?post_type=product&#038;p=2633"},"modified":"2024-10-22T13:40:58","modified_gmt":"2024-10-22T11:40:58","slug":"gripple-jackjaw-extractor","status":"publish","type":"product","link":"https:\/\/iberfence.com\/es\/producto\/gripple-jackjaw-extractor\/","title":{"rendered":"Gripple JackJaw\u00ae extractor"},"content":{"rendered":"<p>JackJaw es una herramienta extractora de postes, estacas, anclas de suelo, etc; perfecta para usar en aplicaciones de huertas, vi\u00f1edos, control de erosi\u00f3n y estabilizaci\u00f3n de suelos.<\/p>\n","protected":false},"excerpt":{"rendered":"<ul>\n<li>El mecanismo de mordaza y palanca facilita el trabajo de extracci\u00f3n<\/li>\n<li>Ideal para huertos\/vi\u00f1edos, control de erosi\u00f3n, vallas de hormig\u00f3n y aplicaciones de se\u00f1alizaci\u00f3n DOT.<\/li>\n<li>Tira hacia arriba, extrayendo sin doblar<\/li>\n<li>Elimina la carga lateral y la tensi\u00f3n resultante en la espalda del operador<\/li>\n<li>Elimina maquinaria pesada y ahorra mano de obra<\/li>\n<li>Hecho de acero endurecido para una mayor durabilidad.<\/li>\n<\/ul>\n","protected":false},"featured_media":2642,"template":"","meta":{"_joinchat":[]},"product_brand":[],"product_cat":[841,279],"product_tag":[532,522,523,476,499,498,85,494,533,536,537,504,534,850,849,852,851,844,842,845,843,857,856,527,524,505,520,519,521,517,506,507,509,508,474,859,473,528,858,516,503,497,489,518,526,525,853,855,854,531,475,846,847,848,535,529,510,530,513,515,514,512,511],"class_list":{"0":"post-2633","1":"product","2":"type-product","3":"status-publish","4":"has-post-thumbnail","6":"product_cat-extractores","7":"product_cat-gripple","8":"product_tag-alambre","9":"product_tag-ancla","10":"product_tag-anclaje","11":"product_tag-anclas","12":"product_tag-arriostramiento","13":"product_tag-arriostramiento-para-palmeras","14":"product_tag-bulon","15":"product_tag-cepellones","16":"product_tag-control-de-la-erosion","17":"product_tag-control-de-roedores","18":"product_tag-control-hierbas-invasivas","19":"product_tag-ctn","20":"product_tag-estabilizacion-de-taludes","21":"product_tag-estrattore-di-pali","22":"product_tag-extract-stakes","23":"product_tag-extracteur-de-piquets","24":"product_tag-extracteur-de-poteaux","25":"product_tag-extractor-de-estacas","26":"product_tag-extractor-de-postes","27":"product_tag-extraer-estacas","28":"product_tag-extraer-poste","29":"product_tag-extrator-de-estacas","30":"product_tag-extrator-de-postes","31":"product_tag-garrota","32":"product_tag-gavion","33":"product_tag-gcp","34":"product_tag-geocelda","35":"product_tag-geomalla","36":"product_tag-geomembrana","37":"product_tag-geotextil","38":"product_tag-gp1","39":"product_tag-gp2","40":"product_tag-gpcl","41":"product_tag-gpcm","42":"product_tag-gripple","43":"product_tag-gripple-jackjaw","44":"product_tag-gripple-plus","45":"product_tag-gunitado","46":"product_tag-ibf-power-lift","47":"product_tag-jackjaw","48":"product_tag-kit-ctn","49":"product_tag-kit-de-enderezado","50":"product_tag-liner-lock","51":"product_tag-manta","52":"product_tag-micro-pilote","53":"product_tag-muro-krainer","54":"product_tag-paaltrekker","55":"product_tag-pfahlzieher","56":"product_tag-pfostenzieher","57":"product_tag-pinza-tensora","58":"product_tag-piquetas","59":"product_tag-post-extractor","60":"product_tag-pull-out-post","61":"product_tag-stake-extractor","62":"product_tag-taludes","63":"product_tag-tensor","64":"product_tag-tla","65":"product_tag-tractel","66":"product_tag-vara-de-clavado","67":"product_tag-vara-de-clavado-para-gripple","68":"product_tag-vara-de-clavado-para-tla","69":"product_tag-varilla-de-clavado-gripple","70":"product_tag-varilla-de-instalacion-gripple","72":"first","73":"instock","74":"sale","75":"taxable","76":"shipping-taxable","77":"purchasable","78":"product-type-simple"},"_links":{"self":[{"href":"https:\/\/iberfence.com\/es\/wp-json\/wp\/v2\/product\/2633","targetHints":{"allow":["GET"]}}],"collection":[{"href":"https:\/\/iberfence.com\/es\/wp-json\/wp\/v2\/product"}],"about":[{"href":"https:\/\/iberfence.com\/es\/wp-json\/wp\/v2\/types\/product"}],"version-history":[{"count":2,"href":"https:\/\/iberfence.com\/es\/wp-json\/wp\/v2\/product\/2633\/revisions"}],"predecessor-version":[{"id":7247,"href":"https:\/\/iberfence.com\/es\/wp-json\/wp\/v2\/product\/2633\/revisions\/7247"}],"wp:featuredmedia":[{"embeddable":true,"href":"https:\/\/iberfence.com\/es\/wp-json\/wp\/v2\/media\/2642"}],"wp:attachment":[{"href":"https:\/\/iberfence.com\/es\/wp-json\/wp\/v2\/media?parent=2633"}],"wp:term":[{"taxonomy":"product_brand","embeddable":true,"href":"https:\/\/iberfence.com\/es\/wp-json\/wp\/v2\/product_brand?post=2633"},{"taxonomy":"product_cat","embeddable":true,"href":"https:\/\/iberfence.com\/es\/wp-json\/wp\/v2\/product_cat?post=2633"},{"taxonomy":"product_tag","embeddable":true,"href":"https:\/\/iberfence.com\/es\/wp-json\/wp\/v2\/product_tag?post=2633"}],"curies":[{"name":"wp","href":"https:\/\/api.w.org\/{rel}","templated":true}]}}