{"id":2578,"date":"2023-02-02T22:50:13","date_gmt":"2023-02-02T20:50:13","guid":{"rendered":"https:\/\/iberfence.com\/?post_type=product&#038;p=2578"},"modified":"2024-08-14T09:45:41","modified_gmt":"2024-08-14T07:45:41","slug":"gripple-kit-ctn","status":"publish","type":"product","link":"https:\/\/iberfence.com\/es\/producto\/gripple-kit-ctn\/","title":{"rendered":"Gripple Plus"},"content":{"rendered":"<p>La gama de tensores Gripple Plus es adecuada para su uso en cualquier tipo de instalaci\u00f3n de espalderas<\/p>\n","protected":false},"excerpt":{"rendered":"<ul>\n<li>Permite unir y tensar el cable f\u00e1cilmente con la mano<\/li>\n<li>Sin necesidad de anudar alambres, reduce el tiempo de instalaci\u00f3n<\/li>\n<li>Dise\u00f1ado para su uso con alambres de acero suave y alta resistencia<\/li>\n<li>Dise\u00f1ado para soportar grandes cargas<\/li>\n<li>F\u00e1cil de tensar a\u00f1o tras a\u00f1o<\/li>\n<li>Resistente a la corrosi\u00f3n<\/li>\n<\/ul>\n<table>\n<tbody>\n<tr>\n<td>Producto<\/td>\n<td>Dimensiones alambre<\/td>\n<td>Carga m\u00e1xima de trabajo<\/td>\n<\/tr>\n<tr>\n<td>Gripple Plus Small<\/td>\n<td>1,40 mm &#8211; 2,20 mm<\/td>\n<td>300 kg<\/td>\n<\/tr>\n<tr>\n<td>Gripple Plus Medium<\/td>\n<td>2,00 mm &#8211; 3,25 mm<\/td>\n<td>400 kg<\/td>\n<\/tr>\n<tr>\n<td>Gripple Plus Large<\/td>\n<td>3,25 mm &#8211; 4,20 mm<\/td>\n<td>600 kg<\/td>\n<\/tr>\n<\/tbody>\n<\/table>\n<p>Las soluciones de Gripple permiten ahorrar tiempo durante la instalaci\u00f3n gracias a su facilidad de uso y dise\u00f1o intuitivo.<\/p>\n","protected":false},"featured_media":2593,"template":"","meta":{"_joinchat":[]},"product_brand":[],"product_cat":[279],"product_tag":[532,522,523,476,499,498,85,494,533,536,537,504,534,527,524,505,520,519,521,517,506,507,509,508,474,473,528,503,497,489,518,526,525,531,475,535,529,530],"class_list":{"0":"post-2578","1":"product","2":"type-product","3":"status-publish","4":"has-post-thumbnail","6":"product_cat-gripple","7":"product_tag-alambre","8":"product_tag-ancla","9":"product_tag-anclaje","10":"product_tag-anclas","11":"product_tag-arriostramiento","12":"product_tag-arriostramiento-para-palmeras","13":"product_tag-bulon","14":"product_tag-cepellones","15":"product_tag-control-de-la-erosion","16":"product_tag-control-de-roedores","17":"product_tag-control-hierbas-invasivas","18":"product_tag-ctn","19":"product_tag-estabilizacion-de-taludes","20":"product_tag-garrota","21":"product_tag-gavion","22":"product_tag-gcp","23":"product_tag-geocelda","24":"product_tag-geomalla","25":"product_tag-geomembrana","26":"product_tag-geotextil","27":"product_tag-gp1","28":"product_tag-gp2","29":"product_tag-gpcl","30":"product_tag-gpcm","31":"product_tag-gripple","32":"product_tag-gripple-plus","33":"product_tag-gunitado","34":"product_tag-kit-ctn","35":"product_tag-kit-de-enderezado","36":"product_tag-liner-lock","37":"product_tag-manta","38":"product_tag-micro-pilote","39":"product_tag-muro-krainer","40":"product_tag-pinza-tensora","41":"product_tag-piquetas","42":"product_tag-taludes","43":"product_tag-tensor","44":"product_tag-tractel","46":"first","47":"instock","48":"taxable","49":"shipping-taxable","50":"purchasable","51":"product-type-variable"},"_links":{"self":[{"href":"https:\/\/iberfence.com\/es\/wp-json\/wp\/v2\/product\/2578","targetHints":{"allow":["GET"]}}],"collection":[{"href":"https:\/\/iberfence.com\/es\/wp-json\/wp\/v2\/product"}],"about":[{"href":"https:\/\/iberfence.com\/es\/wp-json\/wp\/v2\/types\/product"}],"version-history":[{"count":0,"href":"https:\/\/iberfence.com\/es\/wp-json\/wp\/v2\/product\/2578\/revisions"}],"wp:featuredmedia":[{"embeddable":true,"href":"https:\/\/iberfence.com\/es\/wp-json\/wp\/v2\/media\/2593"}],"wp:attachment":[{"href":"https:\/\/iberfence.com\/es\/wp-json\/wp\/v2\/media?parent=2578"}],"wp:term":[{"taxonomy":"product_brand","embeddable":true,"href":"https:\/\/iberfence.com\/es\/wp-json\/wp\/v2\/product_brand?post=2578"},{"taxonomy":"product_cat","embeddable":true,"href":"https:\/\/iberfence.com\/es\/wp-json\/wp\/v2\/product_cat?post=2578"},{"taxonomy":"product_tag","embeddable":true,"href":"https:\/\/iberfence.com\/es\/wp-json\/wp\/v2\/product_tag?post=2578"}],"curies":[{"name":"wp","href":"https:\/\/api.w.org\/{rel}","templated":true}]}}