{"id":2517,"date":"2023-02-02T20:23:30","date_gmt":"2023-02-02T18:23:30","guid":{"rendered":"https:\/\/iberfence.com\/?post_type=product&#038;p=2517"},"modified":"2023-07-12T12:04:17","modified_gmt":"2023-07-12T10:04:17","slug":"gripple-kit-para-cepellones-rbk","status":"publish","type":"product","link":"https:\/\/iberfence.com\/es\/producto\/gripple-kit-para-cepellones-rbk\/","title":{"rendered":"Gripple Kit para Cepellones (RBK)"},"content":{"rendered":"<p>Sistema de anclaje subterr\u00e1neo dise\u00f1ado para estabilizar \u00e1rboles semi-maduros reci\u00e9n plantados. Cuenta con un sistema de tensi\u00f3n mediante correa para facilitar su uso y se suministra en kits listos para usar.<\/p>\n","protected":false},"excerpt":{"rendered":"<p><span dir=\"ltr\" role=\"presentation\">Los kits de anclaje permiten asegurar y <\/span><span dir=\"ltr\" role=\"presentation\">estabilizar cualquier tipo de \u00e1rbol. Favorecen el <\/span><span dir=\"ltr\" role=\"presentation\">anclaje natural de las ra\u00edces reemplazando los <\/span><span dir=\"ltr\" role=\"presentation\">tutores de madera.<\/span><\/p>\n<p><br role=\"presentation\" \/><span dir=\"ltr\" role=\"presentation\">\u2022<\/span> <span dir=\"ltr\" role=\"presentation\">Instalaci\u00f3n f\u00e1cil, r\u00e1pida y elegante<\/span><br role=\"presentation\" \/><span dir=\"ltr\" role=\"presentation\">\u2022<\/span> <span dir=\"ltr\" role=\"presentation\">Permite al \u00e1rbol crecer de manera natural<\/span><br role=\"presentation\" \/><span dir=\"ltr\" role=\"presentation\">\u2022<\/span> <span dir=\"ltr\" role=\"presentation\">Anclaje en el subsuelo<\/span><br role=\"presentation\" \/><span dir=\"ltr\" role=\"presentation\">\u2022<\/span> <span dir=\"ltr\" role=\"presentation\">Reduce el vandalismo, nada indica que el \u00e1rbol est\u00e9 reci\u00e9n plantado<\/span><br role=\"presentation\" \/><span dir=\"ltr\" role=\"presentation\">\u2022<\/span> <span dir=\"ltr\" role=\"presentation\">Disponible en kits listos para su uso<\/span><br role=\"presentation\" \/><span dir=\"ltr\" role=\"presentation\">\u2022<\/span> <span dir=\"ltr\" role=\"presentation\">Todos los kits est\u00e1n disponibles con 4 puntos de anclaje bajo pedido<\/span><br role=\"presentation\" \/><span dir=\"ltr\" role=\"presentation\">\u2022<\/span> Se instala con la IBF-52<\/p>\n<table>\n<tbody>\n<tr>\n<td><\/td>\n<td>RBK 3<\/td>\n<td>RBK 4<\/td>\n<td>RBK 5<\/td>\n<\/tr>\n<tr>\n<td>Altura<\/td>\n<td>2,5 m &#8211; 4,5 m<\/td>\n<td>4,5 m &#8211; 7,5 m<\/td>\n<td>7,5 m &#8211; 12 m<\/td>\n<\/tr>\n<tr>\n<td>Per\u00edmetro<\/td>\n<td>Hasta 25 cm<\/td>\n<td>Hasta 45 cm<\/td>\n<td>Hasta 75 cm<\/td>\n<\/tr>\n<tr>\n<td>Contenido del kit<\/td>\n<td>3 x Ancla TL-A3<br \/>\n3 x 6\/60 Mosquetones<br \/>\n3 m de cincha con trinquete<\/td>\n<td>3 x Ancla TL-A4<br \/>\n3 x 6\/60 Mosquetones<br \/>\n5 m de cincha con trinquete<\/td>\n<td>3 x Ancla TL-A4<br \/>\n3 x 6\/60 Mosquetones<br \/>\n5 m de cincha con trinquete<\/td>\n<\/tr>\n<tr>\n<td>Informaci\u00f3n del cable<\/td>\n<td>Construcci\u00f3n: 1&#215;19 ZnAl<br \/>\nResistencia a la tracci\u00f3n: 1 770 N\/mm2<br \/>\nLongitud: 1 m<\/td>\n<td>Construcci\u00f3n: 1&#215;19 ZnAl<br \/>\nResistencia a la tracci\u00f3n: 1 770 N\/mm2<br \/>\nLongitud: 1 m<\/td>\n<td>Construcci\u00f3n: 1&#215;19 ZnAl<br \/>\nResistencia a la tracci\u00f3n: 1 770 N\/mm2<br \/>\nLongitud: 1,5 m<\/td>\n<\/tr>\n<tr>\n<td>Herramientas de instalaci\u00f3n<\/td>\n<td>Vara de clavado<br \/>\nDR-A34-1.5M<\/td>\n<td>Vara de clavado<br \/>\nDR-A34-1.5M<\/td>\n<td>Vara de clavado<br \/>\nDR-A34-1.8M<\/td>\n<\/tr>\n<tr>\n<td>M\u00e9todo de instalaci\u00f3n<\/td>\n<td>Clavadora IBF-52<\/td>\n<td>Clavadora IBF-52<\/td>\n<td>Clavadora IBF-82<\/td>\n<\/tr>\n<tr>\n<td>Sistema de tensado<\/td>\n<td>Trinquete<\/td>\n<td>Trinquete<\/td>\n<td>Trinquete<\/td>\n<\/tr>\n<\/tbody>\n<\/table>\n<p>Las soluciones de Gripple permiten ahorrar tiempo durante la instalaci\u00f3n gracias a su facilidad de uso y dise\u00f1o intuitivo. A continuaci\u00f3n, puede ver el producto en acci\u00f3n.<\/p>\n","protected":false},"featured_media":4448,"template":"","meta":{"_joinchat":[]},"product_brand":[],"product_cat":[279],"product_tag":[532,522,523,476,85,494,533,536,537,534,527,524,520,519,521,517,474,473,528,489,518,526,525,531,475,493,535,529,530],"class_list":{"0":"post-2517","1":"product","2":"type-product","3":"status-publish","4":"has-post-thumbnail","6":"product_cat-gripple","7":"product_tag-alambre","8":"product_tag-ancla","9":"product_tag-anclaje","10":"product_tag-anclas","11":"product_tag-bulon","12":"product_tag-cepellones","13":"product_tag-control-de-la-erosion","14":"product_tag-control-de-roedores","15":"product_tag-control-hierbas-invasivas","16":"product_tag-estabilizacion-de-taludes","17":"product_tag-garrota","18":"product_tag-gavion","19":"product_tag-geocelda","20":"product_tag-geomalla","21":"product_tag-geomembrana","22":"product_tag-geotextil","23":"product_tag-gripple","24":"product_tag-gripple-plus","25":"product_tag-gunitado","26":"product_tag-liner-lock","27":"product_tag-manta","28":"product_tag-micro-pilote","29":"product_tag-muro-krainer","30":"product_tag-pinza-tensora","31":"product_tag-piquetas","32":"product_tag-rbk","33":"product_tag-taludes","34":"product_tag-tensor","35":"product_tag-tractel","37":"first","38":"instock","39":"taxable","40":"shipping-taxable","41":"purchasable","42":"product-type-variable"},"_links":{"self":[{"href":"https:\/\/iberfence.com\/es\/wp-json\/wp\/v2\/product\/2517","targetHints":{"allow":["GET"]}}],"collection":[{"href":"https:\/\/iberfence.com\/es\/wp-json\/wp\/v2\/product"}],"about":[{"href":"https:\/\/iberfence.com\/es\/wp-json\/wp\/v2\/types\/product"}],"version-history":[{"count":0,"href":"https:\/\/iberfence.com\/es\/wp-json\/wp\/v2\/product\/2517\/revisions"}],"wp:featuredmedia":[{"embeddable":true,"href":"https:\/\/iberfence.com\/es\/wp-json\/wp\/v2\/media\/4448"}],"wp:attachment":[{"href":"https:\/\/iberfence.com\/es\/wp-json\/wp\/v2\/media?parent=2517"}],"wp:term":[{"taxonomy":"product_brand","embeddable":true,"href":"https:\/\/iberfence.com\/es\/wp-json\/wp\/v2\/product_brand?post=2517"},{"taxonomy":"product_cat","embeddable":true,"href":"https:\/\/iberfence.com\/es\/wp-json\/wp\/v2\/product_cat?post=2517"},{"taxonomy":"product_tag","embeddable":true,"href":"https:\/\/iberfence.com\/es\/wp-json\/wp\/v2\/product_tag?post=2517"}],"curies":[{"name":"wp","href":"https:\/\/api.w.org\/{rel}","templated":true}]}}