{"id":2506,"date":"2023-02-02T20:00:20","date_gmt":"2023-02-02T18:00:20","guid":{"rendered":"https:\/\/iberfence.com\/?post_type=product&#038;p=2506"},"modified":"2024-08-14T09:45:41","modified_gmt":"2024-08-14T07:45:41","slug":"gripple-tl-p","status":"publish","type":"product","link":"https:\/\/iberfence.com\/es\/producto\/gripple-tl-p\/","title":{"rendered":"Gripple TL-P\u2122"},"content":{"rendered":"<p><span dir=\"ltr\" role=\"presentation\">Clavo de anclaje galvanizado. Asegura en su lugar todo tipo de mantas para el control de la erosi\u00f3n y la estabilizaci\u00f3n de suelos.<\/span><\/p>\n","protected":false},"excerpt":{"rendered":"<p>El nuevo TL-P\u2122 asegura en su lugar todo tipo de mantas para el control de la erosi\u00f3n y la estabilizaci\u00f3n de suelos.<\/p>\n<ul>\n<li>F\u00e1cil y r\u00e1pido de instalar con un taladro el\u00e9ctrico est\u00e1ndar<\/li>\n<li>Mayor resistencia al arrancado que clavos y estacas tradicionales<\/li>\n<li>Elimina los tiempos asociados al reemplazo de clavos perdidos por arranque<\/li>\n<li>El innovador dise\u00f1o, pendiente de patente, del portabrocas de instalaci\u00f3n permite clavar el TL-P a m\u00e1xima profundidad sin da\u00f1ar el geotextil<\/li>\n<li>La cabeza con forma de anillo elimina la necesidad de arandelas, distribuyendo la carga y asegurando el geotextil en su lugar<\/li>\n<li>El extremo extendido permite una instalaci\u00f3n r\u00e1pida reduciendo la interacci\u00f3n con la manta durante la instalaci\u00f3n<\/li>\n<\/ul>\n<p>&nbsp;<\/p>\n<p>&nbsp;<\/p>\n<table>\n<tbody>\n<tr>\n<td>Producto<\/td>\n<td>Descripci\u00f3n<\/td>\n<\/tr>\n<tr>\n<td>TL-P1<\/td>\n<td>Dise\u00f1ado para su uso en suelos m\u00e1s blandos<\/td>\n<\/tr>\n<tr>\n<td>TL-P2<\/td>\n<td>Dise\u00f1ado para su uso en suelos m\u00e1s duros.<\/td>\n<\/tr>\n<tr>\n<td>TL-P3<\/td>\n<td>Espec\u00edficamente dise\u00f1ado para cargas m\u00e1s elevadas en suelos m\u00e1s blandos<\/td>\n<\/tr>\n<tr>\n<td>TL-P4<\/td>\n<td>Espec\u00edficamente dise\u00f1ado para su uso en suelos m\u00e1s duros<\/td>\n<\/tr>\n<\/tbody>\n<\/table>\n<p>Las soluciones de Gripple permiten ahorrar tiempo durante la instalaci\u00f3n gracias a su facilidad de uso y dise\u00f1o intuitivo. A continuaci\u00f3n, puede ver el producto en acci\u00f3n.<\/p>\n","protected":false},"featured_media":2508,"template":"","meta":{"_joinchat":[]},"product_brand":[],"product_cat":[279],"product_tag":[532,522,523,476,85,533,536,537,534,527,524,520,519,521,517,474,473,528,489,518,526,525,531,475,535,529,492,530],"class_list":{"0":"post-2506","1":"product","2":"type-product","3":"status-publish","4":"has-post-thumbnail","6":"product_cat-gripple","7":"product_tag-alambre","8":"product_tag-ancla","9":"product_tag-anclaje","10":"product_tag-anclas","11":"product_tag-bulon","12":"product_tag-control-de-la-erosion","13":"product_tag-control-de-roedores","14":"product_tag-control-hierbas-invasivas","15":"product_tag-estabilizacion-de-taludes","16":"product_tag-garrota","17":"product_tag-gavion","18":"product_tag-geocelda","19":"product_tag-geomalla","20":"product_tag-geomembrana","21":"product_tag-geotextil","22":"product_tag-gripple","23":"product_tag-gripple-plus","24":"product_tag-gunitado","25":"product_tag-liner-lock","26":"product_tag-manta","27":"product_tag-micro-pilote","28":"product_tag-muro-krainer","29":"product_tag-pinza-tensora","30":"product_tag-piquetas","31":"product_tag-taludes","32":"product_tag-tensor","33":"product_tag-tl-p1","34":"product_tag-tractel","36":"first","37":"instock","38":"taxable","39":"shipping-taxable","40":"purchasable","41":"product-type-variable"},"_links":{"self":[{"href":"https:\/\/iberfence.com\/es\/wp-json\/wp\/v2\/product\/2506","targetHints":{"allow":["GET"]}}],"collection":[{"href":"https:\/\/iberfence.com\/es\/wp-json\/wp\/v2\/product"}],"about":[{"href":"https:\/\/iberfence.com\/es\/wp-json\/wp\/v2\/types\/product"}],"version-history":[{"count":0,"href":"https:\/\/iberfence.com\/es\/wp-json\/wp\/v2\/product\/2506\/revisions"}],"wp:featuredmedia":[{"embeddable":true,"href":"https:\/\/iberfence.com\/es\/wp-json\/wp\/v2\/media\/2508"}],"wp:attachment":[{"href":"https:\/\/iberfence.com\/es\/wp-json\/wp\/v2\/media?parent=2506"}],"wp:term":[{"taxonomy":"product_brand","embeddable":true,"href":"https:\/\/iberfence.com\/es\/wp-json\/wp\/v2\/product_brand?post=2506"},{"taxonomy":"product_cat","embeddable":true,"href":"https:\/\/iberfence.com\/es\/wp-json\/wp\/v2\/product_cat?post=2506"},{"taxonomy":"product_tag","embeddable":true,"href":"https:\/\/iberfence.com\/es\/wp-json\/wp\/v2\/product_tag?post=2506"}],"curies":[{"name":"wp","href":"https:\/\/api.w.org\/{rel}","templated":true}]}}