{"id":2388,"date":"2023-02-02T14:13:16","date_gmt":"2023-02-02T12:13:16","guid":{"rendered":"https:\/\/iberfence.com\/?post_type=product&#038;p=2388"},"modified":"2023-07-12T12:01:49","modified_gmt":"2023-07-12T10:01:49","slug":"gripple-tl-606-con-ancla-tl-a3","status":"publish","type":"product","link":"https:\/\/iberfence.com\/es\/producto\/gripple-tl-606-con-ancla-tl-a3\/","title":{"rendered":"Gripple TL-606&#x2122; con ancla TL-A3"},"content":{"rendered":"<p><span dir=\"ltr\" role=\"presentation\">TL-606<\/span> <span dir=\"ltr\" role=\"presentation\">con cable de 6 mm de zinc-<\/span><span dir=\"ltr\" role=\"presentation\">aluminio prensado sobre un ancla TL-A3<\/span><br role=\"presentation\" \/><span dir=\"ltr\" role=\"presentation\">Carga de trabajo: 1 220 kg<\/span><\/p>\n","protected":false},"excerpt":{"rendered":"<p>El Terra-Lock<sup>\u00ae<\/sup>\u00a0TL-406&#x2122; es ideal para asegurar geotextiles con un alto rendimiento mientras favorece el crecimiento de la vegetaci\u00f3n.<\/p>\n<ul>\n<li>Los kits est\u00e1n dise\u00f1ados para proporcionar una seguridad de alto<br \/>\nrendimiento<\/li>\n<li>Para usar con cable de acero de 4 mm, construcci\u00f3n 7&#215;19<\/li>\n<li>Sistema flexible y ligero en comparaci\u00f3n con los m\u00e9todos tradicionales<\/li>\n<li>Dise\u00f1ado para resistir a la corrosi\u00f3n<\/li>\n<li>El conjunto pre ensamblado asegura ahorro de tiempo y mano de obra<\/li>\n<li>El tope abierto faciliTa el crecimiento de la vegetaci\u00f3n, mientras mantiene su resistencia<\/li>\n<\/ul>\n<p><img fetchpriority=\"high\" decoding=\"async\" class=\"alignnone size-medium wp-image-2377\" src=\"https:\/\/iberfence.com\/wp-content\/uploads\/2023\/02\/tl406-300x225.webp\" alt=\"\" width=\"300\" height=\"225\" srcset=\"https:\/\/iberfence.com\/wp-content\/uploads\/2023\/02\/tl406-300x225.webp 300w, https:\/\/iberfence.com\/wp-content\/uploads\/2023\/02\/tl406-scaled-250x188.webp 250w, https:\/\/iberfence.com\/wp-content\/uploads\/2023\/02\/tl406-scaled-500x375.webp 500w, https:\/\/iberfence.com\/wp-content\/uploads\/2023\/02\/tl406-1024x768.webp 1024w, https:\/\/iberfence.com\/wp-content\/uploads\/2023\/02\/tl406-768x576.webp 768w, https:\/\/iberfence.com\/wp-content\/uploads\/2023\/02\/tl406-1536x1152.webp 1536w, https:\/\/iberfence.com\/wp-content\/uploads\/2023\/02\/tl406-2048x1536.webp 2048w\" sizes=\"(max-width: 300px) 100vw, 300px\" \/> <img decoding=\"async\" class=\"alignnone size-medium wp-image-2378\" src=\"https:\/\/iberfence.com\/wp-content\/uploads\/2023\/02\/tl4062-300x225.webp\" alt=\"\" width=\"300\" height=\"225\" srcset=\"https:\/\/iberfence.com\/wp-content\/uploads\/2023\/02\/tl4062-300x225.webp 300w, https:\/\/iberfence.com\/wp-content\/uploads\/2023\/02\/tl4062-scaled-250x188.webp 250w, https:\/\/iberfence.com\/wp-content\/uploads\/2023\/02\/tl4062-scaled-500x375.webp 500w, https:\/\/iberfence.com\/wp-content\/uploads\/2023\/02\/tl4062-1024x768.webp 1024w, https:\/\/iberfence.com\/wp-content\/uploads\/2023\/02\/tl4062-768x576.webp 768w, https:\/\/iberfence.com\/wp-content\/uploads\/2023\/02\/tl4062-1536x1152.webp 1536w, https:\/\/iberfence.com\/wp-content\/uploads\/2023\/02\/tl4062-2048x1536.webp 2048w\" sizes=\"(max-width: 300px) 100vw, 300px\" \/><\/p>\n<p>Las soluciones de Gripple permiten ahorrar tiempo durante la instalaci\u00f3n gracias a su facilidad de uso y dise\u00f1o intuitivo. A continuaci\u00f3n, puede ver el producto en acci\u00f3n.<\/p>\n","protected":false},"featured_media":4443,"template":"","meta":{"_joinchat":[]},"product_brand":[],"product_cat":[279],"product_tag":[532,522,523,476,85,533,536,537,534,527,524,520,519,521,517,474,473,528,518,526,525,531,475,535,529,483,478,479,480,530],"class_list":{"0":"post-2388","1":"product","2":"type-product","3":"status-publish","4":"has-post-thumbnail","6":"product_cat-gripple","7":"product_tag-alambre","8":"product_tag-ancla","9":"product_tag-anclaje","10":"product_tag-anclas","11":"product_tag-bulon","12":"product_tag-control-de-la-erosion","13":"product_tag-control-de-roedores","14":"product_tag-control-hierbas-invasivas","15":"product_tag-estabilizacion-de-taludes","16":"product_tag-garrota","17":"product_tag-gavion","18":"product_tag-geocelda","19":"product_tag-geomalla","20":"product_tag-geomembrana","21":"product_tag-geotextil","22":"product_tag-gripple","23":"product_tag-gripple-plus","24":"product_tag-gunitado","25":"product_tag-manta","26":"product_tag-micro-pilote","27":"product_tag-muro-krainer","28":"product_tag-pinza-tensora","29":"product_tag-piquetas","30":"product_tag-taludes","31":"product_tag-tensor","32":"product_tag-tl-606","33":"product_tag-tl-a2","34":"product_tag-tl-a3","35":"product_tag-tl-a4","36":"product_tag-tractel","38":"first","39":"instock","40":"taxable","41":"shipping-taxable","42":"purchasable","43":"product-type-variable"},"_links":{"self":[{"href":"https:\/\/iberfence.com\/es\/wp-json\/wp\/v2\/product\/2388","targetHints":{"allow":["GET"]}}],"collection":[{"href":"https:\/\/iberfence.com\/es\/wp-json\/wp\/v2\/product"}],"about":[{"href":"https:\/\/iberfence.com\/es\/wp-json\/wp\/v2\/types\/product"}],"version-history":[{"count":0,"href":"https:\/\/iberfence.com\/es\/wp-json\/wp\/v2\/product\/2388\/revisions"}],"wp:featuredmedia":[{"embeddable":true,"href":"https:\/\/iberfence.com\/es\/wp-json\/wp\/v2\/media\/4443"}],"wp:attachment":[{"href":"https:\/\/iberfence.com\/es\/wp-json\/wp\/v2\/media?parent=2388"}],"wp:term":[{"taxonomy":"product_brand","embeddable":true,"href":"https:\/\/iberfence.com\/es\/wp-json\/wp\/v2\/product_brand?post=2388"},{"taxonomy":"product_cat","embeddable":true,"href":"https:\/\/iberfence.com\/es\/wp-json\/wp\/v2\/product_cat?post=2388"},{"taxonomy":"product_tag","embeddable":true,"href":"https:\/\/iberfence.com\/es\/wp-json\/wp\/v2\/product_tag?post=2388"}],"curies":[{"name":"wp","href":"https:\/\/api.w.org\/{rel}","templated":true}]}}