{"id":2352,"date":"2023-02-02T13:06:29","date_gmt":"2023-02-02T11:06:29","guid":{"rendered":"https:\/\/iberfence.com\/?post_type=product&#038;p=2352"},"modified":"2023-02-10T11:00:04","modified_gmt":"2023-02-10T09:00:04","slug":"gripple-tl-100-con-ancla-tl-a2-2","status":"publish","type":"product","link":"https:\/\/iberfence.com\/es\/producto\/gripple-tl-100-con-ancla-tl-a2-2\/","title":{"rendered":"Gripple TL-100\u2122 con ancla TL-A2"},"content":{"rendered":"<p><span dir=\"ltr\" role=\"presentation\">TL-100<\/span> <span dir=\"ltr\" role=\"presentation\">con cable de 3 mm de zinc-<\/span><span dir=\"ltr\" role=\"presentation\">aluminio prensado sobre un ancla TL-A2<\/span><\/p>\n<p><span dir=\"ltr\" role=\"presentation\">Carga de trabajo: 225kg<\/span><\/p>\n","protected":false},"excerpt":{"rendered":"<p>Asegura geotextiles y mantas antierosi\u00f3n, facilitando el crecimiento de la vegetaci\u00f3n para aplicaciones de control de la erosi\u00f3n y estabilizaci\u00f3n del suelo.<\/p>\n<p>\u2022 Su tope abierto facilita el crecimiento de la vegetaci\u00f3n<br \/>\n\u2022 Di\u00e1metro del tope 100 mm<br \/>\n\u2022 Para cable de 3 mm<br \/>\n\u2022 Fabricado en una sola pieza de Zamac<br \/>\n\u2022 El conjunto pre ensamblado asegura el ahorro de tiempo y trabajo<br \/>\n\u2022 Se puede cortar el cable a ras de suelo<br \/>\n\u2022 Disponible con cable estandar de 1 m hasta 1,5 m bajo pedido<\/p>\n<p>&nbsp;<\/p>\n<table>\n<tbody>\n<tr>\n<td>Componente<\/td>\n<td>Tipo<\/td>\n<td>Material<\/td>\n<td>Especificaciones<\/td>\n<\/tr>\n<tr>\n<td>Tope<\/td>\n<td>TL-100\u2122<\/td>\n<td>Aleaci\u00f3n de Zinc-Aluminio ZA 2 y<br \/>\ncer\u00e1mica<\/td>\n<td>Di\u00e1metro del tope 100 mm<br \/>\nTemperatura de trabajo: -40 \u00baC a +60 \u00baC<br \/>\nTapa de PP estabilizado con UV<\/td>\n<\/tr>\n<tr>\n<td>Ancla<\/td>\n<td>TL-A2<\/p>\n<p>TL-A3<\/p>\n<p>TL-A4<\/td>\n<td>Aleaci\u00f3n de Zinc-Aluminio &#8211; ZA2<\/td>\n<td>Superficie: 1 940 mm\u00b2<\/p>\n<p>Superficie: 3 870 mm\u00b2<\/p>\n<p>Superficie: 7 740 mm\u00b2<\/td>\n<\/tr>\n<tr>\n<td>Cable Acero<\/td>\n<td>3MM-Z<\/td>\n<td>Zinc-Aluminio Zn-AL<br \/>\nCubierta de acero al carbono<\/td>\n<td>Di\u00e1metro: 3 mm, 1&#215;19 cable<br \/>\n(1 770 N\/mm2 Resistencia a la tracci\u00f3n DIN 3053)<\/td>\n<\/tr>\n<tr>\n<td>Abrazadera<\/td>\n<td>Anillo<\/td>\n<td>Aluminio<\/td>\n<td>Longitud: 12,8 mm<br \/>\nEspesor: 1,5 mm<\/td>\n<\/tr>\n<\/tbody>\n<\/table>\n<p><img fetchpriority=\"high\" decoding=\"async\" class=\"size-medium wp-image-2324 alignleft\" src=\"https:\/\/iberfence.com\/wp-content\/uploads\/2022\/11\/6b2b4a854f73e1e34e3032a4c61b05280f4f6933-300x225.webp\" alt=\"\" width=\"300\" height=\"225\" srcset=\"https:\/\/iberfence.com\/wp-content\/uploads\/2022\/11\/6b2b4a854f73e1e34e3032a4c61b05280f4f6933-300x225.webp 300w, https:\/\/iberfence.com\/wp-content\/uploads\/2022\/11\/6b2b4a854f73e1e34e3032a4c61b05280f4f6933-250x188.webp 250w, https:\/\/iberfence.com\/wp-content\/uploads\/2022\/11\/6b2b4a854f73e1e34e3032a4c61b05280f4f6933-500x375.webp 500w, https:\/\/iberfence.com\/wp-content\/uploads\/2022\/11\/6b2b4a854f73e1e34e3032a4c61b05280f4f6933-768x576.webp 768w, https:\/\/iberfence.com\/wp-content\/uploads\/2022\/11\/6b2b4a854f73e1e34e3032a4c61b05280f4f6933.webp 800w\" sizes=\"(max-width: 300px) 100vw, 300px\" \/> <img decoding=\"async\" class=\"size-medium wp-image-2325 alignleft\" src=\"https:\/\/iberfence.com\/wp-content\/uploads\/2022\/11\/079c9d84642ddda66a1ec80f3939a8dae855ae5d-300x225.webp\" alt=\"\" width=\"300\" height=\"225\" srcset=\"https:\/\/iberfence.com\/wp-content\/uploads\/2022\/11\/079c9d84642ddda66a1ec80f3939a8dae855ae5d-300x225.webp 300w, https:\/\/iberfence.com\/wp-content\/uploads\/2022\/11\/079c9d84642ddda66a1ec80f3939a8dae855ae5d-250x188.webp 250w, https:\/\/iberfence.com\/wp-content\/uploads\/2022\/11\/079c9d84642ddda66a1ec80f3939a8dae855ae5d-500x375.webp 500w, https:\/\/iberfence.com\/wp-content\/uploads\/2022\/11\/079c9d84642ddda66a1ec80f3939a8dae855ae5d-768x576.webp 768w, https:\/\/iberfence.com\/wp-content\/uploads\/2022\/11\/079c9d84642ddda66a1ec80f3939a8dae855ae5d.webp 800w\" sizes=\"(max-width: 300px) 100vw, 300px\" \/><\/p>\n<p>&nbsp;<\/p>\n<p>&nbsp;<\/p>\n<p>&nbsp;<\/p>\n<p>&nbsp;<\/p>\n<p>&nbsp;<\/p>\n<p>&nbsp;<\/p>\n<p>Las soluciones de Gripple permiten ahorrar tiempo durante la instalaci\u00f3n gracias a su facilidad de uso y dise\u00f1o intuitivo. A continuaci\u00f3n, puede ver el producto en acci\u00f3n.<\/p>\n","protected":false},"featured_media":2323,"template":"","meta":{"_joinchat":[]},"product_brand":[],"product_cat":[279],"product_tag":[532,522,523,476,85,533,536,537,534,527,524,520,519,521,517,474,473,528,518,526,525,531,475,535,529,477,478,479,480,530],"class_list":{"0":"post-2352","1":"product","2":"type-product","3":"status-publish","4":"has-post-thumbnail","6":"product_cat-gripple","7":"product_tag-alambre","8":"product_tag-ancla","9":"product_tag-anclaje","10":"product_tag-anclas","11":"product_tag-bulon","12":"product_tag-control-de-la-erosion","13":"product_tag-control-de-roedores","14":"product_tag-control-hierbas-invasivas","15":"product_tag-estabilizacion-de-taludes","16":"product_tag-garrota","17":"product_tag-gavion","18":"product_tag-geocelda","19":"product_tag-geomalla","20":"product_tag-geomembrana","21":"product_tag-geotextil","22":"product_tag-gripple","23":"product_tag-gripple-plus","24":"product_tag-gunitado","25":"product_tag-manta","26":"product_tag-micro-pilote","27":"product_tag-muro-krainer","28":"product_tag-pinza-tensora","29":"product_tag-piquetas","30":"product_tag-taludes","31":"product_tag-tensor","32":"product_tag-tl-100","33":"product_tag-tl-a2","34":"product_tag-tl-a3","35":"product_tag-tl-a4","36":"product_tag-tractel","38":"first","39":"instock","40":"taxable","41":"shipping-taxable","42":"purchasable","43":"product-type-variable"},"_links":{"self":[{"href":"https:\/\/iberfence.com\/es\/wp-json\/wp\/v2\/product\/2352","targetHints":{"allow":["GET"]}}],"collection":[{"href":"https:\/\/iberfence.com\/es\/wp-json\/wp\/v2\/product"}],"about":[{"href":"https:\/\/iberfence.com\/es\/wp-json\/wp\/v2\/types\/product"}],"version-history":[{"count":0,"href":"https:\/\/iberfence.com\/es\/wp-json\/wp\/v2\/product\/2352\/revisions"}],"wp:featuredmedia":[{"embeddable":true,"href":"https:\/\/iberfence.com\/es\/wp-json\/wp\/v2\/media\/2323"}],"wp:attachment":[{"href":"https:\/\/iberfence.com\/es\/wp-json\/wp\/v2\/media?parent=2352"}],"wp:term":[{"taxonomy":"product_brand","embeddable":true,"href":"https:\/\/iberfence.com\/es\/wp-json\/wp\/v2\/product_brand?post=2352"},{"taxonomy":"product_cat","embeddable":true,"href":"https:\/\/iberfence.com\/es\/wp-json\/wp\/v2\/product_cat?post=2352"},{"taxonomy":"product_tag","embeddable":true,"href":"https:\/\/iberfence.com\/es\/wp-json\/wp\/v2\/product_tag?post=2352"}],"curies":[{"name":"wp","href":"https:\/\/api.w.org\/{rel}","templated":true}]}}